{"id":1239,"date":"2020-04-17T13:49:20","date_gmt":"2020-04-17T11:49:20","guid":{"rendered":"https:\/\/www.nettbutikk-tmu.no\/ast\/?page_id=1239"},"modified":"2020-04-17T14:03:20","modified_gmt":"2020-04-17T12:03:20","slug":"personvern","status":"publish","type":"page","link":"https:\/\/www.nettbutikk-tmu.no\/ast\/personvern\/","title":{"rendered":"Personvern"},"content":{"rendered":"<h2>Informasjon vi innhenter<\/h2>\n<!-- \/wp:post-content -->\n\n<!-- wp:paragraph -->\n\nVed bes\u00f8k p\u00e5 nettsiden vil v\u00e5r nettleverand\u00f8r kunne innhente n\u00f8dvendig informasjon som er n\u00f8dvendig for \u00e5 levere en stabil tjeneste.\n\n<!-- \/wp:paragraph -->\n\n<!-- wp:paragraph -->\n\nDet kan leses mer om dette i <a href=\"https:\/\/www.hjelseth.com\/personvern\/\">personvernerkl\u00e6ringen til Hjelseth Computers<\/a>.\n\n<!-- \/wp:paragraph -->\n\n<!-- wp:heading -->\n<h2>Informasjonskapsler (cookies)<\/h2>\n<!-- \/wp:heading -->\n\n<!-- wp:heading -->\n<h3>Hvordan vi bruker cookies<\/h3>\n<!-- \/wp:heading -->\n\n<!-- wp:paragraph -->\n\nVi bruker cookies for \u00e5 gi deg bedre tjenester. Noen cookies er helt n\u00f8dvendige for funksjonaliteten p\u00e5 nettsidene, mens andre blir brukt til \u00e5 forbedre ytelsen og brukeropplevelsen.\n\n<!-- \/wp:paragraph -->\n\n<!-- wp:paragraph -->\n\nFunksjonelle cookies brukes til \u00e5:\n\u2013 huske innloggingsopplysningene dine\n\u2013 ivareta sikkerheten n\u00e5r du er innlogget\n\u2013 s\u00f8rge for at nettsidene ser konsistente ut\n\n<!-- \/wp:paragraph -->\n\n<!-- wp:paragraph -->\n\nYtelsescookies brukes til \u00e5:\n\u2013 forbedre ytelsen til nettsidene gjennom \u00e5 laste sidene raskere\n\u2013 forbedre brukeropplevelsen\n\n<!-- \/wp:paragraph -->\n\n<!-- wp:paragraph -->\n\nM\u00e5lrettede cookies brukes til \u00e5:\n\u2013 la deg dele og like innhold\n\u2013 sende informasjon til andre nettsteder for \u00e5 tilpasse reklamen deres\n\n<!-- \/wp:paragraph -->\n\n<!-- wp:heading -->\n<h3>Eksempler p\u00e5 bruk<\/h3>\n<!-- \/wp:heading -->\n\n<!-- wp:paragraph -->\n\nCookies brukes til \u00e5 gi deg bedre tjenester, for eksempel gjennom \u00e5:\n\u2013 aktivere en tjeneste som gjenkjenner enheten din, s\u00e5 du slipper \u00e5 oppgi samme informasjon flere ganger\n\u2013 huske at du allerede har oppgitt brukernavn og passord n\u00e5r du er logget p\u00e5 sidene, s\u00e5 du ikke trenger \u00e5 gj\u00f8r det om igjen for hver side\n\u2013 m\u00e5le hvor mange som bruker tjenestene, s\u00e5 vi kan gj\u00f8re dem enklere og raskere\n\u2013 analysere data for \u00e5 hjelpe oss \u00e5 forst\u00e5 hvordan du bruker tjenester p\u00e5 nettet, slik at vi kan forbedre dem\n\n<!-- \/wp:paragraph -->\n\n<!-- wp:paragraph -->\n\nHvis du ikke tillater oss \u00e5 bruke cookies, vil visse funksjoner og nettsidene ikke fungere som de skal.\nDersom du vil slette cookies som allerede er lagret p\u00e5 datamaskinen din, m\u00e5 du f\u00f8lge instruksjonene for nettleseren ved \u00e5 klikke p\u00e5 Hjelp i menyen.\n\n<!-- \/wp:paragraph -->\n\n<!-- wp:paragraph -->\n\nDu kan lese mer om cookies og hvordan du bruker dem p\u00e5 <a href=\"http:\/\/www.aboutcookies.org\/\">www.aboutcookies.org<\/a> eller ved \u00e5 klikke p\u00e5 Hjelp i nettleseren din.\n\n<!-- \/wp:paragraph -->\n\n<!-- wp:heading -->\n<h2>Nettbutikk<\/h2>\nVi samler inn informasjon relatert til ordre og lagrer denne s\u00e5 lenge det er n\u00f8dvendig. Du har selv muligheten til \u00e5 f\u00e5 slettet informasjon fra din personlige konto (profil) i nettbutikken. For \u00e5 gj\u00f8re dette, send oss en henvendelse om sletting av person data. Du har rett til \u00e5 kreve innsyn og sletting av personlig data. Du kan lese mer om dine krav og rettigheter p\u00e5 datatilsynets egne nettsider\u00a0<a href=\"https:\/\/www.datatilsynet.no\/\">datatilsynet.no<\/a>.\n\n<!-- \/wp:heading -->\n\n<!-- wp:heading -->\n<h2>Tredjepartsverkt\u00f8y<\/h2>\n<!-- \/wp:heading -->\n\n<!-- wp:heading -->\n<h3>Tekster<\/h3>\n<!-- \/wp:heading -->\n\n<!-- wp:paragraph -->\n\nNettsiden benytter teksttyper gjort tilgjengelig via <a href=\"https:\/\/fonts.google.com\">Google Fonts<\/a>. Ved lasting av slike teksttyper samles det etter v\u00e5r viten ingen informasjon om den bes\u00f8kende p\u00e5 nettsiden.\n\n<!-- \/wp:paragraph -->\n\n<!-- wp:heading -->\n<h3>Tredjepartsinnhold<\/h3>\n<!-- \/wp:heading -->\n\n<!-- wp:paragraph -->\n\nDet hender vi inkluderer videosnutter, bilder eller innhold fra andre tredjeparts nettsider. Slikt innhold behandler den bes\u00f8kende som om de var p\u00e5 det inkluderte innholdets egen nettside og det kan derfor forekomme at det lagres informasjonskapsler eller innhentes statistikk hos disse tredjepartene.\n\n<!-- \/wp:paragraph -->","protected":false},"excerpt":{"rendered":"<p>Informasjon vi innhenter Ved bes\u00f8k p\u00e5 nettsiden vil v\u00e5r nettleverand\u00f8r kunne innhente n\u00f8dvendig informasjon som er n\u00f8dvendig for \u00e5 levere en stabil tjeneste. Det kan leses mer om dette i personvernerkl\u00e6ringen til Hjelseth Computers. Informasjonskapsler (cookies) Hvordan vi bruker cookies Vi bruker cookies for \u00e5 gi deg bedre tjenester. Noen cookies er helt n\u00f8dvendige for [&hellip;]<\/p>\n","protected":false},"author":1,"featured_media":0,"parent":0,"menu_order":0,"comment_status":"closed","ping_status":"closed","template":"","meta":{"_acf_changed":false,"footnotes":""},"class_list":["post-1239","page","type-page","status-publish","hentry"],"acf":[],"yoast_head":"<!-- This site is optimized with the Yoast SEO plugin v27.5 - https:\/\/yoast.com\/product\/yoast-seo-wordpress\/ -->\n<title>Personvern - Arena Service Team<\/title>\n<meta name=\"robots\" content=\"index, follow, max-snippet:-1, max-image-preview:large, max-video-preview:-1\" \/>\n<link rel=\"canonical\" href=\"https:\/\/www.nettbutikk-tmu.no\/ast\/personvern\/\" \/>\n<meta property=\"og:locale\" content=\"nb_NO\" \/>\n<meta property=\"og:type\" content=\"article\" \/>\n<meta property=\"og:title\" content=\"Personvern - Arena Service Team\" \/>\n<meta property=\"og:description\" content=\"Informasjon vi innhenter Ved bes\u00f8k p\u00e5 nettsiden vil v\u00e5r nettleverand\u00f8r kunne innhente n\u00f8dvendig informasjon som er n\u00f8dvendig for \u00e5 levere en stabil tjeneste. Det kan leses mer om dette i personvernerkl\u00e6ringen til Hjelseth Computers. Informasjonskapsler (cookies) Hvordan vi bruker cookies Vi bruker cookies for \u00e5 gi deg bedre tjenester. Noen cookies er helt n\u00f8dvendige for [&hellip;]\" \/>\n<meta property=\"og:url\" content=\"https:\/\/www.nettbutikk-tmu.no\/ast\/personvern\/\" \/>\n<meta property=\"og:site_name\" content=\"Arena Service Team\" \/>\n<meta property=\"article:modified_time\" content=\"2020-04-17T12:03:20+00:00\" \/>\n<meta name=\"twitter:card\" content=\"summary_large_image\" \/>\n<meta name=\"twitter:label1\" content=\"Ansl. lesetid\" \/>\n\t<meta name=\"twitter:data1\" content=\"2 minutter\" \/>\n<script type=\"application\/ld+json\" class=\"yoast-schema-graph\">{\"@context\":\"https:\\\/\\\/schema.org\",\"@graph\":[{\"@type\":\"WebPage\",\"@id\":\"https:\\\/\\\/www.nettbutikk-tmu.no\\\/ast\\\/personvern\\\/\",\"url\":\"https:\\\/\\\/www.nettbutikk-tmu.no\\\/ast\\\/personvern\\\/\",\"name\":\"Personvern - Arena Service Team\",\"isPartOf\":{\"@id\":\"https:\\\/\\\/www.nettbutikk-tmu.no\\\/ast\\\/#website\"},\"datePublished\":\"2020-04-17T11:49:20+00:00\",\"dateModified\":\"2020-04-17T12:03:20+00:00\",\"breadcrumb\":{\"@id\":\"https:\\\/\\\/www.nettbutikk-tmu.no\\\/ast\\\/personvern\\\/#breadcrumb\"},\"inLanguage\":\"nb-NO\",\"potentialAction\":[{\"@type\":\"ReadAction\",\"target\":[\"https:\\\/\\\/www.nettbutikk-tmu.no\\\/ast\\\/personvern\\\/\"]}]},{\"@type\":\"BreadcrumbList\",\"@id\":\"https:\\\/\\\/www.nettbutikk-tmu.no\\\/ast\\\/personvern\\\/#breadcrumb\",\"itemListElement\":[{\"@type\":\"ListItem\",\"position\":1,\"name\":\"Hjem\",\"item\":\"https:\\\/\\\/www.nettbutikk-tmu.no\\\/ast\\\/\"},{\"@type\":\"ListItem\",\"position\":2,\"name\":\"Personvern\"}]},{\"@type\":\"WebSite\",\"@id\":\"https:\\\/\\\/www.nettbutikk-tmu.no\\\/ast\\\/#website\",\"url\":\"https:\\\/\\\/www.nettbutikk-tmu.no\\\/ast\\\/\",\"name\":\"Arena Service Team\",\"description\":\"Messer og event\",\"publisher\":{\"@id\":\"https:\\\/\\\/www.nettbutikk-tmu.no\\\/ast\\\/#organization\"},\"potentialAction\":[{\"@type\":\"SearchAction\",\"target\":{\"@type\":\"EntryPoint\",\"urlTemplate\":\"https:\\\/\\\/www.nettbutikk-tmu.no\\\/ast\\\/?s={search_term_string}\"},\"query-input\":{\"@type\":\"PropertyValueSpecification\",\"valueRequired\":true,\"valueName\":\"search_term_string\"}}],\"inLanguage\":\"nb-NO\"},{\"@type\":\"Organization\",\"@id\":\"https:\\\/\\\/www.nettbutikk-tmu.no\\\/ast\\\/#organization\",\"name\":\"Arena Service Team\",\"url\":\"https:\\\/\\\/www.nettbutikk-tmu.no\\\/ast\\\/\",\"logo\":{\"@type\":\"ImageObject\",\"inLanguage\":\"nb-NO\",\"@id\":\"https:\\\/\\\/www.nettbutikk-tmu.no\\\/ast\\\/#\\\/schema\\\/logo\\\/image\\\/\",\"url\":\"https:\\\/\\\/www.nettbutikk-tmu.no\\\/ast\\\/wp-content\\\/uploads\\\/sites\\\/7\\\/2025\\\/07\\\/cropped-AST_logo_liggende-blaa-scaled-2.png\",\"contentUrl\":\"https:\\\/\\\/www.nettbutikk-tmu.no\\\/ast\\\/wp-content\\\/uploads\\\/sites\\\/7\\\/2025\\\/07\\\/cropped-AST_logo_liggende-blaa-scaled-2.png\",\"width\":2560,\"height\":512,\"caption\":\"Arena Service Team\"},\"image\":{\"@id\":\"https:\\\/\\\/www.nettbutikk-tmu.no\\\/ast\\\/#\\\/schema\\\/logo\\\/image\\\/\"}}]}<\/script>\n<!-- \/ Yoast SEO plugin. -->","yoast_head_json":{"title":"Personvern - Arena Service Team","robots":{"index":"index","follow":"follow","max-snippet":"max-snippet:-1","max-image-preview":"max-image-preview:large","max-video-preview":"max-video-preview:-1"},"canonical":"https:\/\/www.nettbutikk-tmu.no\/ast\/personvern\/","og_locale":"nb_NO","og_type":"article","og_title":"Personvern - Arena Service Team","og_description":"Informasjon vi innhenter Ved bes\u00f8k p\u00e5 nettsiden vil v\u00e5r nettleverand\u00f8r kunne innhente n\u00f8dvendig informasjon som er n\u00f8dvendig for \u00e5 levere en stabil tjeneste. Det kan leses mer om dette i personvernerkl\u00e6ringen til Hjelseth Computers. Informasjonskapsler (cookies) Hvordan vi bruker cookies Vi bruker cookies for \u00e5 gi deg bedre tjenester. Noen cookies er helt n\u00f8dvendige for [&hellip;]","og_url":"https:\/\/www.nettbutikk-tmu.no\/ast\/personvern\/","og_site_name":"Arena Service Team","article_modified_time":"2020-04-17T12:03:20+00:00","twitter_card":"summary_large_image","twitter_misc":{"Ansl. lesetid":"2 minutter"},"schema":{"@context":"https:\/\/schema.org","@graph":[{"@type":"WebPage","@id":"https:\/\/www.nettbutikk-tmu.no\/ast\/personvern\/","url":"https:\/\/www.nettbutikk-tmu.no\/ast\/personvern\/","name":"Personvern - Arena Service Team","isPartOf":{"@id":"https:\/\/www.nettbutikk-tmu.no\/ast\/#website"},"datePublished":"2020-04-17T11:49:20+00:00","dateModified":"2020-04-17T12:03:20+00:00","breadcrumb":{"@id":"https:\/\/www.nettbutikk-tmu.no\/ast\/personvern\/#breadcrumb"},"inLanguage":"nb-NO","potentialAction":[{"@type":"ReadAction","target":["https:\/\/www.nettbutikk-tmu.no\/ast\/personvern\/"]}]},{"@type":"BreadcrumbList","@id":"https:\/\/www.nettbutikk-tmu.no\/ast\/personvern\/#breadcrumb","itemListElement":[{"@type":"ListItem","position":1,"name":"Hjem","item":"https:\/\/www.nettbutikk-tmu.no\/ast\/"},{"@type":"ListItem","position":2,"name":"Personvern"}]},{"@type":"WebSite","@id":"https:\/\/www.nettbutikk-tmu.no\/ast\/#website","url":"https:\/\/www.nettbutikk-tmu.no\/ast\/","name":"Arena Service Team","description":"Messer og event","publisher":{"@id":"https:\/\/www.nettbutikk-tmu.no\/ast\/#organization"},"potentialAction":[{"@type":"SearchAction","target":{"@type":"EntryPoint","urlTemplate":"https:\/\/www.nettbutikk-tmu.no\/ast\/?s={search_term_string}"},"query-input":{"@type":"PropertyValueSpecification","valueRequired":true,"valueName":"search_term_string"}}],"inLanguage":"nb-NO"},{"@type":"Organization","@id":"https:\/\/www.nettbutikk-tmu.no\/ast\/#organization","name":"Arena Service Team","url":"https:\/\/www.nettbutikk-tmu.no\/ast\/","logo":{"@type":"ImageObject","inLanguage":"nb-NO","@id":"https:\/\/www.nettbutikk-tmu.no\/ast\/#\/schema\/logo\/image\/","url":"https:\/\/www.nettbutikk-tmu.no\/ast\/wp-content\/uploads\/sites\/7\/2025\/07\/cropped-AST_logo_liggende-blaa-scaled-2.png","contentUrl":"https:\/\/www.nettbutikk-tmu.no\/ast\/wp-content\/uploads\/sites\/7\/2025\/07\/cropped-AST_logo_liggende-blaa-scaled-2.png","width":2560,"height":512,"caption":"Arena Service Team"},"image":{"@id":"https:\/\/www.nettbutikk-tmu.no\/ast\/#\/schema\/logo\/image\/"}}]}},"lang":"nb","translations":{"nb":1239,"en":1243},"featured_image_src":null,"featured_image_src_square":null,"pll_sync_post":[],"_links":{"self":[{"href":"https:\/\/www.nettbutikk-tmu.no\/ast\/wp-json\/wp\/v2\/pages\/1239","targetHints":{"allow":["GET"]}}],"collection":[{"href":"https:\/\/www.nettbutikk-tmu.no\/ast\/wp-json\/wp\/v2\/pages"}],"about":[{"href":"https:\/\/www.nettbutikk-tmu.no\/ast\/wp-json\/wp\/v2\/types\/page"}],"author":[{"embeddable":true,"href":"https:\/\/www.nettbutikk-tmu.no\/ast\/wp-json\/wp\/v2\/users\/1"}],"replies":[{"embeddable":true,"href":"https:\/\/www.nettbutikk-tmu.no\/ast\/wp-json\/wp\/v2\/comments?post=1239"}],"version-history":[{"count":2,"href":"https:\/\/www.nettbutikk-tmu.no\/ast\/wp-json\/wp\/v2\/pages\/1239\/revisions"}],"predecessor-version":[{"id":1247,"href":"https:\/\/www.nettbutikk-tmu.no\/ast\/wp-json\/wp\/v2\/pages\/1239\/revisions\/1247"}],"wp:attachment":[{"href":"https:\/\/www.nettbutikk-tmu.no\/ast\/wp-json\/wp\/v2\/media?parent=1239"}],"curies":[{"name":"wp","href":"https:\/\/api.w.org\/{rel}","templated":true}]}}