{"id":1519,"date":"2020-08-14T09:15:15","date_gmt":"2020-08-14T07:15:15","guid":{"rendered":"https:\/\/www.nettbutikk-tmu.no\/ast\/?page_id=1519"},"modified":"2026-03-10T13:07:18","modified_gmt":"2026-03-10T12:07:18","slug":"forside-butikk","status":"publish","type":"page","link":"https:\/\/www.nettbutikk-tmu.no\/ast\/","title":{"rendered":"Forside butikk"},"content":{"rendered":"\n<h1>\n\t\t\tVelkommen til v\u00e5r nettbutikk\t<\/h1>\n\t<p>Her kan bestille det du trenger til ditt arragement eller messe. F\u00f8r du kan sende bestilling m\u00e5 du velge hvilken messe eller hviken kundegruppe du tilh\u00f8rer. For sp\u00f8rsm\u00e5l, ta kontakt p\u00e5 <a href=\"mailto:post@ast.as\">post@ast.as<\/a> eller telefon <a href=\"tel:+47 932 09 475\">932 09 475<\/a><\/p>\n\t\t\t<a href=\"https:\/\/www.nettbutikk-tmu.no\/ast\/butikk\/\" target=\"_self\">\n\t\t\t\t\t\t\tVELG MESSE\n\t\t\t\t\t<\/a>\n<h2>\n\t\t\tKategorier\t<\/h2>\n\n","protected":false},"excerpt":{"rendered":"<p>Velkommen til v\u00e5r nettbutikk Her kan bestille det du trenger til ditt arragement eller messe. F\u00f8r du kan sende bestilling m\u00e5 du velge hvilken messe eller hviken kundegruppe du tilh\u00f8rer. For sp\u00f8rsm\u00e5l, ta kontakt p\u00e5 post@ast.as eller telefon 932 09 475 VELG MESSE Kategorier<\/p>\n","protected":false},"author":1,"featured_media":0,"parent":0,"menu_order":0,"comment_status":"closed","ping_status":"closed","template":"","meta":{"_acf_changed":false,"footnotes":""},"class_list":["post-1519","page","type-page","status-publish","hentry"],"acf":[],"yoast_head":"<!-- This site is optimized with the Yoast SEO plugin v27.4 - https:\/\/yoast.com\/product\/yoast-seo-wordpress\/ -->\n<title>Forside butikk - Arena Service Team<\/title>\n<meta name=\"robots\" content=\"index, follow, max-snippet:-1, max-image-preview:large, max-video-preview:-1\" \/>\n<link rel=\"canonical\" href=\"https:\/\/www.nettbutikk-tmu.no\/ast\/\" \/>\n<meta property=\"og:locale\" content=\"nb_NO\" \/>\n<meta property=\"og:type\" content=\"article\" \/>\n<meta property=\"og:title\" content=\"Forside butikk - Arena Service Team\" \/>\n<meta property=\"og:description\" content=\"Velkommen til v\u00e5r nettbutikk Her kan bestille det du trenger til ditt arragement eller messe. F\u00f8r du kan sende bestilling m\u00e5 du velge hvilken messe eller hviken kundegruppe du tilh\u00f8rer. For sp\u00f8rsm\u00e5l, ta kontakt p\u00e5 post@ast.as eller telefon 932 09 475 VELG MESSE Kategorier\" \/>\n<meta property=\"og:url\" content=\"https:\/\/www.nettbutikk-tmu.no\/ast\/\" \/>\n<meta property=\"og:site_name\" content=\"Arena Service Team\" \/>\n<meta property=\"article:modified_time\" content=\"2026-03-10T12:07:18+00:00\" \/>\n<meta name=\"twitter:card\" content=\"summary_large_image\" \/>\n<meta name=\"twitter:label1\" content=\"Ansl. lesetid\" \/>\n\t<meta name=\"twitter:data1\" content=\"1 minutt\" \/>\n<script type=\"application\/ld+json\" class=\"yoast-schema-graph\">{\"@context\":\"https:\\\/\\\/schema.org\",\"@graph\":[{\"@type\":\"WebPage\",\"@id\":\"https:\\\/\\\/www.nettbutikk-tmu.no\\\/ast\\\/\",\"url\":\"https:\\\/\\\/www.nettbutikk-tmu.no\\\/ast\\\/\",\"name\":\"Forside butikk - Arena Service Team\",\"isPartOf\":{\"@id\":\"https:\\\/\\\/www.nettbutikk-tmu.no\\\/ast\\\/#website\"},\"datePublished\":\"2020-08-14T07:15:15+00:00\",\"dateModified\":\"2026-03-10T12:07:18+00:00\",\"breadcrumb\":{\"@id\":\"https:\\\/\\\/www.nettbutikk-tmu.no\\\/ast\\\/#breadcrumb\"},\"inLanguage\":\"nb-NO\",\"potentialAction\":[{\"@type\":\"ReadAction\",\"target\":[\"https:\\\/\\\/www.nettbutikk-tmu.no\\\/ast\\\/\"]}]},{\"@type\":\"BreadcrumbList\",\"@id\":\"https:\\\/\\\/www.nettbutikk-tmu.no\\\/ast\\\/#breadcrumb\",\"itemListElement\":[{\"@type\":\"ListItem\",\"position\":1,\"name\":\"Hjem\",\"item\":\"https:\\\/\\\/www.nettbutikk-tmu.no\\\/ast\\\/\"},{\"@type\":\"ListItem\",\"position\":2,\"name\":\"Forside butikk\"}]},{\"@type\":\"WebSite\",\"@id\":\"https:\\\/\\\/www.nettbutikk-tmu.no\\\/ast\\\/#website\",\"url\":\"https:\\\/\\\/www.nettbutikk-tmu.no\\\/ast\\\/\",\"name\":\"Arena Service Team\",\"description\":\"Messer og event\",\"publisher\":{\"@id\":\"https:\\\/\\\/www.nettbutikk-tmu.no\\\/ast\\\/#organization\"},\"potentialAction\":[{\"@type\":\"SearchAction\",\"target\":{\"@type\":\"EntryPoint\",\"urlTemplate\":\"https:\\\/\\\/www.nettbutikk-tmu.no\\\/ast\\\/?s={search_term_string}\"},\"query-input\":{\"@type\":\"PropertyValueSpecification\",\"valueRequired\":true,\"valueName\":\"search_term_string\"}}],\"inLanguage\":\"nb-NO\"},{\"@type\":\"Organization\",\"@id\":\"https:\\\/\\\/www.nettbutikk-tmu.no\\\/ast\\\/#organization\",\"name\":\"Arena Service Team\",\"url\":\"https:\\\/\\\/www.nettbutikk-tmu.no\\\/ast\\\/\",\"logo\":{\"@type\":\"ImageObject\",\"inLanguage\":\"nb-NO\",\"@id\":\"https:\\\/\\\/www.nettbutikk-tmu.no\\\/ast\\\/#\\\/schema\\\/logo\\\/image\\\/\",\"url\":\"https:\\\/\\\/www.nettbutikk-tmu.no\\\/ast\\\/wp-content\\\/uploads\\\/sites\\\/7\\\/2025\\\/07\\\/cropped-AST_logo_liggende-blaa-scaled-2.png\",\"contentUrl\":\"https:\\\/\\\/www.nettbutikk-tmu.no\\\/ast\\\/wp-content\\\/uploads\\\/sites\\\/7\\\/2025\\\/07\\\/cropped-AST_logo_liggende-blaa-scaled-2.png\",\"width\":2560,\"height\":512,\"caption\":\"Arena Service Team\"},\"image\":{\"@id\":\"https:\\\/\\\/www.nettbutikk-tmu.no\\\/ast\\\/#\\\/schema\\\/logo\\\/image\\\/\"}}]}<\/script>\n<!-- \/ Yoast SEO plugin. -->","yoast_head_json":{"title":"Forside butikk - Arena Service Team","robots":{"index":"index","follow":"follow","max-snippet":"max-snippet:-1","max-image-preview":"max-image-preview:large","max-video-preview":"max-video-preview:-1"},"canonical":"https:\/\/www.nettbutikk-tmu.no\/ast\/","og_locale":"nb_NO","og_type":"article","og_title":"Forside butikk - Arena Service Team","og_description":"Velkommen til v\u00e5r nettbutikk Her kan bestille det du trenger til ditt arragement eller messe. F\u00f8r du kan sende bestilling m\u00e5 du velge hvilken messe eller hviken kundegruppe du tilh\u00f8rer. For sp\u00f8rsm\u00e5l, ta kontakt p\u00e5 post@ast.as eller telefon 932 09 475 VELG MESSE Kategorier","og_url":"https:\/\/www.nettbutikk-tmu.no\/ast\/","og_site_name":"Arena Service Team","article_modified_time":"2026-03-10T12:07:18+00:00","twitter_card":"summary_large_image","twitter_misc":{"Ansl. lesetid":"1 minutt"},"schema":{"@context":"https:\/\/schema.org","@graph":[{"@type":"WebPage","@id":"https:\/\/www.nettbutikk-tmu.no\/ast\/","url":"https:\/\/www.nettbutikk-tmu.no\/ast\/","name":"Forside butikk - Arena Service Team","isPartOf":{"@id":"https:\/\/www.nettbutikk-tmu.no\/ast\/#website"},"datePublished":"2020-08-14T07:15:15+00:00","dateModified":"2026-03-10T12:07:18+00:00","breadcrumb":{"@id":"https:\/\/www.nettbutikk-tmu.no\/ast\/#breadcrumb"},"inLanguage":"nb-NO","potentialAction":[{"@type":"ReadAction","target":["https:\/\/www.nettbutikk-tmu.no\/ast\/"]}]},{"@type":"BreadcrumbList","@id":"https:\/\/www.nettbutikk-tmu.no\/ast\/#breadcrumb","itemListElement":[{"@type":"ListItem","position":1,"name":"Hjem","item":"https:\/\/www.nettbutikk-tmu.no\/ast\/"},{"@type":"ListItem","position":2,"name":"Forside butikk"}]},{"@type":"WebSite","@id":"https:\/\/www.nettbutikk-tmu.no\/ast\/#website","url":"https:\/\/www.nettbutikk-tmu.no\/ast\/","name":"Arena Service Team","description":"Messer og event","publisher":{"@id":"https:\/\/www.nettbutikk-tmu.no\/ast\/#organization"},"potentialAction":[{"@type":"SearchAction","target":{"@type":"EntryPoint","urlTemplate":"https:\/\/www.nettbutikk-tmu.no\/ast\/?s={search_term_string}"},"query-input":{"@type":"PropertyValueSpecification","valueRequired":true,"valueName":"search_term_string"}}],"inLanguage":"nb-NO"},{"@type":"Organization","@id":"https:\/\/www.nettbutikk-tmu.no\/ast\/#organization","name":"Arena Service Team","url":"https:\/\/www.nettbutikk-tmu.no\/ast\/","logo":{"@type":"ImageObject","inLanguage":"nb-NO","@id":"https:\/\/www.nettbutikk-tmu.no\/ast\/#\/schema\/logo\/image\/","url":"https:\/\/www.nettbutikk-tmu.no\/ast\/wp-content\/uploads\/sites\/7\/2025\/07\/cropped-AST_logo_liggende-blaa-scaled-2.png","contentUrl":"https:\/\/www.nettbutikk-tmu.no\/ast\/wp-content\/uploads\/sites\/7\/2025\/07\/cropped-AST_logo_liggende-blaa-scaled-2.png","width":2560,"height":512,"caption":"Arena Service Team"},"image":{"@id":"https:\/\/www.nettbutikk-tmu.no\/ast\/#\/schema\/logo\/image\/"}}]}},"lang":"nb","translations":{"nb":1519,"en":1572},"featured_image_src":null,"featured_image_src_square":null,"pll_sync_post":[],"_links":{"self":[{"href":"https:\/\/www.nettbutikk-tmu.no\/ast\/wp-json\/wp\/v2\/pages\/1519","targetHints":{"allow":["GET"]}}],"collection":[{"href":"https:\/\/www.nettbutikk-tmu.no\/ast\/wp-json\/wp\/v2\/pages"}],"about":[{"href":"https:\/\/www.nettbutikk-tmu.no\/ast\/wp-json\/wp\/v2\/types\/page"}],"author":[{"embeddable":true,"href":"https:\/\/www.nettbutikk-tmu.no\/ast\/wp-json\/wp\/v2\/users\/1"}],"replies":[{"embeddable":true,"href":"https:\/\/www.nettbutikk-tmu.no\/ast\/wp-json\/wp\/v2\/comments?post=1519"}],"version-history":[{"count":19,"href":"https:\/\/www.nettbutikk-tmu.no\/ast\/wp-json\/wp\/v2\/pages\/1519\/revisions"}],"predecessor-version":[{"id":4967,"href":"https:\/\/www.nettbutikk-tmu.no\/ast\/wp-json\/wp\/v2\/pages\/1519\/revisions\/4967"}],"wp:attachment":[{"href":"https:\/\/www.nettbutikk-tmu.no\/ast\/wp-json\/wp\/v2\/media?parent=1519"}],"curies":[{"name":"wp","href":"https:\/\/api.w.org\/{rel}","templated":true}]}}