{"id":1039,"date":"2020-04-03T11:42:40","date_gmt":"2020-04-03T09:42:40","guid":{"rendered":"https:\/\/www.nettbutikk-tmu.no\/ast\/?post_type=product&#038;p=1039"},"modified":"2021-09-08T10:05:33","modified_gmt":"2021-09-08T08:05:33","slug":"lysrigg-pa-ben","status":"publish","type":"product","link":"https:\/\/www.nettbutikk-tmu.no\/ast\/produkt\/lysrigg-pa-ben\/","title":{"rendered":"Lysrigg p\u00e5 ben"},"content":{"rendered":"<p>Lysrigg p\u00e5 ben,\u00a0 pris p\u00e5 fullstendig rigg p\u00e5 foresp\u00f8rsel.<\/p>\n","protected":false},"excerpt":{"rendered":"<p>N\u00e5r det ikke er mulig \u00e5 henge lys fra tak grunnet h\u00f8y takh\u00f8yde eller manglende opphengspunkter i hallen, er rigg p\u00e5 ben et sv\u00e6rt godt alternativ.<br \/>\nRiggen kan ogs\u00e5 benyttes til for eksempel oppheng av dekoreffekter, bannere eller hengelamper.<br \/>\nRigg p\u00e5 ben kombinert med 150w lyskastere gir en utmerket belysning av standen, og gir ogs\u00e5 mulighet for mer tilpasset spotbelysning av produkter og andre elementer.<\/p>\n","protected":false},"featured_media":1142,"template":"","meta":{"_acf_changed":false},"product_brand":[],"product_cat":[285],"product_tag":[2844,2836,2846],"class_list":{"0":"post-1039","1":"product","2":"type-product","3":"status-publish","4":"has-post-thumbnail","6":"product_cat-belysning-og-strom","7":"product_tag-belysning","8":"product_tag-rigg","9":"product_tag-rigg-pa-ben","10":"tmu_product_supplier-elektrisk-kompagni-as","12":"first","13":"instock","14":"taxable","15":"shipping-taxable","16":"product-type-simple"},"acf":[],"yoast_head":"<!-- This site is optimized with the Yoast SEO plugin v27.3 - https:\/\/yoast.com\/product\/yoast-seo-wordpress\/ -->\n<title>Lysrigg p\u00e5 ben - Arena Service Team<\/title>\n<meta name=\"robots\" content=\"index, follow, max-snippet:-1, max-image-preview:large, max-video-preview:-1\" \/>\n<link rel=\"canonical\" href=\"https:\/\/www.nettbutikk-tmu.no\/ast\/produkt\/lysrigg-pa-ben\/\" \/>\n<meta property=\"og:locale\" content=\"nb_NO\" \/>\n<meta property=\"og:type\" content=\"article\" \/>\n<meta property=\"og:title\" content=\"Lysrigg p\u00e5 ben - Arena Service Team\" \/>\n<meta property=\"og:description\" content=\"N\u00e5r det ikke er mulig \u00e5 henge lys fra tak grunnet h\u00f8y takh\u00f8yde eller manglende opphengspunkter i hallen, er rigg p\u00e5 ben et sv\u00e6rt godt alternativ. Riggen kan ogs\u00e5 benyttes til for eksempel oppheng av dekoreffekter, bannere eller hengelamper. Rigg p\u00e5 ben kombinert med 150w lyskastere gir en utmerket belysning av standen, og gir ogs\u00e5 mulighet for mer tilpasset spotbelysning av produkter og andre elementer.\" \/>\n<meta property=\"og:url\" content=\"https:\/\/www.nettbutikk-tmu.no\/ast\/produkt\/lysrigg-pa-ben\/\" \/>\n<meta property=\"og:site_name\" content=\"Arena Service Team\" \/>\n<meta property=\"article:modified_time\" content=\"2021-09-08T08:05:33+00:00\" \/>\n<meta property=\"og:image\" content=\"https:\/\/www.nettbutikk-tmu.no\/ast\/wp-content\/uploads\/sites\/7\/2020\/04\/rigg-p\u00e5-fot_hele-002.jpg\" \/>\n\t<meta property=\"og:image:width\" content=\"758\" \/>\n\t<meta property=\"og:image:height\" content=\"712\" \/>\n\t<meta property=\"og:image:type\" content=\"image\/jpeg\" \/>\n<meta name=\"twitter:card\" content=\"summary_large_image\" \/>\n<script type=\"application\/ld+json\" class=\"yoast-schema-graph\">{\"@context\":\"https:\\\/\\\/schema.org\",\"@graph\":[{\"@type\":\"WebPage\",\"@id\":\"https:\\\/\\\/www.nettbutikk-tmu.no\\\/ast\\\/produkt\\\/lysrigg-pa-ben\\\/\",\"url\":\"https:\\\/\\\/www.nettbutikk-tmu.no\\\/ast\\\/produkt\\\/lysrigg-pa-ben\\\/\",\"name\":\"Lysrigg p\u00e5 ben - Arena Service Team\",\"isPartOf\":{\"@id\":\"https:\\\/\\\/www.nettbutikk-tmu.no\\\/ast\\\/#website\"},\"primaryImageOfPage\":{\"@id\":\"https:\\\/\\\/www.nettbutikk-tmu.no\\\/ast\\\/produkt\\\/lysrigg-pa-ben\\\/#primaryimage\"},\"image\":{\"@id\":\"https:\\\/\\\/www.nettbutikk-tmu.no\\\/ast\\\/produkt\\\/lysrigg-pa-ben\\\/#primaryimage\"},\"thumbnailUrl\":\"https:\\\/\\\/www.nettbutikk-tmu.no\\\/ast\\\/wp-content\\\/uploads\\\/sites\\\/7\\\/2020\\\/04\\\/rigg-p\u00e5-fot_hele-002.jpg\",\"datePublished\":\"2020-04-03T09:42:40+00:00\",\"dateModified\":\"2021-09-08T08:05:33+00:00\",\"breadcrumb\":{\"@id\":\"https:\\\/\\\/www.nettbutikk-tmu.no\\\/ast\\\/produkt\\\/lysrigg-pa-ben\\\/#breadcrumb\"},\"inLanguage\":\"nb-NO\",\"potentialAction\":[{\"@type\":\"ReadAction\",\"target\":[\"https:\\\/\\\/www.nettbutikk-tmu.no\\\/ast\\\/produkt\\\/lysrigg-pa-ben\\\/\"]}]},{\"@type\":\"ImageObject\",\"inLanguage\":\"nb-NO\",\"@id\":\"https:\\\/\\\/www.nettbutikk-tmu.no\\\/ast\\\/produkt\\\/lysrigg-pa-ben\\\/#primaryimage\",\"url\":\"https:\\\/\\\/www.nettbutikk-tmu.no\\\/ast\\\/wp-content\\\/uploads\\\/sites\\\/7\\\/2020\\\/04\\\/rigg-p\u00e5-fot_hele-002.jpg\",\"contentUrl\":\"https:\\\/\\\/www.nettbutikk-tmu.no\\\/ast\\\/wp-content\\\/uploads\\\/sites\\\/7\\\/2020\\\/04\\\/rigg-p\u00e5-fot_hele-002.jpg\",\"width\":758,\"height\":712},{\"@type\":\"BreadcrumbList\",\"@id\":\"https:\\\/\\\/www.nettbutikk-tmu.no\\\/ast\\\/produkt\\\/lysrigg-pa-ben\\\/#breadcrumb\",\"itemListElement\":[{\"@type\":\"ListItem\",\"position\":1,\"name\":\"Hjem\",\"item\":\"https:\\\/\\\/www.nettbutikk-tmu.no\\\/ast\\\/\"},{\"@type\":\"ListItem\",\"position\":2,\"name\":\"Butikk\",\"item\":\"https:\\\/\\\/www.nettbutikk-tmu.no\\\/ast\\\/butikk\\\/\"},{\"@type\":\"ListItem\",\"position\":3,\"name\":\"Lysrigg p\u00e5 ben\"}]},{\"@type\":\"WebSite\",\"@id\":\"https:\\\/\\\/www.nettbutikk-tmu.no\\\/ast\\\/#website\",\"url\":\"https:\\\/\\\/www.nettbutikk-tmu.no\\\/ast\\\/\",\"name\":\"Arena Service Team\",\"description\":\"Messer og event\",\"publisher\":{\"@id\":\"https:\\\/\\\/www.nettbutikk-tmu.no\\\/ast\\\/#organization\"},\"potentialAction\":[{\"@type\":\"SearchAction\",\"target\":{\"@type\":\"EntryPoint\",\"urlTemplate\":\"https:\\\/\\\/www.nettbutikk-tmu.no\\\/ast\\\/?s={search_term_string}\"},\"query-input\":{\"@type\":\"PropertyValueSpecification\",\"valueRequired\":true,\"valueName\":\"search_term_string\"}}],\"inLanguage\":\"nb-NO\"},{\"@type\":\"Organization\",\"@id\":\"https:\\\/\\\/www.nettbutikk-tmu.no\\\/ast\\\/#organization\",\"name\":\"Arena Service Team\",\"url\":\"https:\\\/\\\/www.nettbutikk-tmu.no\\\/ast\\\/\",\"logo\":{\"@type\":\"ImageObject\",\"inLanguage\":\"nb-NO\",\"@id\":\"https:\\\/\\\/www.nettbutikk-tmu.no\\\/ast\\\/#\\\/schema\\\/logo\\\/image\\\/\",\"url\":\"https:\\\/\\\/www.nettbutikk-tmu.no\\\/ast\\\/wp-content\\\/uploads\\\/sites\\\/7\\\/2025\\\/07\\\/cropped-AST_logo_liggende-blaa-scaled-2.png\",\"contentUrl\":\"https:\\\/\\\/www.nettbutikk-tmu.no\\\/ast\\\/wp-content\\\/uploads\\\/sites\\\/7\\\/2025\\\/07\\\/cropped-AST_logo_liggende-blaa-scaled-2.png\",\"width\":2560,\"height\":512,\"caption\":\"Arena Service Team\"},\"image\":{\"@id\":\"https:\\\/\\\/www.nettbutikk-tmu.no\\\/ast\\\/#\\\/schema\\\/logo\\\/image\\\/\"}}]}<\/script>\n<!-- \/ Yoast SEO plugin. -->","yoast_head_json":{"title":"Lysrigg p\u00e5 ben - Arena Service Team","robots":{"index":"index","follow":"follow","max-snippet":"max-snippet:-1","max-image-preview":"max-image-preview:large","max-video-preview":"max-video-preview:-1"},"canonical":"https:\/\/www.nettbutikk-tmu.no\/ast\/produkt\/lysrigg-pa-ben\/","og_locale":"nb_NO","og_type":"article","og_title":"Lysrigg p\u00e5 ben - Arena Service Team","og_description":"N\u00e5r det ikke er mulig \u00e5 henge lys fra tak grunnet h\u00f8y takh\u00f8yde eller manglende opphengspunkter i hallen, er rigg p\u00e5 ben et sv\u00e6rt godt alternativ. Riggen kan ogs\u00e5 benyttes til for eksempel oppheng av dekoreffekter, bannere eller hengelamper. Rigg p\u00e5 ben kombinert med 150w lyskastere gir en utmerket belysning av standen, og gir ogs\u00e5 mulighet for mer tilpasset spotbelysning av produkter og andre elementer.","og_url":"https:\/\/www.nettbutikk-tmu.no\/ast\/produkt\/lysrigg-pa-ben\/","og_site_name":"Arena Service Team","article_modified_time":"2021-09-08T08:05:33+00:00","og_image":[{"width":758,"height":712,"url":"https:\/\/www.nettbutikk-tmu.no\/ast\/wp-content\/uploads\/sites\/7\/2020\/04\/rigg-p\u00e5-fot_hele-002.jpg","type":"image\/jpeg"}],"twitter_card":"summary_large_image","schema":{"@context":"https:\/\/schema.org","@graph":[{"@type":"WebPage","@id":"https:\/\/www.nettbutikk-tmu.no\/ast\/produkt\/lysrigg-pa-ben\/","url":"https:\/\/www.nettbutikk-tmu.no\/ast\/produkt\/lysrigg-pa-ben\/","name":"Lysrigg p\u00e5 ben - Arena Service Team","isPartOf":{"@id":"https:\/\/www.nettbutikk-tmu.no\/ast\/#website"},"primaryImageOfPage":{"@id":"https:\/\/www.nettbutikk-tmu.no\/ast\/produkt\/lysrigg-pa-ben\/#primaryimage"},"image":{"@id":"https:\/\/www.nettbutikk-tmu.no\/ast\/produkt\/lysrigg-pa-ben\/#primaryimage"},"thumbnailUrl":"https:\/\/www.nettbutikk-tmu.no\/ast\/wp-content\/uploads\/sites\/7\/2020\/04\/rigg-p\u00e5-fot_hele-002.jpg","datePublished":"2020-04-03T09:42:40+00:00","dateModified":"2021-09-08T08:05:33+00:00","breadcrumb":{"@id":"https:\/\/www.nettbutikk-tmu.no\/ast\/produkt\/lysrigg-pa-ben\/#breadcrumb"},"inLanguage":"nb-NO","potentialAction":[{"@type":"ReadAction","target":["https:\/\/www.nettbutikk-tmu.no\/ast\/produkt\/lysrigg-pa-ben\/"]}]},{"@type":"ImageObject","inLanguage":"nb-NO","@id":"https:\/\/www.nettbutikk-tmu.no\/ast\/produkt\/lysrigg-pa-ben\/#primaryimage","url":"https:\/\/www.nettbutikk-tmu.no\/ast\/wp-content\/uploads\/sites\/7\/2020\/04\/rigg-p\u00e5-fot_hele-002.jpg","contentUrl":"https:\/\/www.nettbutikk-tmu.no\/ast\/wp-content\/uploads\/sites\/7\/2020\/04\/rigg-p\u00e5-fot_hele-002.jpg","width":758,"height":712},{"@type":"BreadcrumbList","@id":"https:\/\/www.nettbutikk-tmu.no\/ast\/produkt\/lysrigg-pa-ben\/#breadcrumb","itemListElement":[{"@type":"ListItem","position":1,"name":"Hjem","item":"https:\/\/www.nettbutikk-tmu.no\/ast\/"},{"@type":"ListItem","position":2,"name":"Butikk","item":"https:\/\/www.nettbutikk-tmu.no\/ast\/butikk\/"},{"@type":"ListItem","position":3,"name":"Lysrigg p\u00e5 ben"}]},{"@type":"WebSite","@id":"https:\/\/www.nettbutikk-tmu.no\/ast\/#website","url":"https:\/\/www.nettbutikk-tmu.no\/ast\/","name":"Arena Service Team","description":"Messer og event","publisher":{"@id":"https:\/\/www.nettbutikk-tmu.no\/ast\/#organization"},"potentialAction":[{"@type":"SearchAction","target":{"@type":"EntryPoint","urlTemplate":"https:\/\/www.nettbutikk-tmu.no\/ast\/?s={search_term_string}"},"query-input":{"@type":"PropertyValueSpecification","valueRequired":true,"valueName":"search_term_string"}}],"inLanguage":"nb-NO"},{"@type":"Organization","@id":"https:\/\/www.nettbutikk-tmu.no\/ast\/#organization","name":"Arena Service Team","url":"https:\/\/www.nettbutikk-tmu.no\/ast\/","logo":{"@type":"ImageObject","inLanguage":"nb-NO","@id":"https:\/\/www.nettbutikk-tmu.no\/ast\/#\/schema\/logo\/image\/","url":"https:\/\/www.nettbutikk-tmu.no\/ast\/wp-content\/uploads\/sites\/7\/2025\/07\/cropped-AST_logo_liggende-blaa-scaled-2.png","contentUrl":"https:\/\/www.nettbutikk-tmu.no\/ast\/wp-content\/uploads\/sites\/7\/2025\/07\/cropped-AST_logo_liggende-blaa-scaled-2.png","width":2560,"height":512,"caption":"Arena Service Team"},"image":{"@id":"https:\/\/www.nettbutikk-tmu.no\/ast\/#\/schema\/logo\/image\/"}}]}},"lang":"nb","translations":{"nb":1039,"en":1659},"pll_sync_post":[],"_links":{"self":[{"href":"https:\/\/www.nettbutikk-tmu.no\/ast\/wp-json\/wp\/v2\/product\/1039","targetHints":{"allow":["GET"]}}],"collection":[{"href":"https:\/\/www.nettbutikk-tmu.no\/ast\/wp-json\/wp\/v2\/product"}],"about":[{"href":"https:\/\/www.nettbutikk-tmu.no\/ast\/wp-json\/wp\/v2\/types\/product"}],"wp:featuredmedia":[{"embeddable":true,"href":"https:\/\/www.nettbutikk-tmu.no\/ast\/wp-json\/wp\/v2\/media\/1142"}],"wp:attachment":[{"href":"https:\/\/www.nettbutikk-tmu.no\/ast\/wp-json\/wp\/v2\/media?parent=1039"}],"wp:term":[{"taxonomy":"product_brand","embeddable":true,"href":"https:\/\/www.nettbutikk-tmu.no\/ast\/wp-json\/wp\/v2\/product_brand?post=1039"},{"taxonomy":"product_cat","embeddable":true,"href":"https:\/\/www.nettbutikk-tmu.no\/ast\/wp-json\/wp\/v2\/product_cat?post=1039"},{"taxonomy":"product_tag","embeddable":true,"href":"https:\/\/www.nettbutikk-tmu.no\/ast\/wp-json\/wp\/v2\/product_tag?post=1039"}],"curies":[{"name":"wp","href":"https:\/\/api.w.org\/{rel}","templated":true}]}}