{"id":1076,"date":"2020-04-08T08:27:40","date_gmt":"2020-04-08T06:27:40","guid":{"rendered":"https:\/\/www.nettbutikk-tmu.no\/ast\/?post_type=product&#038;p=1076"},"modified":"2026-01-05T09:48:48","modified_gmt":"2026-01-05T08:48:48","slug":"veggfeste-til-skjerm","status":"publish","type":"product","link":"https:\/\/www.nettbutikk-tmu.no\/ast\/produkt\/veggfeste-til-skjerm\/","title":{"rendered":"Veggfeste til skjerm"},"content":{"rendered":"<p>Veggfeste for messevegg til skjermer 32&#8221; &#8211; 50&#8221;.<\/p>\n<p>Husk ogs\u00e5 \u00e5 opplyse om \u00f8nsket plassering og h\u00f8yde fra gulv.<\/p>\n<p>V\u00e6r oppmerksom p\u00e5 at det ikke er alle steder som egner seg for vegghengt TV. I noen tilfeller kan det v\u00e6re n\u00f8dvendig med ekstra st\u00f8tte av veggen.<br \/>\nVeggfestene er beregnet til bruk sammen med v\u00e5re skjermer.<br \/>\nVed bestilling av veggfeste til egne skjermer er det kundens ansvar \u00e5 medbringe n\u00f8dvendig brakett for montering av skjerm p\u00e5 veggfeste, samt oppheng av skjermen.<\/p>\n","protected":false},"excerpt":{"rendered":"<p>Veggfeste for messevegg til skjermer 32&#8221; &#8211; 50&#8221;.<\/p>\n<p>Husk ogs\u00e5 \u00e5 opplyse om \u00f8nsket plassering og h\u00f8yde fra gulv.<\/p>\n<p>V\u00e6r oppmerksom p\u00e5 at det ikke er alle steder som egner seg for vegghengt TV. I noen tilfeller kan det v\u00e6re n\u00f8dvendig med ekstra st\u00f8tte av veggen.<br \/>\nVeggfestene er beregnet til bruk sammen med v\u00e5re skjermer.<br \/>\nVed bestilling av veggfeste til egne skjermer er det kundens ansvar \u00e5 medbringe n\u00f8dvendig brakett for montering av skjerm p\u00e5 veggfeste, samt oppheng av skjermen.<\/p>\n","protected":false},"featured_media":1077,"template":"","meta":{"_acf_changed":false},"product_brand":[],"product_cat":[514],"product_tag":[2899,2901],"class_list":{"0":"post-1076","1":"product","2":"type-product","3":"status-publish","4":"has-post-thumbnail","6":"product_cat-tv-skjermer-monitorer","7":"product_tag-tv","8":"product_tag-veggfeste","9":"tmu_product_supplier-messetjeneste-as","11":"first","12":"instock","13":"taxable","14":"shipping-taxable","15":"purchasable","16":"product-type-simple"},"acf":[],"yoast_head":"<!-- This site is optimized with the Yoast SEO plugin v27.4 - https:\/\/yoast.com\/product\/yoast-seo-wordpress\/ -->\n<title>Veggfeste til skjerm - Arena Service Team<\/title>\n<meta name=\"robots\" content=\"index, follow, max-snippet:-1, max-image-preview:large, max-video-preview:-1\" \/>\n<link rel=\"canonical\" href=\"https:\/\/www.nettbutikk-tmu.no\/ast\/produkt\/veggfeste-til-skjerm\/\" \/>\n<meta property=\"og:locale\" content=\"nb_NO\" \/>\n<meta property=\"og:type\" content=\"article\" \/>\n<meta property=\"og:title\" content=\"Veggfeste til skjerm - Arena Service Team\" \/>\n<meta property=\"og:description\" content=\"Veggfeste for messevegg til skjermer 32&#039;&#039; - 50&#039;&#039;.  Husk ogs\u00e5 \u00e5 opplyse om \u00f8nsket plassering og h\u00f8yde fra gulv.  V\u00e6r oppmerksom p\u00e5 at det ikke er alle steder som egner seg for vegghengt TV. I noen tilfeller kan det v\u00e6re n\u00f8dvendig med ekstra st\u00f8tte av veggen. Veggfestene er beregnet til bruk sammen med v\u00e5re skjermer. Ved bestilling av veggfeste til egne skjermer er det kundens ansvar \u00e5 medbringe n\u00f8dvendig brakett for montering av skjerm p\u00e5 veggfeste, samt oppheng av skjermen.\" \/>\n<meta property=\"og:url\" content=\"https:\/\/www.nettbutikk-tmu.no\/ast\/produkt\/veggfeste-til-skjerm\/\" \/>\n<meta property=\"og:site_name\" content=\"Arena Service Team\" \/>\n<meta property=\"article:modified_time\" content=\"2026-01-05T08:48:48+00:00\" \/>\n<meta property=\"og:image\" content=\"https:\/\/www.nettbutikk-tmu.no\/ast\/wp-content\/uploads\/sites\/7\/2020\/04\/196-scaled.jpg\" \/>\n\t<meta property=\"og:image:width\" content=\"1920\" \/>\n\t<meta property=\"og:image:height\" content=\"2560\" \/>\n\t<meta property=\"og:image:type\" content=\"image\/jpeg\" \/>\n<meta name=\"twitter:card\" content=\"summary_large_image\" \/>\n<script type=\"application\/ld+json\" class=\"yoast-schema-graph\">{\"@context\":\"https:\\\/\\\/schema.org\",\"@graph\":[{\"@type\":\"WebPage\",\"@id\":\"https:\\\/\\\/www.nettbutikk-tmu.no\\\/ast\\\/produkt\\\/veggfeste-til-skjerm\\\/\",\"url\":\"https:\\\/\\\/www.nettbutikk-tmu.no\\\/ast\\\/produkt\\\/veggfeste-til-skjerm\\\/\",\"name\":\"Veggfeste til skjerm - Arena Service Team\",\"isPartOf\":{\"@id\":\"https:\\\/\\\/www.nettbutikk-tmu.no\\\/ast\\\/#website\"},\"primaryImageOfPage\":{\"@id\":\"https:\\\/\\\/www.nettbutikk-tmu.no\\\/ast\\\/produkt\\\/veggfeste-til-skjerm\\\/#primaryimage\"},\"image\":{\"@id\":\"https:\\\/\\\/www.nettbutikk-tmu.no\\\/ast\\\/produkt\\\/veggfeste-til-skjerm\\\/#primaryimage\"},\"thumbnailUrl\":\"https:\\\/\\\/www.nettbutikk-tmu.no\\\/ast\\\/wp-content\\\/uploads\\\/sites\\\/7\\\/2020\\\/04\\\/196-scaled.jpg\",\"datePublished\":\"2020-04-08T06:27:40+00:00\",\"dateModified\":\"2026-01-05T08:48:48+00:00\",\"breadcrumb\":{\"@id\":\"https:\\\/\\\/www.nettbutikk-tmu.no\\\/ast\\\/produkt\\\/veggfeste-til-skjerm\\\/#breadcrumb\"},\"inLanguage\":\"nb-NO\",\"potentialAction\":[{\"@type\":\"ReadAction\",\"target\":[\"https:\\\/\\\/www.nettbutikk-tmu.no\\\/ast\\\/produkt\\\/veggfeste-til-skjerm\\\/\"]}]},{\"@type\":\"ImageObject\",\"inLanguage\":\"nb-NO\",\"@id\":\"https:\\\/\\\/www.nettbutikk-tmu.no\\\/ast\\\/produkt\\\/veggfeste-til-skjerm\\\/#primaryimage\",\"url\":\"https:\\\/\\\/www.nettbutikk-tmu.no\\\/ast\\\/wp-content\\\/uploads\\\/sites\\\/7\\\/2020\\\/04\\\/196-scaled.jpg\",\"contentUrl\":\"https:\\\/\\\/www.nettbutikk-tmu.no\\\/ast\\\/wp-content\\\/uploads\\\/sites\\\/7\\\/2020\\\/04\\\/196-scaled.jpg\",\"width\":1920,\"height\":2560},{\"@type\":\"BreadcrumbList\",\"@id\":\"https:\\\/\\\/www.nettbutikk-tmu.no\\\/ast\\\/produkt\\\/veggfeste-til-skjerm\\\/#breadcrumb\",\"itemListElement\":[{\"@type\":\"ListItem\",\"position\":1,\"name\":\"Hjem\",\"item\":\"https:\\\/\\\/www.nettbutikk-tmu.no\\\/ast\\\/\"},{\"@type\":\"ListItem\",\"position\":2,\"name\":\"Butikk\",\"item\":\"https:\\\/\\\/www.nettbutikk-tmu.no\\\/ast\\\/butikk\\\/\"},{\"@type\":\"ListItem\",\"position\":3,\"name\":\"Veggfeste til skjerm\"}]},{\"@type\":\"WebSite\",\"@id\":\"https:\\\/\\\/www.nettbutikk-tmu.no\\\/ast\\\/#website\",\"url\":\"https:\\\/\\\/www.nettbutikk-tmu.no\\\/ast\\\/\",\"name\":\"Arena Service Team\",\"description\":\"Messer og event\",\"publisher\":{\"@id\":\"https:\\\/\\\/www.nettbutikk-tmu.no\\\/ast\\\/#organization\"},\"potentialAction\":[{\"@type\":\"SearchAction\",\"target\":{\"@type\":\"EntryPoint\",\"urlTemplate\":\"https:\\\/\\\/www.nettbutikk-tmu.no\\\/ast\\\/?s={search_term_string}\"},\"query-input\":{\"@type\":\"PropertyValueSpecification\",\"valueRequired\":true,\"valueName\":\"search_term_string\"}}],\"inLanguage\":\"nb-NO\"},{\"@type\":\"Organization\",\"@id\":\"https:\\\/\\\/www.nettbutikk-tmu.no\\\/ast\\\/#organization\",\"name\":\"Arena Service Team\",\"url\":\"https:\\\/\\\/www.nettbutikk-tmu.no\\\/ast\\\/\",\"logo\":{\"@type\":\"ImageObject\",\"inLanguage\":\"nb-NO\",\"@id\":\"https:\\\/\\\/www.nettbutikk-tmu.no\\\/ast\\\/#\\\/schema\\\/logo\\\/image\\\/\",\"url\":\"https:\\\/\\\/www.nettbutikk-tmu.no\\\/ast\\\/wp-content\\\/uploads\\\/sites\\\/7\\\/2025\\\/07\\\/cropped-AST_logo_liggende-blaa-scaled-2.png\",\"contentUrl\":\"https:\\\/\\\/www.nettbutikk-tmu.no\\\/ast\\\/wp-content\\\/uploads\\\/sites\\\/7\\\/2025\\\/07\\\/cropped-AST_logo_liggende-blaa-scaled-2.png\",\"width\":2560,\"height\":512,\"caption\":\"Arena Service Team\"},\"image\":{\"@id\":\"https:\\\/\\\/www.nettbutikk-tmu.no\\\/ast\\\/#\\\/schema\\\/logo\\\/image\\\/\"}}]}<\/script>\n<!-- \/ Yoast SEO plugin. -->","yoast_head_json":{"title":"Veggfeste til skjerm - Arena Service Team","robots":{"index":"index","follow":"follow","max-snippet":"max-snippet:-1","max-image-preview":"max-image-preview:large","max-video-preview":"max-video-preview:-1"},"canonical":"https:\/\/www.nettbutikk-tmu.no\/ast\/produkt\/veggfeste-til-skjerm\/","og_locale":"nb_NO","og_type":"article","og_title":"Veggfeste til skjerm - Arena Service Team","og_description":"Veggfeste for messevegg til skjermer 32'' - 50''.  Husk ogs\u00e5 \u00e5 opplyse om \u00f8nsket plassering og h\u00f8yde fra gulv.  V\u00e6r oppmerksom p\u00e5 at det ikke er alle steder som egner seg for vegghengt TV. I noen tilfeller kan det v\u00e6re n\u00f8dvendig med ekstra st\u00f8tte av veggen. Veggfestene er beregnet til bruk sammen med v\u00e5re skjermer. Ved bestilling av veggfeste til egne skjermer er det kundens ansvar \u00e5 medbringe n\u00f8dvendig brakett for montering av skjerm p\u00e5 veggfeste, samt oppheng av skjermen.","og_url":"https:\/\/www.nettbutikk-tmu.no\/ast\/produkt\/veggfeste-til-skjerm\/","og_site_name":"Arena Service Team","article_modified_time":"2026-01-05T08:48:48+00:00","og_image":[{"width":1920,"height":2560,"url":"https:\/\/www.nettbutikk-tmu.no\/ast\/wp-content\/uploads\/sites\/7\/2020\/04\/196-scaled.jpg","type":"image\/jpeg"}],"twitter_card":"summary_large_image","schema":{"@context":"https:\/\/schema.org","@graph":[{"@type":"WebPage","@id":"https:\/\/www.nettbutikk-tmu.no\/ast\/produkt\/veggfeste-til-skjerm\/","url":"https:\/\/www.nettbutikk-tmu.no\/ast\/produkt\/veggfeste-til-skjerm\/","name":"Veggfeste til skjerm - Arena Service Team","isPartOf":{"@id":"https:\/\/www.nettbutikk-tmu.no\/ast\/#website"},"primaryImageOfPage":{"@id":"https:\/\/www.nettbutikk-tmu.no\/ast\/produkt\/veggfeste-til-skjerm\/#primaryimage"},"image":{"@id":"https:\/\/www.nettbutikk-tmu.no\/ast\/produkt\/veggfeste-til-skjerm\/#primaryimage"},"thumbnailUrl":"https:\/\/www.nettbutikk-tmu.no\/ast\/wp-content\/uploads\/sites\/7\/2020\/04\/196-scaled.jpg","datePublished":"2020-04-08T06:27:40+00:00","dateModified":"2026-01-05T08:48:48+00:00","breadcrumb":{"@id":"https:\/\/www.nettbutikk-tmu.no\/ast\/produkt\/veggfeste-til-skjerm\/#breadcrumb"},"inLanguage":"nb-NO","potentialAction":[{"@type":"ReadAction","target":["https:\/\/www.nettbutikk-tmu.no\/ast\/produkt\/veggfeste-til-skjerm\/"]}]},{"@type":"ImageObject","inLanguage":"nb-NO","@id":"https:\/\/www.nettbutikk-tmu.no\/ast\/produkt\/veggfeste-til-skjerm\/#primaryimage","url":"https:\/\/www.nettbutikk-tmu.no\/ast\/wp-content\/uploads\/sites\/7\/2020\/04\/196-scaled.jpg","contentUrl":"https:\/\/www.nettbutikk-tmu.no\/ast\/wp-content\/uploads\/sites\/7\/2020\/04\/196-scaled.jpg","width":1920,"height":2560},{"@type":"BreadcrumbList","@id":"https:\/\/www.nettbutikk-tmu.no\/ast\/produkt\/veggfeste-til-skjerm\/#breadcrumb","itemListElement":[{"@type":"ListItem","position":1,"name":"Hjem","item":"https:\/\/www.nettbutikk-tmu.no\/ast\/"},{"@type":"ListItem","position":2,"name":"Butikk","item":"https:\/\/www.nettbutikk-tmu.no\/ast\/butikk\/"},{"@type":"ListItem","position":3,"name":"Veggfeste til skjerm"}]},{"@type":"WebSite","@id":"https:\/\/www.nettbutikk-tmu.no\/ast\/#website","url":"https:\/\/www.nettbutikk-tmu.no\/ast\/","name":"Arena Service Team","description":"Messer og event","publisher":{"@id":"https:\/\/www.nettbutikk-tmu.no\/ast\/#organization"},"potentialAction":[{"@type":"SearchAction","target":{"@type":"EntryPoint","urlTemplate":"https:\/\/www.nettbutikk-tmu.no\/ast\/?s={search_term_string}"},"query-input":{"@type":"PropertyValueSpecification","valueRequired":true,"valueName":"search_term_string"}}],"inLanguage":"nb-NO"},{"@type":"Organization","@id":"https:\/\/www.nettbutikk-tmu.no\/ast\/#organization","name":"Arena Service Team","url":"https:\/\/www.nettbutikk-tmu.no\/ast\/","logo":{"@type":"ImageObject","inLanguage":"nb-NO","@id":"https:\/\/www.nettbutikk-tmu.no\/ast\/#\/schema\/logo\/image\/","url":"https:\/\/www.nettbutikk-tmu.no\/ast\/wp-content\/uploads\/sites\/7\/2025\/07\/cropped-AST_logo_liggende-blaa-scaled-2.png","contentUrl":"https:\/\/www.nettbutikk-tmu.no\/ast\/wp-content\/uploads\/sites\/7\/2025\/07\/cropped-AST_logo_liggende-blaa-scaled-2.png","width":2560,"height":512,"caption":"Arena Service Team"},"image":{"@id":"https:\/\/www.nettbutikk-tmu.no\/ast\/#\/schema\/logo\/image\/"}}]}},"lang":"nb","translations":{"nb":1076,"en":1078},"pll_sync_post":[],"_links":{"self":[{"href":"https:\/\/www.nettbutikk-tmu.no\/ast\/wp-json\/wp\/v2\/product\/1076","targetHints":{"allow":["GET"]}}],"collection":[{"href":"https:\/\/www.nettbutikk-tmu.no\/ast\/wp-json\/wp\/v2\/product"}],"about":[{"href":"https:\/\/www.nettbutikk-tmu.no\/ast\/wp-json\/wp\/v2\/types\/product"}],"wp:featuredmedia":[{"embeddable":true,"href":"https:\/\/www.nettbutikk-tmu.no\/ast\/wp-json\/wp\/v2\/media\/1077"}],"wp:attachment":[{"href":"https:\/\/www.nettbutikk-tmu.no\/ast\/wp-json\/wp\/v2\/media?parent=1076"}],"wp:term":[{"taxonomy":"product_brand","embeddable":true,"href":"https:\/\/www.nettbutikk-tmu.no\/ast\/wp-json\/wp\/v2\/product_brand?post=1076"},{"taxonomy":"product_cat","embeddable":true,"href":"https:\/\/www.nettbutikk-tmu.no\/ast\/wp-json\/wp\/v2\/product_cat?post=1076"},{"taxonomy":"product_tag","embeddable":true,"href":"https:\/\/www.nettbutikk-tmu.no\/ast\/wp-json\/wp\/v2\/product_tag?post=1076"}],"curies":[{"name":"wp","href":"https:\/\/api.w.org\/{rel}","templated":true}]}}