{"id":837,"date":"2018-12-06T00:00:00","date_gmt":"2018-12-05T23:00:00","guid":{"rendered":"https:\/\/www.nettbutikk-tmu.no\/ast\/produkt\/b2b-alkove-sofa-mork-gra\/"},"modified":"2026-01-05T08:33:54","modified_gmt":"2026-01-05T07:33:54","slug":"b2b-alkove-sofa-mork-gra","status":"publish","type":"product","link":"https:\/\/www.nettbutikk-tmu.no\/ast\/produkt\/b2b-alkove-sofa-mork-gra\/","title":{"rendered":"&#8220;B2B&#8221; ALKOVE SOFA, M\u00d8RK GR\u00c5"},"content":{"rendered":"<div class=\"container\">\n<div class=\"content-wrapper\">\n<div class=\"content\">\n<div class=\"product-details\">\n<div class=\"product-info\">\n<div class=\"product-description\">Sofa i tekstil, med sidevanger og rygg som gj\u00f8r den til mer enn en bare en sofa.<br \/>\nMan f\u00e5r f\u00f8lelsen av \u00e5 sitte i en privat oase, og skaper p\u00e5 den m\u00e5ten et rom i rommet.<br \/>\nSitteh\u00f8yde 42 cm. Ryggh\u00f8yde 72 cm.<br \/>\nSofaen leveres i 5 forskjellige farger; M\u00f8rk Gr\u00e5\u00a0 Gr\u00e5tt, R\u00f8dt, Sort og Lime<\/div>\n<\/div>\n<\/div>\n<\/div>\n<\/div>\n<\/div>\n","protected":false},"excerpt":{"rendered":"<div class=\"container\">\n<div class=\"content-wrapper\">\n<div class=\"content\">\n<div class=\"product-details\">\n<div class=\"product-info\">\n<div class=\"product-description\">Sofa i tekstil, med h\u00f8ye rygg og sidevanger.<\/div>\n<\/div>\n<\/div>\n<\/div>\n<\/div>\n<\/div>\n","protected":false},"featured_media":2305,"template":"","meta":{"_acf_changed":false},"product_brand":[],"product_cat":[330,433],"product_tag":[2341,2348,2343,2350],"class_list":{"0":"post-837","1":"product","2":"type-product","3":"status-publish","4":"has-post-thumbnail","6":"product_cat-mobler","7":"product_cat-sofa","8":"product_tag-lounge-furniture-4","9":"product_tag-lounge-sofa-7","10":"product_tag-salong-sofa-4","11":"product_tag-salongmobler-7","12":"tmu_product_supplier-teppe-og-mobelutleie-as-malerbua-utleie-as","14":"first","15":"instock","16":"taxable","17":"shipping-taxable","18":"purchasable","19":"product-type-simple"},"acf":[],"yoast_head":"<!-- This site is optimized with the Yoast SEO plugin v27.4 - https:\/\/yoast.com\/product\/yoast-seo-wordpress\/ -->\n<title>&quot;B2B&quot; ALKOVE SOFA, M\u00d8RK GR\u00c5 - Arena Service Team<\/title>\n<meta name=\"robots\" content=\"index, follow, max-snippet:-1, max-image-preview:large, max-video-preview:-1\" \/>\n<link rel=\"canonical\" href=\"https:\/\/www.nettbutikk-tmu.no\/ast\/produkt\/b2b-alkove-sofa-mork-gra\/\" \/>\n<meta property=\"og:locale\" content=\"nb_NO\" \/>\n<meta property=\"og:type\" content=\"article\" \/>\n<meta property=\"og:title\" content=\"&quot;B2B&quot; ALKOVE SOFA, M\u00d8RK GR\u00c5 - Arena Service Team\" \/>\n<meta property=\"og:description\" content=\"Sofa i tekstil, med h\u00f8ye rygg og sidevanger.\" \/>\n<meta property=\"og:url\" content=\"https:\/\/www.nettbutikk-tmu.no\/ast\/produkt\/b2b-alkove-sofa-mork-gra\/\" \/>\n<meta property=\"og:site_name\" content=\"Arena Service Team\" \/>\n<meta property=\"article:modified_time\" content=\"2026-01-05T07:33:54+00:00\" \/>\n<meta property=\"og:image\" content=\"https:\/\/www.nettbutikk-tmu.no\/ast\/wp-content\/uploads\/sites\/7\/2022\/02\/1851.jpg\" \/>\n\t<meta property=\"og:image:width\" content=\"1000\" \/>\n\t<meta property=\"og:image:height\" content=\"1000\" \/>\n\t<meta property=\"og:image:type\" content=\"image\/jpeg\" \/>\n<meta name=\"twitter:card\" content=\"summary_large_image\" \/>\n<script type=\"application\/ld+json\" class=\"yoast-schema-graph\">{\"@context\":\"https:\\\/\\\/schema.org\",\"@graph\":[{\"@type\":\"WebPage\",\"@id\":\"https:\\\/\\\/www.nettbutikk-tmu.no\\\/ast\\\/produkt\\\/b2b-alkove-sofa-mork-gra\\\/\",\"url\":\"https:\\\/\\\/www.nettbutikk-tmu.no\\\/ast\\\/produkt\\\/b2b-alkove-sofa-mork-gra\\\/\",\"name\":\"\\\"B2B\\\" ALKOVE SOFA, M\u00d8RK GR\u00c5 - Arena Service Team\",\"isPartOf\":{\"@id\":\"https:\\\/\\\/www.nettbutikk-tmu.no\\\/ast\\\/#website\"},\"primaryImageOfPage\":{\"@id\":\"https:\\\/\\\/www.nettbutikk-tmu.no\\\/ast\\\/produkt\\\/b2b-alkove-sofa-mork-gra\\\/#primaryimage\"},\"image\":{\"@id\":\"https:\\\/\\\/www.nettbutikk-tmu.no\\\/ast\\\/produkt\\\/b2b-alkove-sofa-mork-gra\\\/#primaryimage\"},\"thumbnailUrl\":\"https:\\\/\\\/www.nettbutikk-tmu.no\\\/ast\\\/wp-content\\\/uploads\\\/sites\\\/7\\\/2022\\\/02\\\/1851.jpg\",\"datePublished\":\"2018-12-05T23:00:00+00:00\",\"dateModified\":\"2026-01-05T07:33:54+00:00\",\"breadcrumb\":{\"@id\":\"https:\\\/\\\/www.nettbutikk-tmu.no\\\/ast\\\/produkt\\\/b2b-alkove-sofa-mork-gra\\\/#breadcrumb\"},\"inLanguage\":\"nb-NO\",\"potentialAction\":[{\"@type\":\"ReadAction\",\"target\":[\"https:\\\/\\\/www.nettbutikk-tmu.no\\\/ast\\\/produkt\\\/b2b-alkove-sofa-mork-gra\\\/\"]}]},{\"@type\":\"ImageObject\",\"inLanguage\":\"nb-NO\",\"@id\":\"https:\\\/\\\/www.nettbutikk-tmu.no\\\/ast\\\/produkt\\\/b2b-alkove-sofa-mork-gra\\\/#primaryimage\",\"url\":\"https:\\\/\\\/www.nettbutikk-tmu.no\\\/ast\\\/wp-content\\\/uploads\\\/sites\\\/7\\\/2022\\\/02\\\/1851.jpg\",\"contentUrl\":\"https:\\\/\\\/www.nettbutikk-tmu.no\\\/ast\\\/wp-content\\\/uploads\\\/sites\\\/7\\\/2022\\\/02\\\/1851.jpg\",\"width\":1000,\"height\":1000},{\"@type\":\"BreadcrumbList\",\"@id\":\"https:\\\/\\\/www.nettbutikk-tmu.no\\\/ast\\\/produkt\\\/b2b-alkove-sofa-mork-gra\\\/#breadcrumb\",\"itemListElement\":[{\"@type\":\"ListItem\",\"position\":1,\"name\":\"Hjem\",\"item\":\"https:\\\/\\\/www.nettbutikk-tmu.no\\\/ast\\\/\"},{\"@type\":\"ListItem\",\"position\":2,\"name\":\"Butikk\",\"item\":\"https:\\\/\\\/www.nettbutikk-tmu.no\\\/ast\\\/butikk\\\/\"},{\"@type\":\"ListItem\",\"position\":3,\"name\":\"&#8220;B2B&#8221; ALKOVE SOFA, M\u00d8RK GR\u00c5\"}]},{\"@type\":\"WebSite\",\"@id\":\"https:\\\/\\\/www.nettbutikk-tmu.no\\\/ast\\\/#website\",\"url\":\"https:\\\/\\\/www.nettbutikk-tmu.no\\\/ast\\\/\",\"name\":\"Arena Service Team\",\"description\":\"Messer og event\",\"publisher\":{\"@id\":\"https:\\\/\\\/www.nettbutikk-tmu.no\\\/ast\\\/#organization\"},\"potentialAction\":[{\"@type\":\"SearchAction\",\"target\":{\"@type\":\"EntryPoint\",\"urlTemplate\":\"https:\\\/\\\/www.nettbutikk-tmu.no\\\/ast\\\/?s={search_term_string}\"},\"query-input\":{\"@type\":\"PropertyValueSpecification\",\"valueRequired\":true,\"valueName\":\"search_term_string\"}}],\"inLanguage\":\"nb-NO\"},{\"@type\":\"Organization\",\"@id\":\"https:\\\/\\\/www.nettbutikk-tmu.no\\\/ast\\\/#organization\",\"name\":\"Arena Service Team\",\"url\":\"https:\\\/\\\/www.nettbutikk-tmu.no\\\/ast\\\/\",\"logo\":{\"@type\":\"ImageObject\",\"inLanguage\":\"nb-NO\",\"@id\":\"https:\\\/\\\/www.nettbutikk-tmu.no\\\/ast\\\/#\\\/schema\\\/logo\\\/image\\\/\",\"url\":\"https:\\\/\\\/www.nettbutikk-tmu.no\\\/ast\\\/wp-content\\\/uploads\\\/sites\\\/7\\\/2025\\\/07\\\/cropped-AST_logo_liggende-blaa-scaled-2.png\",\"contentUrl\":\"https:\\\/\\\/www.nettbutikk-tmu.no\\\/ast\\\/wp-content\\\/uploads\\\/sites\\\/7\\\/2025\\\/07\\\/cropped-AST_logo_liggende-blaa-scaled-2.png\",\"width\":2560,\"height\":512,\"caption\":\"Arena Service Team\"},\"image\":{\"@id\":\"https:\\\/\\\/www.nettbutikk-tmu.no\\\/ast\\\/#\\\/schema\\\/logo\\\/image\\\/\"}}]}<\/script>\n<!-- \/ Yoast SEO plugin. -->","yoast_head_json":{"title":"\"B2B\" ALKOVE SOFA, M\u00d8RK GR\u00c5 - Arena Service Team","robots":{"index":"index","follow":"follow","max-snippet":"max-snippet:-1","max-image-preview":"max-image-preview:large","max-video-preview":"max-video-preview:-1"},"canonical":"https:\/\/www.nettbutikk-tmu.no\/ast\/produkt\/b2b-alkove-sofa-mork-gra\/","og_locale":"nb_NO","og_type":"article","og_title":"\"B2B\" ALKOVE SOFA, M\u00d8RK GR\u00c5 - Arena Service Team","og_description":"Sofa i tekstil, med h\u00f8ye rygg og sidevanger.","og_url":"https:\/\/www.nettbutikk-tmu.no\/ast\/produkt\/b2b-alkove-sofa-mork-gra\/","og_site_name":"Arena Service Team","article_modified_time":"2026-01-05T07:33:54+00:00","og_image":[{"width":1000,"height":1000,"url":"https:\/\/www.nettbutikk-tmu.no\/ast\/wp-content\/uploads\/sites\/7\/2022\/02\/1851.jpg","type":"image\/jpeg"}],"twitter_card":"summary_large_image","schema":{"@context":"https:\/\/schema.org","@graph":[{"@type":"WebPage","@id":"https:\/\/www.nettbutikk-tmu.no\/ast\/produkt\/b2b-alkove-sofa-mork-gra\/","url":"https:\/\/www.nettbutikk-tmu.no\/ast\/produkt\/b2b-alkove-sofa-mork-gra\/","name":"\"B2B\" ALKOVE SOFA, M\u00d8RK GR\u00c5 - Arena Service Team","isPartOf":{"@id":"https:\/\/www.nettbutikk-tmu.no\/ast\/#website"},"primaryImageOfPage":{"@id":"https:\/\/www.nettbutikk-tmu.no\/ast\/produkt\/b2b-alkove-sofa-mork-gra\/#primaryimage"},"image":{"@id":"https:\/\/www.nettbutikk-tmu.no\/ast\/produkt\/b2b-alkove-sofa-mork-gra\/#primaryimage"},"thumbnailUrl":"https:\/\/www.nettbutikk-tmu.no\/ast\/wp-content\/uploads\/sites\/7\/2022\/02\/1851.jpg","datePublished":"2018-12-05T23:00:00+00:00","dateModified":"2026-01-05T07:33:54+00:00","breadcrumb":{"@id":"https:\/\/www.nettbutikk-tmu.no\/ast\/produkt\/b2b-alkove-sofa-mork-gra\/#breadcrumb"},"inLanguage":"nb-NO","potentialAction":[{"@type":"ReadAction","target":["https:\/\/www.nettbutikk-tmu.no\/ast\/produkt\/b2b-alkove-sofa-mork-gra\/"]}]},{"@type":"ImageObject","inLanguage":"nb-NO","@id":"https:\/\/www.nettbutikk-tmu.no\/ast\/produkt\/b2b-alkove-sofa-mork-gra\/#primaryimage","url":"https:\/\/www.nettbutikk-tmu.no\/ast\/wp-content\/uploads\/sites\/7\/2022\/02\/1851.jpg","contentUrl":"https:\/\/www.nettbutikk-tmu.no\/ast\/wp-content\/uploads\/sites\/7\/2022\/02\/1851.jpg","width":1000,"height":1000},{"@type":"BreadcrumbList","@id":"https:\/\/www.nettbutikk-tmu.no\/ast\/produkt\/b2b-alkove-sofa-mork-gra\/#breadcrumb","itemListElement":[{"@type":"ListItem","position":1,"name":"Hjem","item":"https:\/\/www.nettbutikk-tmu.no\/ast\/"},{"@type":"ListItem","position":2,"name":"Butikk","item":"https:\/\/www.nettbutikk-tmu.no\/ast\/butikk\/"},{"@type":"ListItem","position":3,"name":"&#8220;B2B&#8221; ALKOVE SOFA, M\u00d8RK GR\u00c5"}]},{"@type":"WebSite","@id":"https:\/\/www.nettbutikk-tmu.no\/ast\/#website","url":"https:\/\/www.nettbutikk-tmu.no\/ast\/","name":"Arena Service Team","description":"Messer og event","publisher":{"@id":"https:\/\/www.nettbutikk-tmu.no\/ast\/#organization"},"potentialAction":[{"@type":"SearchAction","target":{"@type":"EntryPoint","urlTemplate":"https:\/\/www.nettbutikk-tmu.no\/ast\/?s={search_term_string}"},"query-input":{"@type":"PropertyValueSpecification","valueRequired":true,"valueName":"search_term_string"}}],"inLanguage":"nb-NO"},{"@type":"Organization","@id":"https:\/\/www.nettbutikk-tmu.no\/ast\/#organization","name":"Arena Service Team","url":"https:\/\/www.nettbutikk-tmu.no\/ast\/","logo":{"@type":"ImageObject","inLanguage":"nb-NO","@id":"https:\/\/www.nettbutikk-tmu.no\/ast\/#\/schema\/logo\/image\/","url":"https:\/\/www.nettbutikk-tmu.no\/ast\/wp-content\/uploads\/sites\/7\/2025\/07\/cropped-AST_logo_liggende-blaa-scaled-2.png","contentUrl":"https:\/\/www.nettbutikk-tmu.no\/ast\/wp-content\/uploads\/sites\/7\/2025\/07\/cropped-AST_logo_liggende-blaa-scaled-2.png","width":2560,"height":512,"caption":"Arena Service Team"},"image":{"@id":"https:\/\/www.nettbutikk-tmu.no\/ast\/#\/schema\/logo\/image\/"}}]}},"lang":"nb","translations":{"nb":837,"en":836},"pll_sync_post":[],"_links":{"self":[{"href":"https:\/\/www.nettbutikk-tmu.no\/ast\/wp-json\/wp\/v2\/product\/837","targetHints":{"allow":["GET"]}}],"collection":[{"href":"https:\/\/www.nettbutikk-tmu.no\/ast\/wp-json\/wp\/v2\/product"}],"about":[{"href":"https:\/\/www.nettbutikk-tmu.no\/ast\/wp-json\/wp\/v2\/types\/product"}],"wp:featuredmedia":[{"embeddable":true,"href":"https:\/\/www.nettbutikk-tmu.no\/ast\/wp-json\/wp\/v2\/media\/2305"}],"wp:attachment":[{"href":"https:\/\/www.nettbutikk-tmu.no\/ast\/wp-json\/wp\/v2\/media?parent=837"}],"wp:term":[{"taxonomy":"product_brand","embeddable":true,"href":"https:\/\/www.nettbutikk-tmu.no\/ast\/wp-json\/wp\/v2\/product_brand?post=837"},{"taxonomy":"product_cat","embeddable":true,"href":"https:\/\/www.nettbutikk-tmu.no\/ast\/wp-json\/wp\/v2\/product_cat?post=837"},{"taxonomy":"product_tag","embeddable":true,"href":"https:\/\/www.nettbutikk-tmu.no\/ast\/wp-json\/wp\/v2\/product_tag?post=837"}],"curies":[{"name":"wp","href":"https:\/\/api.w.org\/{rel}","templated":true}]}}