{"id":854,"date":"2019-08-14T08:34:15","date_gmt":"2019-08-14T06:34:15","guid":{"rendered":"https:\/\/www.nettbutikk-tmu.no\/bergenexpo\/?post_type=product&#038;p=854"},"modified":"2022-02-14T13:44:44","modified_gmt":"2022-02-14T12:44:44","slug":"quick-up-3x3-umontert","status":"publish","type":"product","link":"https:\/\/www.nettbutikk-tmu.no\/bergenexpo\/produkt\/quick-up-3x3-umontert\/","title":{"rendered":"Quick-up 3X3 Umontert"},"content":{"rendered":"<p>Quick-up telt setter du opp p\u00e5 et par minutter.<br \/>\nDu kan selv justere h\u00f8yden p\u00e5 teltet. Rammeverket er i lett og robust aluminium.<br \/>\nTak og sidevegger er i solid polyester. Veggene monteres med borrel\u00e5s.<br \/>\nN\u00e5r du setter sammen flere telt, skj\u00f8tes sideveggene enkelt med glidel\u00e5s. Flere telt kan monteres sammen.<\/p>\n","protected":false},"excerpt":{"rendered":"<p>Vi beregner lokal transport p\u00e5 alle ordrer:<br \/>\nFor ordrebel\u00f8p under kr. 5.000.- er prisen kr. 1040.-<br \/>\nOrdrebel\u00f8p over kr. 5.000.- er transport kostnad 20% av Ordrebel\u00f8p .<\/p>\n","protected":false},"featured_media":856,"template":"","meta":{"_acf_changed":false},"product_brand":[],"product_cat":[2657],"product_tag":[2672,2659,2663],"class_list":{"0":"post-854","1":"product","2":"type-product","3":"status-publish","4":"has-post-thumbnail","6":"product_cat-telt","7":"product_tag-quick-up","8":"product_tag-telt","9":"product_tag-tent","10":"tmu_product_supplier-bergen-expo","12":"first","13":"instock","14":"taxable","15":"shipping-taxable","16":"purchasable","17":"product-type-simple"},"acf":[],"yoast_head":"<!-- This site is optimized with the Yoast SEO plugin v27.3 - https:\/\/yoast.com\/product\/yoast-seo-wordpress\/ -->\n<title>Quick-up 3X3 Umontert - Bergen Expo<\/title>\n<meta name=\"robots\" content=\"noindex, follow, max-snippet:-1, max-image-preview:large, max-video-preview:-1\" \/>\n<meta property=\"og:locale\" content=\"nb_NO\" \/>\n<meta property=\"og:type\" content=\"article\" \/>\n<meta property=\"og:title\" content=\"Quick-up 3X3 Umontert - Bergen Expo\" \/>\n<meta property=\"og:description\" content=\"Vi beregner lokal transport p\u00e5 alle ordrer: For ordrebel\u00f8p under kr. 5.000.- er prisen kr. 1040.- Ordrebel\u00f8p over kr. 5.000.- er transport kostnad 20% av Ordrebel\u00f8p .\" \/>\n<meta property=\"og:url\" content=\"https:\/\/www.nettbutikk-tmu.no\/bergenexpo\/produkt\/quick-up-3x3-umontert\/\" \/>\n<meta property=\"og:site_name\" content=\"Bergen Expo\" \/>\n<meta property=\"article:modified_time\" content=\"2022-02-14T12:44:44+00:00\" \/>\n<meta property=\"og:image\" content=\"https:\/\/www.nettbutikk-tmu.no\/bergenexpo\/wp-content\/uploads\/sites\/3\/2019\/08\/84581_StandUp_telt_3x3_meter_1.jpg\" \/>\n\t<meta property=\"og:image:width\" content=\"1000\" \/>\n\t<meta property=\"og:image:height\" content=\"1000\" \/>\n\t<meta property=\"og:image:type\" content=\"image\/jpeg\" \/>\n<meta name=\"twitter:card\" content=\"summary_large_image\" \/>\n<script type=\"application\/ld+json\" class=\"yoast-schema-graph\">{\"@context\":\"https:\\\/\\\/schema.org\",\"@graph\":[{\"@type\":\"WebPage\",\"@id\":\"https:\\\/\\\/www.nettbutikk-tmu.no\\\/bergenexpo\\\/produkt\\\/quick-up-3x3-umontert\\\/\",\"url\":\"https:\\\/\\\/www.nettbutikk-tmu.no\\\/bergenexpo\\\/produkt\\\/quick-up-3x3-umontert\\\/\",\"name\":\"Quick-up 3X3 Umontert - Bergen Expo\",\"isPartOf\":{\"@id\":\"https:\\\/\\\/www.nettbutikk-tmu.no\\\/bergenexpo\\\/#website\"},\"primaryImageOfPage\":{\"@id\":\"https:\\\/\\\/www.nettbutikk-tmu.no\\\/bergenexpo\\\/produkt\\\/quick-up-3x3-umontert\\\/#primaryimage\"},\"image\":{\"@id\":\"https:\\\/\\\/www.nettbutikk-tmu.no\\\/bergenexpo\\\/produkt\\\/quick-up-3x3-umontert\\\/#primaryimage\"},\"thumbnailUrl\":\"https:\\\/\\\/www.nettbutikk-tmu.no\\\/bergenexpo\\\/wp-content\\\/uploads\\\/sites\\\/3\\\/2019\\\/08\\\/84581_StandUp_telt_3x3_meter_1.jpg\",\"datePublished\":\"2019-08-14T06:34:15+00:00\",\"dateModified\":\"2022-02-14T12:44:44+00:00\",\"breadcrumb\":{\"@id\":\"https:\\\/\\\/www.nettbutikk-tmu.no\\\/bergenexpo\\\/produkt\\\/quick-up-3x3-umontert\\\/#breadcrumb\"},\"inLanguage\":\"nb-NO\",\"potentialAction\":[{\"@type\":\"ReadAction\",\"target\":[\"https:\\\/\\\/www.nettbutikk-tmu.no\\\/bergenexpo\\\/produkt\\\/quick-up-3x3-umontert\\\/\"]}]},{\"@type\":\"ImageObject\",\"inLanguage\":\"nb-NO\",\"@id\":\"https:\\\/\\\/www.nettbutikk-tmu.no\\\/bergenexpo\\\/produkt\\\/quick-up-3x3-umontert\\\/#primaryimage\",\"url\":\"https:\\\/\\\/www.nettbutikk-tmu.no\\\/bergenexpo\\\/wp-content\\\/uploads\\\/sites\\\/3\\\/2019\\\/08\\\/84581_StandUp_telt_3x3_meter_1.jpg\",\"contentUrl\":\"https:\\\/\\\/www.nettbutikk-tmu.no\\\/bergenexpo\\\/wp-content\\\/uploads\\\/sites\\\/3\\\/2019\\\/08\\\/84581_StandUp_telt_3x3_meter_1.jpg\",\"width\":1000,\"height\":1000},{\"@type\":\"BreadcrumbList\",\"@id\":\"https:\\\/\\\/www.nettbutikk-tmu.no\\\/bergenexpo\\\/produkt\\\/quick-up-3x3-umontert\\\/#breadcrumb\",\"itemListElement\":[{\"@type\":\"ListItem\",\"position\":1,\"name\":\"Hjem\",\"item\":\"https:\\\/\\\/www.nettbutikk-tmu.no\\\/bergenexpo\\\/\"},{\"@type\":\"ListItem\",\"position\":2,\"name\":\"Butikk\",\"item\":\"https:\\\/\\\/www.nettbutikk-tmu.no\\\/bergenexpo\\\/\"},{\"@type\":\"ListItem\",\"position\":3,\"name\":\"Quick-up 3X3 Umontert\"}]},{\"@type\":\"WebSite\",\"@id\":\"https:\\\/\\\/www.nettbutikk-tmu.no\\\/bergenexpo\\\/#website\",\"url\":\"https:\\\/\\\/www.nettbutikk-tmu.no\\\/bergenexpo\\\/\",\"name\":\"Bergen Expo\",\"description\":\"\",\"publisher\":{\"@id\":\"https:\\\/\\\/www.nettbutikk-tmu.no\\\/bergenexpo\\\/#organization\"},\"potentialAction\":[{\"@type\":\"SearchAction\",\"target\":{\"@type\":\"EntryPoint\",\"urlTemplate\":\"https:\\\/\\\/www.nettbutikk-tmu.no\\\/bergenexpo\\\/?s={search_term_string}\"},\"query-input\":{\"@type\":\"PropertyValueSpecification\",\"valueRequired\":true,\"valueName\":\"search_term_string\"}}],\"inLanguage\":\"nb-NO\"},{\"@type\":\"Organization\",\"@id\":\"https:\\\/\\\/www.nettbutikk-tmu.no\\\/bergenexpo\\\/#organization\",\"name\":\"Bergen Expo\",\"url\":\"https:\\\/\\\/www.nettbutikk-tmu.no\\\/bergenexpo\\\/\",\"logo\":{\"@type\":\"ImageObject\",\"inLanguage\":\"nb-NO\",\"@id\":\"https:\\\/\\\/www.nettbutikk-tmu.no\\\/bergenexpo\\\/#\\\/schema\\\/logo\\\/image\\\/\",\"url\":\"https:\\\/\\\/www.nettbutikk-tmu.no\\\/bergenexpo\\\/wp-content\\\/uploads\\\/sites\\\/3\\\/2019\\\/03\\\/cropped-bergenexpo.png\",\"contentUrl\":\"https:\\\/\\\/www.nettbutikk-tmu.no\\\/bergenexpo\\\/wp-content\\\/uploads\\\/sites\\\/3\\\/2019\\\/03\\\/cropped-bergenexpo.png\",\"width\":179,\"height\":73,\"caption\":\"Bergen Expo\"},\"image\":{\"@id\":\"https:\\\/\\\/www.nettbutikk-tmu.no\\\/bergenexpo\\\/#\\\/schema\\\/logo\\\/image\\\/\"}}]}<\/script>\n<!-- \/ Yoast SEO plugin. -->","yoast_head_json":{"title":"Quick-up 3X3 Umontert - Bergen Expo","robots":{"index":"noindex","follow":"follow","max-snippet":"max-snippet:-1","max-image-preview":"max-image-preview:large","max-video-preview":"max-video-preview:-1"},"og_locale":"nb_NO","og_type":"article","og_title":"Quick-up 3X3 Umontert - Bergen Expo","og_description":"Vi beregner lokal transport p\u00e5 alle ordrer: For ordrebel\u00f8p under kr. 5.000.- er prisen kr. 1040.- Ordrebel\u00f8p over kr. 5.000.- er transport kostnad 20% av Ordrebel\u00f8p .","og_url":"https:\/\/www.nettbutikk-tmu.no\/bergenexpo\/produkt\/quick-up-3x3-umontert\/","og_site_name":"Bergen Expo","article_modified_time":"2022-02-14T12:44:44+00:00","og_image":[{"width":1000,"height":1000,"url":"https:\/\/www.nettbutikk-tmu.no\/bergenexpo\/wp-content\/uploads\/sites\/3\/2019\/08\/84581_StandUp_telt_3x3_meter_1.jpg","type":"image\/jpeg"}],"twitter_card":"summary_large_image","schema":{"@context":"https:\/\/schema.org","@graph":[{"@type":"WebPage","@id":"https:\/\/www.nettbutikk-tmu.no\/bergenexpo\/produkt\/quick-up-3x3-umontert\/","url":"https:\/\/www.nettbutikk-tmu.no\/bergenexpo\/produkt\/quick-up-3x3-umontert\/","name":"Quick-up 3X3 Umontert - Bergen Expo","isPartOf":{"@id":"https:\/\/www.nettbutikk-tmu.no\/bergenexpo\/#website"},"primaryImageOfPage":{"@id":"https:\/\/www.nettbutikk-tmu.no\/bergenexpo\/produkt\/quick-up-3x3-umontert\/#primaryimage"},"image":{"@id":"https:\/\/www.nettbutikk-tmu.no\/bergenexpo\/produkt\/quick-up-3x3-umontert\/#primaryimage"},"thumbnailUrl":"https:\/\/www.nettbutikk-tmu.no\/bergenexpo\/wp-content\/uploads\/sites\/3\/2019\/08\/84581_StandUp_telt_3x3_meter_1.jpg","datePublished":"2019-08-14T06:34:15+00:00","dateModified":"2022-02-14T12:44:44+00:00","breadcrumb":{"@id":"https:\/\/www.nettbutikk-tmu.no\/bergenexpo\/produkt\/quick-up-3x3-umontert\/#breadcrumb"},"inLanguage":"nb-NO","potentialAction":[{"@type":"ReadAction","target":["https:\/\/www.nettbutikk-tmu.no\/bergenexpo\/produkt\/quick-up-3x3-umontert\/"]}]},{"@type":"ImageObject","inLanguage":"nb-NO","@id":"https:\/\/www.nettbutikk-tmu.no\/bergenexpo\/produkt\/quick-up-3x3-umontert\/#primaryimage","url":"https:\/\/www.nettbutikk-tmu.no\/bergenexpo\/wp-content\/uploads\/sites\/3\/2019\/08\/84581_StandUp_telt_3x3_meter_1.jpg","contentUrl":"https:\/\/www.nettbutikk-tmu.no\/bergenexpo\/wp-content\/uploads\/sites\/3\/2019\/08\/84581_StandUp_telt_3x3_meter_1.jpg","width":1000,"height":1000},{"@type":"BreadcrumbList","@id":"https:\/\/www.nettbutikk-tmu.no\/bergenexpo\/produkt\/quick-up-3x3-umontert\/#breadcrumb","itemListElement":[{"@type":"ListItem","position":1,"name":"Hjem","item":"https:\/\/www.nettbutikk-tmu.no\/bergenexpo\/"},{"@type":"ListItem","position":2,"name":"Butikk","item":"https:\/\/www.nettbutikk-tmu.no\/bergenexpo\/"},{"@type":"ListItem","position":3,"name":"Quick-up 3X3 Umontert"}]},{"@type":"WebSite","@id":"https:\/\/www.nettbutikk-tmu.no\/bergenexpo\/#website","url":"https:\/\/www.nettbutikk-tmu.no\/bergenexpo\/","name":"Bergen Expo","description":"","publisher":{"@id":"https:\/\/www.nettbutikk-tmu.no\/bergenexpo\/#organization"},"potentialAction":[{"@type":"SearchAction","target":{"@type":"EntryPoint","urlTemplate":"https:\/\/www.nettbutikk-tmu.no\/bergenexpo\/?s={search_term_string}"},"query-input":{"@type":"PropertyValueSpecification","valueRequired":true,"valueName":"search_term_string"}}],"inLanguage":"nb-NO"},{"@type":"Organization","@id":"https:\/\/www.nettbutikk-tmu.no\/bergenexpo\/#organization","name":"Bergen Expo","url":"https:\/\/www.nettbutikk-tmu.no\/bergenexpo\/","logo":{"@type":"ImageObject","inLanguage":"nb-NO","@id":"https:\/\/www.nettbutikk-tmu.no\/bergenexpo\/#\/schema\/logo\/image\/","url":"https:\/\/www.nettbutikk-tmu.no\/bergenexpo\/wp-content\/uploads\/sites\/3\/2019\/03\/cropped-bergenexpo.png","contentUrl":"https:\/\/www.nettbutikk-tmu.no\/bergenexpo\/wp-content\/uploads\/sites\/3\/2019\/03\/cropped-bergenexpo.png","width":179,"height":73,"caption":"Bergen Expo"},"image":{"@id":"https:\/\/www.nettbutikk-tmu.no\/bergenexpo\/#\/schema\/logo\/image\/"}}]}},"lang":"nb","translations":{"nb":854,"en":860},"pll_sync_post":[],"_links":{"self":[{"href":"https:\/\/www.nettbutikk-tmu.no\/bergenexpo\/wp-json\/wp\/v2\/product\/854","targetHints":{"allow":["GET"]}}],"collection":[{"href":"https:\/\/www.nettbutikk-tmu.no\/bergenexpo\/wp-json\/wp\/v2\/product"}],"about":[{"href":"https:\/\/www.nettbutikk-tmu.no\/bergenexpo\/wp-json\/wp\/v2\/types\/product"}],"wp:featuredmedia":[{"embeddable":true,"href":"https:\/\/www.nettbutikk-tmu.no\/bergenexpo\/wp-json\/wp\/v2\/media\/856"}],"wp:attachment":[{"href":"https:\/\/www.nettbutikk-tmu.no\/bergenexpo\/wp-json\/wp\/v2\/media?parent=854"}],"wp:term":[{"taxonomy":"product_brand","embeddable":true,"href":"https:\/\/www.nettbutikk-tmu.no\/bergenexpo\/wp-json\/wp\/v2\/product_brand?post=854"},{"taxonomy":"product_cat","embeddable":true,"href":"https:\/\/www.nettbutikk-tmu.no\/bergenexpo\/wp-json\/wp\/v2\/product_cat?post=854"},{"taxonomy":"product_tag","embeddable":true,"href":"https:\/\/www.nettbutikk-tmu.no\/bergenexpo\/wp-json\/wp\/v2\/product_tag?post=854"}],"curies":[{"name":"wp","href":"https:\/\/api.w.org\/{rel}","templated":true}]}}