{"id":974,"date":"2019-03-12T12:41:12","date_gmt":"2019-03-12T12:41:12","guid":{"rendered":"https:\/\/www.nettbutikk-tmu.no\/xmeetingpoint\/?page_id=974"},"modified":"2021-05-11T07:04:44","modified_gmt":"2021-05-11T07:04:44","slug":"personvern-informasjonskapsler","status":"publish","type":"page","link":"https:\/\/www.nettbutikk-tmu.no\/xmeetingpoint\/personvern-informasjonskapsler\/","title":{"rendered":"Personvern \/ Informasjonskapsler"},"content":{"rendered":"\n<div class=\"wp-block-genesis-blocks-gb-accordion gb-block-accordion gb-font-size-18\"><details><summary class=\"gb-accordion-title\">Informasjon vi innhenter <\/summary><div class=\"gb-accordion-text\">\n<p>Ved bes\u00f8k p\u00e5 nettsiden vil v\u00e5r nettleverand\u00f8r kunne innhente n\u00f8dvendig informasjon som er n\u00f8dvendig for \u00e5 levere en stabil tjeneste.<\/p>\n\n\n\n<p>Det kan leses mer om dette i <a href=\"https:\/\/www.hjelseth.com\/personvern\/\">personvernerkl\u00e6ringen til Hjelseth Computers<\/a>.<\/p>\n<\/div><\/details><\/div>\n\n\n\n<div class=\"wp-block-genesis-blocks-gb-accordion gb-block-accordion gb-font-size-18\"><details><summary class=\"gb-accordion-title\">Informasjonskapsler (cookies)<\/summary><div class=\"gb-accordion-text\">\n<h3 class=\"wp-block-heading\">Hvordan vi bruker cookies<\/h3>\n\n\n\n<p>Vi bruker cookies for \u00e5 gi deg bedre tjenester. Noen cookies er helt n\u00f8dvendige for funksjonaliteten p\u00e5 nettsidene, mens andre blir brukt til \u00e5 forbedre ytelsen og brukeropplevelsen.<\/p>\n\n\n\n<p>Funksjonelle cookies brukes til \u00e5:<br>\u2013 huske innloggingsopplysningene dine<br>\u2013 ivareta sikkerheten n\u00e5r du er innlogget<br>\u2013 s\u00f8rge for at nettsidene ser konsistente ut<\/p>\n\n\n\n<p>Ytelsescookies brukes til \u00e5:<br>\u2013 forbedre ytelsen til nettsidene gjennom \u00e5 laste sidene raskere<br>\u2013 forbedre brukeropplevelsen<\/p>\n\n\n\n<p>M\u00e5lrettede cookies brukes til \u00e5:<br>\u2013 la deg dele og like innhold<br>\u2013 sende informasjon til andre nettsteder for \u00e5 tilpasse reklamen deres<\/p>\n\n\n\n<h3 class=\"wp-block-heading\">Eksempler p\u00e5 bruk<\/h3>\n\n\n\n<p>Cookies brukes til \u00e5 gi deg bedre tjenester, for eksempel gjennom \u00e5:<br>\u2013 aktivere en tjeneste som gjenkjenner enheten din, s\u00e5 du slipper \u00e5 oppgi samme informasjon flere ganger<br>\u2013 huske at du allerede har oppgitt brukernavn og passord n\u00e5r du er logget p\u00e5 sidene, s\u00e5 du ikke trenger \u00e5 gj\u00f8r det om igjen for hver side<br>\u2013 m\u00e5le hvor mange som bruker tjenestene, s\u00e5 vi kan gj\u00f8re dem enklere og raskere<br>\u2013 analysere data for \u00e5 hjelpe oss \u00e5 forst\u00e5 hvordan du bruker tjenester p\u00e5 nettet, slik at vi kan forbedre dem<\/p>\n\n\n\n<p>Hvis du ikke tillater oss \u00e5 bruke cookies, vil visse funksjoner og nettsidene ikke fungere som de skal.<br>Dersom du vil slette cookies som allerede er lagret p\u00e5 datamaskinen din, m\u00e5 du f\u00f8lge instruksjonene for nettleseren ved \u00e5 klikke p\u00e5 Hjelp i menyen.<\/p>\n\n\n\n<p>Du kan lese mer om cookies og hvordan du bruker dem p\u00e5&nbsp;<a href=\"http:\/\/www.aboutcookies.org\/\">www.aboutcookies.org<\/a>&nbsp;eller ved \u00e5 klikke p\u00e5 Hjelp i nettleseren din.<\/p>\n<\/div><\/details><\/div>\n\n\n\n<div class=\"wp-block-genesis-blocks-gb-accordion gb-block-accordion gb-font-size-18\"><details><summary class=\"gb-accordion-title\">Statistikk<\/summary><div class=\"gb-accordion-text\">\n<h3 class=\"wp-block-heading\">Google Analytics<\/h3>\n\n\n\n<p>Vi benytter Google Analytics for \u00e5 m\u00e5le antall bes\u00f8kende, hvilke sider som er mest popul\u00e6re, hvor lenge bes\u00f8kene varer og annen tilh\u00f8rende informasjon.<\/p>\n\n\n\n<p>Denne informasjonen er anonymisert s\u00e5 langt det lar seg gj\u00f8re via Google Analytics\u2019 verkt\u00f8y, og den benyttes kun for \u00e5 gi ett helthetsinntrykk, vi identifiserer ikke enkeltpersoner gjennom statistikkinnhenting.<\/p>\n\n\n\n<p>Les mer i <a href=\"https:\/\/policies.google.com\/privacy\">personvernserkl\u00e6ringen fra Google<\/a>.<\/p>\n\n\n\n<h3 class=\"wp-block-heading\">Jetpack<\/h3>\n\n\n\n<p>Visninger av sider og artikler, samt hvilke lenker som trykkes p\u00e5, hvilke s\u00f8keord man benyttet for \u00e5 finne nettsiden og hvilket land den bes\u00f8kende er fra samles opp via Jetpack.<\/p>\n\n\n\n<p>Annen data som inkluderes n\u00e5r denne informasjonen samles er den bes\u00f8kendes IP adresse, nettleser versjon, tilgjengelige spr\u00e5k, samt hvilken side man ble referert videre fra.<\/p>\n\n\n\n<p>Dersom man er en WordPress.com bruker, og er innlogget deres tjenester, s\u00e5 blir ogs\u00e5 brukernavn og bruker-id fra denne tjenesten innhentes.<\/p>\n\n\n\n<p>Denne informasjonen <a href=\"https:\/\/jetpack.com\/support\/wordpress-com-stats\/#data-visibility-and-retention\">lagres i 28 dager for \u00e5 aggregere statistikk<\/a>, og vi har ikke tilgang p\u00e5 data som kan identifisere individer.<\/p>\n\n\n\n<p>Les mer i <a href=\"https:\/\/automattic.com\/privacy\/\">personvernserkl\u00e6ringen til Automattic<\/a>.<\/p>\n<\/div><\/details><\/div>\n\n\n\n<div class=\"wp-block-genesis-blocks-gb-accordion gb-block-accordion gb-font-size-18\"><details><summary class=\"gb-accordion-title\">Tredjepartsverkt\u00f8y<\/summary><div class=\"gb-accordion-text\">\n<h3 class=\"wp-block-heading\">Tekster<\/h3>\n\n\n\n<p>Nettsiden benytter teksttyper gjort tilgjengelig via <a href=\"https:\/\/fonts.google.com\">Google Fonts<\/a>. Ved lasting av slike teksttyper samles det etter v\u00e5r viten ingen informasjon om den bes\u00f8kende p\u00e5 nettsiden.<\/p>\n\n\n\n<h3 class=\"wp-block-heading\">Tredjepartsinnhold<\/h3>\n\n\n\n<p>Det hender vi inkluderer videosnutter, bilder eller innhold fra andre tredjeparts nettsider. Slikt innhold behandler den bes\u00f8kende som om de var p\u00e5 det inkluderte innholdets egen nettside og det kan derfor forekomme at det lagres informasjonskapsler eller innhentes statistikk hos disse tredjepartene.<\/p>\n<\/div><\/details><\/div>\n","protected":false},"excerpt":{"rendered":"","protected":false},"author":1,"featured_media":0,"parent":0,"menu_order":0,"comment_status":"closed","ping_status":"closed","template":"","meta":{"_acf_changed":false,"footnotes":""},"class_list":["post-974","page","type-page","status-publish","hentry"],"acf":[],"yoast_head":"<!-- This site is optimized with the Yoast SEO plugin v27.3 - https:\/\/yoast.com\/product\/yoast-seo-wordpress\/ -->\n<title>Personvern \/ Informasjonskapsler - X Meeting Point<\/title>\n<meta name=\"robots\" content=\"noindex, follow, max-snippet:-1, max-image-preview:large, max-video-preview:-1\" \/>\n<meta property=\"og:locale\" content=\"nb_NO\" \/>\n<meta property=\"og:type\" content=\"article\" \/>\n<meta property=\"og:title\" content=\"Personvern \/ Informasjonskapsler - X Meeting Point\" \/>\n<meta property=\"og:url\" content=\"https:\/\/www.nettbutikk-tmu.no\/xmeetingpoint\/personvern-informasjonskapsler\/\" \/>\n<meta property=\"og:site_name\" content=\"X Meeting Point\" \/>\n<meta property=\"article:modified_time\" content=\"2021-05-11T07:04:44+00:00\" \/>\n<meta name=\"twitter:card\" content=\"summary_large_image\" \/>\n<meta name=\"twitter:label1\" content=\"Ansl. lesetid\" \/>\n\t<meta name=\"twitter:data1\" content=\"3 minutter\" \/>\n<script type=\"application\/ld+json\" class=\"yoast-schema-graph\">{\"@context\":\"https:\\\/\\\/schema.org\",\"@graph\":[{\"@type\":\"WebPage\",\"@id\":\"https:\\\/\\\/www.nettbutikk-tmu.no\\\/xmeetingpoint\\\/personvern-informasjonskapsler\\\/\",\"url\":\"https:\\\/\\\/www.nettbutikk-tmu.no\\\/xmeetingpoint\\\/personvern-informasjonskapsler\\\/\",\"name\":\"Personvern \\\/ Informasjonskapsler - X Meeting Point\",\"isPartOf\":{\"@id\":\"https:\\\/\\\/www.nettbutikk-tmu.no\\\/xmeetingpoint\\\/#website\"},\"datePublished\":\"2019-03-12T12:41:12+00:00\",\"dateModified\":\"2021-05-11T07:04:44+00:00\",\"breadcrumb\":{\"@id\":\"https:\\\/\\\/www.nettbutikk-tmu.no\\\/xmeetingpoint\\\/personvern-informasjonskapsler\\\/#breadcrumb\"},\"inLanguage\":\"nb-NO\",\"potentialAction\":[{\"@type\":\"ReadAction\",\"target\":[\"https:\\\/\\\/www.nettbutikk-tmu.no\\\/xmeetingpoint\\\/personvern-informasjonskapsler\\\/\"]}]},{\"@type\":\"BreadcrumbList\",\"@id\":\"https:\\\/\\\/www.nettbutikk-tmu.no\\\/xmeetingpoint\\\/personvern-informasjonskapsler\\\/#breadcrumb\",\"itemListElement\":[{\"@type\":\"ListItem\",\"position\":1,\"name\":\"Hjem\",\"item\":\"https:\\\/\\\/www.nettbutikk-tmu.no\\\/xmeetingpoint\\\/\"},{\"@type\":\"ListItem\",\"position\":2,\"name\":\"Personvern \\\/ Informasjonskapsler\"}]},{\"@type\":\"WebSite\",\"@id\":\"https:\\\/\\\/www.nettbutikk-tmu.no\\\/xmeetingpoint\\\/#website\",\"url\":\"https:\\\/\\\/www.nettbutikk-tmu.no\\\/xmeetingpoint\\\/\",\"name\":\"X Meeting Point\",\"description\":\"\",\"publisher\":{\"@id\":\"https:\\\/\\\/www.nettbutikk-tmu.no\\\/xmeetingpoint\\\/#organization\"},\"potentialAction\":[{\"@type\":\"SearchAction\",\"target\":{\"@type\":\"EntryPoint\",\"urlTemplate\":\"https:\\\/\\\/www.nettbutikk-tmu.no\\\/xmeetingpoint\\\/?s={search_term_string}\"},\"query-input\":{\"@type\":\"PropertyValueSpecification\",\"valueRequired\":true,\"valueName\":\"search_term_string\"}}],\"inLanguage\":\"nb-NO\"},{\"@type\":\"Organization\",\"@id\":\"https:\\\/\\\/www.nettbutikk-tmu.no\\\/xmeetingpoint\\\/#organization\",\"name\":\"X Meeting Point\",\"url\":\"https:\\\/\\\/www.nettbutikk-tmu.no\\\/xmeetingpoint\\\/\",\"logo\":{\"@type\":\"ImageObject\",\"inLanguage\":\"nb-NO\",\"@id\":\"https:\\\/\\\/www.nettbutikk-tmu.no\\\/xmeetingpoint\\\/#\\\/schema\\\/logo\\\/image\\\/\",\"url\":\"https:\\\/\\\/www.nettbutikk-tmu.no\\\/xmeetingpoint\\\/wp-content\\\/uploads\\\/sites\\\/2\\\/2019\\\/03\\\/cropped-x-meeting-point-norway.png\",\"contentUrl\":\"https:\\\/\\\/www.nettbutikk-tmu.no\\\/xmeetingpoint\\\/wp-content\\\/uploads\\\/sites\\\/2\\\/2019\\\/03\\\/cropped-x-meeting-point-norway.png\",\"width\":1705,\"height\":546,\"caption\":\"X Meeting Point\"},\"image\":{\"@id\":\"https:\\\/\\\/www.nettbutikk-tmu.no\\\/xmeetingpoint\\\/#\\\/schema\\\/logo\\\/image\\\/\"}}]}<\/script>\n<!-- \/ Yoast SEO plugin. -->","yoast_head_json":{"title":"Personvern \/ Informasjonskapsler - X Meeting Point","robots":{"index":"noindex","follow":"follow","max-snippet":"max-snippet:-1","max-image-preview":"max-image-preview:large","max-video-preview":"max-video-preview:-1"},"og_locale":"nb_NO","og_type":"article","og_title":"Personvern \/ Informasjonskapsler - X Meeting Point","og_url":"https:\/\/www.nettbutikk-tmu.no\/xmeetingpoint\/personvern-informasjonskapsler\/","og_site_name":"X Meeting Point","article_modified_time":"2021-05-11T07:04:44+00:00","twitter_card":"summary_large_image","twitter_misc":{"Ansl. lesetid":"3 minutter"},"schema":{"@context":"https:\/\/schema.org","@graph":[{"@type":"WebPage","@id":"https:\/\/www.nettbutikk-tmu.no\/xmeetingpoint\/personvern-informasjonskapsler\/","url":"https:\/\/www.nettbutikk-tmu.no\/xmeetingpoint\/personvern-informasjonskapsler\/","name":"Personvern \/ Informasjonskapsler - X Meeting Point","isPartOf":{"@id":"https:\/\/www.nettbutikk-tmu.no\/xmeetingpoint\/#website"},"datePublished":"2019-03-12T12:41:12+00:00","dateModified":"2021-05-11T07:04:44+00:00","breadcrumb":{"@id":"https:\/\/www.nettbutikk-tmu.no\/xmeetingpoint\/personvern-informasjonskapsler\/#breadcrumb"},"inLanguage":"nb-NO","potentialAction":[{"@type":"ReadAction","target":["https:\/\/www.nettbutikk-tmu.no\/xmeetingpoint\/personvern-informasjonskapsler\/"]}]},{"@type":"BreadcrumbList","@id":"https:\/\/www.nettbutikk-tmu.no\/xmeetingpoint\/personvern-informasjonskapsler\/#breadcrumb","itemListElement":[{"@type":"ListItem","position":1,"name":"Hjem","item":"https:\/\/www.nettbutikk-tmu.no\/xmeetingpoint\/"},{"@type":"ListItem","position":2,"name":"Personvern \/ Informasjonskapsler"}]},{"@type":"WebSite","@id":"https:\/\/www.nettbutikk-tmu.no\/xmeetingpoint\/#website","url":"https:\/\/www.nettbutikk-tmu.no\/xmeetingpoint\/","name":"X Meeting Point","description":"","publisher":{"@id":"https:\/\/www.nettbutikk-tmu.no\/xmeetingpoint\/#organization"},"potentialAction":[{"@type":"SearchAction","target":{"@type":"EntryPoint","urlTemplate":"https:\/\/www.nettbutikk-tmu.no\/xmeetingpoint\/?s={search_term_string}"},"query-input":{"@type":"PropertyValueSpecification","valueRequired":true,"valueName":"search_term_string"}}],"inLanguage":"nb-NO"},{"@type":"Organization","@id":"https:\/\/www.nettbutikk-tmu.no\/xmeetingpoint\/#organization","name":"X Meeting Point","url":"https:\/\/www.nettbutikk-tmu.no\/xmeetingpoint\/","logo":{"@type":"ImageObject","inLanguage":"nb-NO","@id":"https:\/\/www.nettbutikk-tmu.no\/xmeetingpoint\/#\/schema\/logo\/image\/","url":"https:\/\/www.nettbutikk-tmu.no\/xmeetingpoint\/wp-content\/uploads\/sites\/2\/2019\/03\/cropped-x-meeting-point-norway.png","contentUrl":"https:\/\/www.nettbutikk-tmu.no\/xmeetingpoint\/wp-content\/uploads\/sites\/2\/2019\/03\/cropped-x-meeting-point-norway.png","width":1705,"height":546,"caption":"X Meeting Point"},"image":{"@id":"https:\/\/www.nettbutikk-tmu.no\/xmeetingpoint\/#\/schema\/logo\/image\/"}}]}},"lang":"nb","translations":{"nb":974,"en":1004},"featured_image_src":null,"featured_image_src_square":null,"pll_sync_post":[],"_links":{"self":[{"href":"https:\/\/www.nettbutikk-tmu.no\/xmeetingpoint\/wp-json\/wp\/v2\/pages\/974","targetHints":{"allow":["GET"]}}],"collection":[{"href":"https:\/\/www.nettbutikk-tmu.no\/xmeetingpoint\/wp-json\/wp\/v2\/pages"}],"about":[{"href":"https:\/\/www.nettbutikk-tmu.no\/xmeetingpoint\/wp-json\/wp\/v2\/types\/page"}],"author":[{"embeddable":true,"href":"https:\/\/www.nettbutikk-tmu.no\/xmeetingpoint\/wp-json\/wp\/v2\/users\/1"}],"replies":[{"embeddable":true,"href":"https:\/\/www.nettbutikk-tmu.no\/xmeetingpoint\/wp-json\/wp\/v2\/comments?post=974"}],"version-history":[{"count":6,"href":"https:\/\/www.nettbutikk-tmu.no\/xmeetingpoint\/wp-json\/wp\/v2\/pages\/974\/revisions"}],"predecessor-version":[{"id":2791,"href":"https:\/\/www.nettbutikk-tmu.no\/xmeetingpoint\/wp-json\/wp\/v2\/pages\/974\/revisions\/2791"}],"wp:attachment":[{"href":"https:\/\/www.nettbutikk-tmu.no\/xmeetingpoint\/wp-json\/wp\/v2\/media?parent=974"}],"curies":[{"name":"wp","href":"https:\/\/api.w.org\/{rel}","templated":true}]}}