{"id":1896,"date":"2019-04-12T11:53:24","date_gmt":"2019-04-12T11:53:24","guid":{"rendered":"https:\/\/www.nettbutikk-tmu.no\/xmeetingpoint\/?post_type=product&#038;p=1896"},"modified":"2026-01-30T08:25:11","modified_gmt":"2026-01-30T07:25:11","slug":"expolight-studiopar-led-120w","status":"publish","type":"product","link":"https:\/\/www.nettbutikk-tmu.no\/xmeetingpoint\/produkt\/expolight-studiopar-led-120w\/","title":{"rendered":"Expolite STUDIOPAR LED 120W"},"content":{"rendered":"","protected":false},"excerpt":{"rendered":"<p>Programmerbar LED effektlampe med RGBW fargekombinasjon.<br \/>\nEgner seg godt til stemningsbelysning eller for \u00e5 fremheve fargene til produkter som skal lysettes.<br \/>\nDenne har ogs\u00e5 enkle forh\u00e5ndsinnstilte programmer som kan skj\u00e6res uten programmering.<\/p>\n","protected":false},"featured_media":1897,"template":"","meta":{"_acf_changed":false},"product_brand":[],"product_cat":[3488,2552],"product_tag":[],"class_list":{"0":"post-1896","1":"product","2":"type-product","3":"status-publish","4":"has-post-thumbnail","6":"product_cat-belysning","7":"product_cat-belysning-og-strom","8":"tmu_product_supplier-expolight","10":"first","11":"instock","12":"taxable","13":"shipping-taxable","14":"purchasable","15":"product-type-simple"},"acf":[],"yoast_head":"<!-- This site is optimized with the Yoast SEO plugin v27.3 - https:\/\/yoast.com\/product\/yoast-seo-wordpress\/ -->\n<title>Expolite STUDIOPAR LED 120W - X Meeting Point<\/title>\n<meta name=\"robots\" content=\"noindex, follow, max-snippet:-1, max-image-preview:large, max-video-preview:-1\" \/>\n<meta property=\"og:locale\" content=\"nb_NO\" \/>\n<meta property=\"og:type\" content=\"article\" \/>\n<meta property=\"og:title\" content=\"Expolite STUDIOPAR LED 120W - X Meeting Point\" \/>\n<meta property=\"og:description\" content=\"Programmerbar LED effektlampe med RGBW fargekombinasjon. Egner seg godt til stemningsbelysning eller for \u00e5 fremheve fargene til produkter som skal lysettes. Denne har ogs\u00e5 enkle forh\u00e5ndsinnstilte programmer som kan skj\u00e6res uten programmering.\" \/>\n<meta property=\"og:url\" content=\"https:\/\/www.nettbutikk-tmu.no\/xmeetingpoint\/produkt\/expolight-studiopar-led-120w\/\" \/>\n<meta property=\"og:site_name\" content=\"X Meeting Point\" \/>\n<meta property=\"article:modified_time\" content=\"2026-01-30T07:25:11+00:00\" \/>\n<meta property=\"og:image\" content=\"https:\/\/www.nettbutikk-tmu.no\/xmeetingpoint\/wp-content\/uploads\/sites\/2\/2019\/04\/ExpoLite-Studiopar-LED-120W.jpg\" \/>\n\t<meta property=\"og:image:width\" content=\"308\" \/>\n\t<meta property=\"og:image:height\" content=\"407\" \/>\n\t<meta property=\"og:image:type\" content=\"image\/jpeg\" \/>\n<meta name=\"twitter:card\" content=\"summary_large_image\" \/>\n<script type=\"application\/ld+json\" class=\"yoast-schema-graph\">{\"@context\":\"https:\\\/\\\/schema.org\",\"@graph\":[{\"@type\":\"WebPage\",\"@id\":\"https:\\\/\\\/www.nettbutikk-tmu.no\\\/xmeetingpoint\\\/produkt\\\/expolight-studiopar-led-120w\\\/\",\"url\":\"https:\\\/\\\/www.nettbutikk-tmu.no\\\/xmeetingpoint\\\/produkt\\\/expolight-studiopar-led-120w\\\/\",\"name\":\"Expolite STUDIOPAR LED 120W - X Meeting Point\",\"isPartOf\":{\"@id\":\"https:\\\/\\\/www.nettbutikk-tmu.no\\\/xmeetingpoint\\\/#website\"},\"primaryImageOfPage\":{\"@id\":\"https:\\\/\\\/www.nettbutikk-tmu.no\\\/xmeetingpoint\\\/produkt\\\/expolight-studiopar-led-120w\\\/#primaryimage\"},\"image\":{\"@id\":\"https:\\\/\\\/www.nettbutikk-tmu.no\\\/xmeetingpoint\\\/produkt\\\/expolight-studiopar-led-120w\\\/#primaryimage\"},\"thumbnailUrl\":\"https:\\\/\\\/www.nettbutikk-tmu.no\\\/xmeetingpoint\\\/wp-content\\\/uploads\\\/sites\\\/2\\\/2019\\\/04\\\/ExpoLite-Studiopar-LED-120W.jpg\",\"datePublished\":\"2019-04-12T11:53:24+00:00\",\"dateModified\":\"2026-01-30T07:25:11+00:00\",\"breadcrumb\":{\"@id\":\"https:\\\/\\\/www.nettbutikk-tmu.no\\\/xmeetingpoint\\\/produkt\\\/expolight-studiopar-led-120w\\\/#breadcrumb\"},\"inLanguage\":\"nb-NO\",\"potentialAction\":[{\"@type\":\"ReadAction\",\"target\":[\"https:\\\/\\\/www.nettbutikk-tmu.no\\\/xmeetingpoint\\\/produkt\\\/expolight-studiopar-led-120w\\\/\"]}]},{\"@type\":\"ImageObject\",\"inLanguage\":\"nb-NO\",\"@id\":\"https:\\\/\\\/www.nettbutikk-tmu.no\\\/xmeetingpoint\\\/produkt\\\/expolight-studiopar-led-120w\\\/#primaryimage\",\"url\":\"https:\\\/\\\/www.nettbutikk-tmu.no\\\/xmeetingpoint\\\/wp-content\\\/uploads\\\/sites\\\/2\\\/2019\\\/04\\\/ExpoLite-Studiopar-LED-120W.jpg\",\"contentUrl\":\"https:\\\/\\\/www.nettbutikk-tmu.no\\\/xmeetingpoint\\\/wp-content\\\/uploads\\\/sites\\\/2\\\/2019\\\/04\\\/ExpoLite-Studiopar-LED-120W.jpg\",\"width\":308,\"height\":407},{\"@type\":\"BreadcrumbList\",\"@id\":\"https:\\\/\\\/www.nettbutikk-tmu.no\\\/xmeetingpoint\\\/produkt\\\/expolight-studiopar-led-120w\\\/#breadcrumb\",\"itemListElement\":[{\"@type\":\"ListItem\",\"position\":1,\"name\":\"Hjem\",\"item\":\"https:\\\/\\\/www.nettbutikk-tmu.no\\\/xmeetingpoint\\\/\"},{\"@type\":\"ListItem\",\"position\":2,\"name\":\"Butikk\",\"item\":\"https:\\\/\\\/www.nettbutikk-tmu.no\\\/xmeetingpoint\\\/\"},{\"@type\":\"ListItem\",\"position\":3,\"name\":\"Expolite STUDIOPAR LED 120W\"}]},{\"@type\":\"WebSite\",\"@id\":\"https:\\\/\\\/www.nettbutikk-tmu.no\\\/xmeetingpoint\\\/#website\",\"url\":\"https:\\\/\\\/www.nettbutikk-tmu.no\\\/xmeetingpoint\\\/\",\"name\":\"X Meeting Point\",\"description\":\"\",\"publisher\":{\"@id\":\"https:\\\/\\\/www.nettbutikk-tmu.no\\\/xmeetingpoint\\\/#organization\"},\"potentialAction\":[{\"@type\":\"SearchAction\",\"target\":{\"@type\":\"EntryPoint\",\"urlTemplate\":\"https:\\\/\\\/www.nettbutikk-tmu.no\\\/xmeetingpoint\\\/?s={search_term_string}\"},\"query-input\":{\"@type\":\"PropertyValueSpecification\",\"valueRequired\":true,\"valueName\":\"search_term_string\"}}],\"inLanguage\":\"nb-NO\"},{\"@type\":\"Organization\",\"@id\":\"https:\\\/\\\/www.nettbutikk-tmu.no\\\/xmeetingpoint\\\/#organization\",\"name\":\"X Meeting Point\",\"url\":\"https:\\\/\\\/www.nettbutikk-tmu.no\\\/xmeetingpoint\\\/\",\"logo\":{\"@type\":\"ImageObject\",\"inLanguage\":\"nb-NO\",\"@id\":\"https:\\\/\\\/www.nettbutikk-tmu.no\\\/xmeetingpoint\\\/#\\\/schema\\\/logo\\\/image\\\/\",\"url\":\"https:\\\/\\\/www.nettbutikk-tmu.no\\\/xmeetingpoint\\\/wp-content\\\/uploads\\\/sites\\\/2\\\/2019\\\/03\\\/cropped-x-meeting-point-norway.png\",\"contentUrl\":\"https:\\\/\\\/www.nettbutikk-tmu.no\\\/xmeetingpoint\\\/wp-content\\\/uploads\\\/sites\\\/2\\\/2019\\\/03\\\/cropped-x-meeting-point-norway.png\",\"width\":1705,\"height\":546,\"caption\":\"X Meeting Point\"},\"image\":{\"@id\":\"https:\\\/\\\/www.nettbutikk-tmu.no\\\/xmeetingpoint\\\/#\\\/schema\\\/logo\\\/image\\\/\"}}]}<\/script>\n<!-- \/ Yoast SEO plugin. -->","yoast_head_json":{"title":"Expolite STUDIOPAR LED 120W - X Meeting Point","robots":{"index":"noindex","follow":"follow","max-snippet":"max-snippet:-1","max-image-preview":"max-image-preview:large","max-video-preview":"max-video-preview:-1"},"og_locale":"nb_NO","og_type":"article","og_title":"Expolite STUDIOPAR LED 120W - X Meeting Point","og_description":"Programmerbar LED effektlampe med RGBW fargekombinasjon. Egner seg godt til stemningsbelysning eller for \u00e5 fremheve fargene til produkter som skal lysettes. Denne har ogs\u00e5 enkle forh\u00e5ndsinnstilte programmer som kan skj\u00e6res uten programmering.","og_url":"https:\/\/www.nettbutikk-tmu.no\/xmeetingpoint\/produkt\/expolight-studiopar-led-120w\/","og_site_name":"X Meeting Point","article_modified_time":"2026-01-30T07:25:11+00:00","og_image":[{"width":308,"height":407,"url":"https:\/\/www.nettbutikk-tmu.no\/xmeetingpoint\/wp-content\/uploads\/sites\/2\/2019\/04\/ExpoLite-Studiopar-LED-120W.jpg","type":"image\/jpeg"}],"twitter_card":"summary_large_image","schema":{"@context":"https:\/\/schema.org","@graph":[{"@type":"WebPage","@id":"https:\/\/www.nettbutikk-tmu.no\/xmeetingpoint\/produkt\/expolight-studiopar-led-120w\/","url":"https:\/\/www.nettbutikk-tmu.no\/xmeetingpoint\/produkt\/expolight-studiopar-led-120w\/","name":"Expolite STUDIOPAR LED 120W - X Meeting Point","isPartOf":{"@id":"https:\/\/www.nettbutikk-tmu.no\/xmeetingpoint\/#website"},"primaryImageOfPage":{"@id":"https:\/\/www.nettbutikk-tmu.no\/xmeetingpoint\/produkt\/expolight-studiopar-led-120w\/#primaryimage"},"image":{"@id":"https:\/\/www.nettbutikk-tmu.no\/xmeetingpoint\/produkt\/expolight-studiopar-led-120w\/#primaryimage"},"thumbnailUrl":"https:\/\/www.nettbutikk-tmu.no\/xmeetingpoint\/wp-content\/uploads\/sites\/2\/2019\/04\/ExpoLite-Studiopar-LED-120W.jpg","datePublished":"2019-04-12T11:53:24+00:00","dateModified":"2026-01-30T07:25:11+00:00","breadcrumb":{"@id":"https:\/\/www.nettbutikk-tmu.no\/xmeetingpoint\/produkt\/expolight-studiopar-led-120w\/#breadcrumb"},"inLanguage":"nb-NO","potentialAction":[{"@type":"ReadAction","target":["https:\/\/www.nettbutikk-tmu.no\/xmeetingpoint\/produkt\/expolight-studiopar-led-120w\/"]}]},{"@type":"ImageObject","inLanguage":"nb-NO","@id":"https:\/\/www.nettbutikk-tmu.no\/xmeetingpoint\/produkt\/expolight-studiopar-led-120w\/#primaryimage","url":"https:\/\/www.nettbutikk-tmu.no\/xmeetingpoint\/wp-content\/uploads\/sites\/2\/2019\/04\/ExpoLite-Studiopar-LED-120W.jpg","contentUrl":"https:\/\/www.nettbutikk-tmu.no\/xmeetingpoint\/wp-content\/uploads\/sites\/2\/2019\/04\/ExpoLite-Studiopar-LED-120W.jpg","width":308,"height":407},{"@type":"BreadcrumbList","@id":"https:\/\/www.nettbutikk-tmu.no\/xmeetingpoint\/produkt\/expolight-studiopar-led-120w\/#breadcrumb","itemListElement":[{"@type":"ListItem","position":1,"name":"Hjem","item":"https:\/\/www.nettbutikk-tmu.no\/xmeetingpoint\/"},{"@type":"ListItem","position":2,"name":"Butikk","item":"https:\/\/www.nettbutikk-tmu.no\/xmeetingpoint\/"},{"@type":"ListItem","position":3,"name":"Expolite STUDIOPAR LED 120W"}]},{"@type":"WebSite","@id":"https:\/\/www.nettbutikk-tmu.no\/xmeetingpoint\/#website","url":"https:\/\/www.nettbutikk-tmu.no\/xmeetingpoint\/","name":"X Meeting Point","description":"","publisher":{"@id":"https:\/\/www.nettbutikk-tmu.no\/xmeetingpoint\/#organization"},"potentialAction":[{"@type":"SearchAction","target":{"@type":"EntryPoint","urlTemplate":"https:\/\/www.nettbutikk-tmu.no\/xmeetingpoint\/?s={search_term_string}"},"query-input":{"@type":"PropertyValueSpecification","valueRequired":true,"valueName":"search_term_string"}}],"inLanguage":"nb-NO"},{"@type":"Organization","@id":"https:\/\/www.nettbutikk-tmu.no\/xmeetingpoint\/#organization","name":"X Meeting Point","url":"https:\/\/www.nettbutikk-tmu.no\/xmeetingpoint\/","logo":{"@type":"ImageObject","inLanguage":"nb-NO","@id":"https:\/\/www.nettbutikk-tmu.no\/xmeetingpoint\/#\/schema\/logo\/image\/","url":"https:\/\/www.nettbutikk-tmu.no\/xmeetingpoint\/wp-content\/uploads\/sites\/2\/2019\/03\/cropped-x-meeting-point-norway.png","contentUrl":"https:\/\/www.nettbutikk-tmu.no\/xmeetingpoint\/wp-content\/uploads\/sites\/2\/2019\/03\/cropped-x-meeting-point-norway.png","width":1705,"height":546,"caption":"X Meeting Point"},"image":{"@id":"https:\/\/www.nettbutikk-tmu.no\/xmeetingpoint\/#\/schema\/logo\/image\/"}}]}},"lang":"nb","translations":{"nb":1896,"en":2063},"pll_sync_post":[],"_links":{"self":[{"href":"https:\/\/www.nettbutikk-tmu.no\/xmeetingpoint\/wp-json\/wp\/v2\/product\/1896","targetHints":{"allow":["GET"]}}],"collection":[{"href":"https:\/\/www.nettbutikk-tmu.no\/xmeetingpoint\/wp-json\/wp\/v2\/product"}],"about":[{"href":"https:\/\/www.nettbutikk-tmu.no\/xmeetingpoint\/wp-json\/wp\/v2\/types\/product"}],"wp:featuredmedia":[{"embeddable":true,"href":"https:\/\/www.nettbutikk-tmu.no\/xmeetingpoint\/wp-json\/wp\/v2\/media\/1897"}],"wp:attachment":[{"href":"https:\/\/www.nettbutikk-tmu.no\/xmeetingpoint\/wp-json\/wp\/v2\/media?parent=1896"}],"wp:term":[{"taxonomy":"product_brand","embeddable":true,"href":"https:\/\/www.nettbutikk-tmu.no\/xmeetingpoint\/wp-json\/wp\/v2\/product_brand?post=1896"},{"taxonomy":"product_cat","embeddable":true,"href":"https:\/\/www.nettbutikk-tmu.no\/xmeetingpoint\/wp-json\/wp\/v2\/product_cat?post=1896"},{"taxonomy":"product_tag","embeddable":true,"href":"https:\/\/www.nettbutikk-tmu.no\/xmeetingpoint\/wp-json\/wp\/v2\/product_tag?post=1896"}],"curies":[{"name":"wp","href":"https:\/\/api.w.org\/{rel}","templated":true}]}}