{"id":1899,"date":"2019-04-12T11:58:49","date_gmt":"2019-04-12T11:58:49","guid":{"rendered":"https:\/\/www.nettbutikk-tmu.no\/xmeetingpoint\/?post_type=product&#038;p=1899"},"modified":"2024-12-19T14:18:08","modified_gmt":"2024-12-19T13:18:08","slug":"led-skjerm-50x50","status":"publish","type":"product","link":"https:\/\/www.nettbutikk-tmu.no\/xmeetingpoint\/produkt\/led-skjerm-50x50\/","title":{"rendered":"LED SKJERM 50&#215;50"},"content":{"rendered":"","protected":false},"excerpt":{"rendered":"<p>LED skjerm med 50&#215;50 cm moduler som kan settes i sammen til \u00f8nsket format.<br \/>\nPr. i dag har vi 18 m2 p\u00e5 lager.<br \/>\nEn meget fleksibel skjerm som kan benyttes til alt fra en enkle skjerml\u00f8sninger i st\u00f8rrelser etter \u00f8nske, til \u00e5 lage kreative digitale bannerl\u00f8sninger.<br \/>\nSkjermen har en meget god oppl\u00f8sning med en pitch p\u00e5 3.9 mm.<br \/>\nSkjermen kj\u00f8res fra en medf\u00f8lgende pc, men filformatet for visning m\u00e5 kunden selv utarbeide. Ved enkle visninger kan Expolight bist\u00e5 for oppsett av dette.<br \/>\nPris p\u00e5 foresp\u00f8rsel.<\/p>\n","protected":false},"featured_media":1900,"template":"","meta":{"_acf_changed":false},"product_brand":[],"product_cat":[1683],"product_tag":[],"class_list":{"0":"post-1899","1":"product","2":"type-product","3":"status-publish","4":"has-post-thumbnail","6":"product_cat-tv-skjermer-monitorer","7":"tmu_product_supplier-expolight","9":"first","10":"instock","11":"taxable","12":"shipping-taxable","13":"purchasable","14":"product-type-simple"},"acf":[],"yoast_head":"<!-- This site is optimized with the Yoast SEO plugin v27.3 - https:\/\/yoast.com\/product\/yoast-seo-wordpress\/ -->\n<title>LED SKJERM 50x50 - X Meeting Point<\/title>\n<meta name=\"robots\" content=\"noindex, follow, max-snippet:-1, max-image-preview:large, max-video-preview:-1\" \/>\n<meta property=\"og:locale\" content=\"nb_NO\" \/>\n<meta property=\"og:type\" content=\"article\" \/>\n<meta property=\"og:title\" content=\"LED SKJERM 50x50 - X Meeting Point\" \/>\n<meta property=\"og:description\" content=\"LED skjerm med 50x50 cm moduler som kan settes i sammen til \u00f8nsket format. Pr. i dag har vi 18 m2 p\u00e5 lager. En meget fleksibel skjerm som kan benyttes til alt fra en enkle skjerml\u00f8sninger i st\u00f8rrelser etter \u00f8nske, til \u00e5 lage kreative digitale bannerl\u00f8sninger. Skjermen har en meget god oppl\u00f8sning med en pitch p\u00e5 3.9 mm. Skjermen kj\u00f8res fra en medf\u00f8lgende pc, men filformatet for visning m\u00e5 kunden selv utarbeide. Ved enkle visninger kan Expolight bist\u00e5 for oppsett av dette. Pris p\u00e5 foresp\u00f8rsel.\" \/>\n<meta property=\"og:url\" content=\"https:\/\/www.nettbutikk-tmu.no\/xmeetingpoint\/produkt\/led-skjerm-50x50\/\" \/>\n<meta property=\"og:site_name\" content=\"X Meeting Point\" \/>\n<meta property=\"article:modified_time\" content=\"2024-12-19T13:18:08+00:00\" \/>\n<meta property=\"og:image\" content=\"https:\/\/www.nettbutikk-tmu.no\/xmeetingpoint\/wp-content\/uploads\/sites\/2\/2019\/04\/LED-Vidiovegg.jpg\" \/>\n\t<meta property=\"og:image:width\" content=\"1300\" \/>\n\t<meta property=\"og:image:height\" content=\"1010\" \/>\n\t<meta property=\"og:image:type\" content=\"image\/jpeg\" \/>\n<meta name=\"twitter:card\" content=\"summary_large_image\" \/>\n<script type=\"application\/ld+json\" class=\"yoast-schema-graph\">{\"@context\":\"https:\\\/\\\/schema.org\",\"@graph\":[{\"@type\":\"WebPage\",\"@id\":\"https:\\\/\\\/www.nettbutikk-tmu.no\\\/xmeetingpoint\\\/produkt\\\/led-skjerm-50x50\\\/\",\"url\":\"https:\\\/\\\/www.nettbutikk-tmu.no\\\/xmeetingpoint\\\/produkt\\\/led-skjerm-50x50\\\/\",\"name\":\"LED SKJERM 50x50 - X Meeting Point\",\"isPartOf\":{\"@id\":\"https:\\\/\\\/www.nettbutikk-tmu.no\\\/xmeetingpoint\\\/#website\"},\"primaryImageOfPage\":{\"@id\":\"https:\\\/\\\/www.nettbutikk-tmu.no\\\/xmeetingpoint\\\/produkt\\\/led-skjerm-50x50\\\/#primaryimage\"},\"image\":{\"@id\":\"https:\\\/\\\/www.nettbutikk-tmu.no\\\/xmeetingpoint\\\/produkt\\\/led-skjerm-50x50\\\/#primaryimage\"},\"thumbnailUrl\":\"https:\\\/\\\/www.nettbutikk-tmu.no\\\/xmeetingpoint\\\/wp-content\\\/uploads\\\/sites\\\/2\\\/2019\\\/04\\\/LED-Vidiovegg.jpg\",\"datePublished\":\"2019-04-12T11:58:49+00:00\",\"dateModified\":\"2024-12-19T13:18:08+00:00\",\"breadcrumb\":{\"@id\":\"https:\\\/\\\/www.nettbutikk-tmu.no\\\/xmeetingpoint\\\/produkt\\\/led-skjerm-50x50\\\/#breadcrumb\"},\"inLanguage\":\"nb-NO\",\"potentialAction\":[{\"@type\":\"ReadAction\",\"target\":[\"https:\\\/\\\/www.nettbutikk-tmu.no\\\/xmeetingpoint\\\/produkt\\\/led-skjerm-50x50\\\/\"]}]},{\"@type\":\"ImageObject\",\"inLanguage\":\"nb-NO\",\"@id\":\"https:\\\/\\\/www.nettbutikk-tmu.no\\\/xmeetingpoint\\\/produkt\\\/led-skjerm-50x50\\\/#primaryimage\",\"url\":\"https:\\\/\\\/www.nettbutikk-tmu.no\\\/xmeetingpoint\\\/wp-content\\\/uploads\\\/sites\\\/2\\\/2019\\\/04\\\/LED-Vidiovegg.jpg\",\"contentUrl\":\"https:\\\/\\\/www.nettbutikk-tmu.no\\\/xmeetingpoint\\\/wp-content\\\/uploads\\\/sites\\\/2\\\/2019\\\/04\\\/LED-Vidiovegg.jpg\",\"width\":1300,\"height\":1010},{\"@type\":\"BreadcrumbList\",\"@id\":\"https:\\\/\\\/www.nettbutikk-tmu.no\\\/xmeetingpoint\\\/produkt\\\/led-skjerm-50x50\\\/#breadcrumb\",\"itemListElement\":[{\"@type\":\"ListItem\",\"position\":1,\"name\":\"Hjem\",\"item\":\"https:\\\/\\\/www.nettbutikk-tmu.no\\\/xmeetingpoint\\\/\"},{\"@type\":\"ListItem\",\"position\":2,\"name\":\"Butikk\",\"item\":\"https:\\\/\\\/www.nettbutikk-tmu.no\\\/xmeetingpoint\\\/\"},{\"@type\":\"ListItem\",\"position\":3,\"name\":\"LED SKJERM 50&#215;50\"}]},{\"@type\":\"WebSite\",\"@id\":\"https:\\\/\\\/www.nettbutikk-tmu.no\\\/xmeetingpoint\\\/#website\",\"url\":\"https:\\\/\\\/www.nettbutikk-tmu.no\\\/xmeetingpoint\\\/\",\"name\":\"X Meeting Point\",\"description\":\"\",\"publisher\":{\"@id\":\"https:\\\/\\\/www.nettbutikk-tmu.no\\\/xmeetingpoint\\\/#organization\"},\"potentialAction\":[{\"@type\":\"SearchAction\",\"target\":{\"@type\":\"EntryPoint\",\"urlTemplate\":\"https:\\\/\\\/www.nettbutikk-tmu.no\\\/xmeetingpoint\\\/?s={search_term_string}\"},\"query-input\":{\"@type\":\"PropertyValueSpecification\",\"valueRequired\":true,\"valueName\":\"search_term_string\"}}],\"inLanguage\":\"nb-NO\"},{\"@type\":\"Organization\",\"@id\":\"https:\\\/\\\/www.nettbutikk-tmu.no\\\/xmeetingpoint\\\/#organization\",\"name\":\"X Meeting Point\",\"url\":\"https:\\\/\\\/www.nettbutikk-tmu.no\\\/xmeetingpoint\\\/\",\"logo\":{\"@type\":\"ImageObject\",\"inLanguage\":\"nb-NO\",\"@id\":\"https:\\\/\\\/www.nettbutikk-tmu.no\\\/xmeetingpoint\\\/#\\\/schema\\\/logo\\\/image\\\/\",\"url\":\"https:\\\/\\\/www.nettbutikk-tmu.no\\\/xmeetingpoint\\\/wp-content\\\/uploads\\\/sites\\\/2\\\/2019\\\/03\\\/cropped-x-meeting-point-norway.png\",\"contentUrl\":\"https:\\\/\\\/www.nettbutikk-tmu.no\\\/xmeetingpoint\\\/wp-content\\\/uploads\\\/sites\\\/2\\\/2019\\\/03\\\/cropped-x-meeting-point-norway.png\",\"width\":1705,\"height\":546,\"caption\":\"X Meeting Point\"},\"image\":{\"@id\":\"https:\\\/\\\/www.nettbutikk-tmu.no\\\/xmeetingpoint\\\/#\\\/schema\\\/logo\\\/image\\\/\"}}]}<\/script>\n<!-- \/ Yoast SEO plugin. -->","yoast_head_json":{"title":"LED SKJERM 50x50 - X Meeting Point","robots":{"index":"noindex","follow":"follow","max-snippet":"max-snippet:-1","max-image-preview":"max-image-preview:large","max-video-preview":"max-video-preview:-1"},"og_locale":"nb_NO","og_type":"article","og_title":"LED SKJERM 50x50 - X Meeting Point","og_description":"LED skjerm med 50x50 cm moduler som kan settes i sammen til \u00f8nsket format. Pr. i dag har vi 18 m2 p\u00e5 lager. En meget fleksibel skjerm som kan benyttes til alt fra en enkle skjerml\u00f8sninger i st\u00f8rrelser etter \u00f8nske, til \u00e5 lage kreative digitale bannerl\u00f8sninger. Skjermen har en meget god oppl\u00f8sning med en pitch p\u00e5 3.9 mm. Skjermen kj\u00f8res fra en medf\u00f8lgende pc, men filformatet for visning m\u00e5 kunden selv utarbeide. Ved enkle visninger kan Expolight bist\u00e5 for oppsett av dette. Pris p\u00e5 foresp\u00f8rsel.","og_url":"https:\/\/www.nettbutikk-tmu.no\/xmeetingpoint\/produkt\/led-skjerm-50x50\/","og_site_name":"X Meeting Point","article_modified_time":"2024-12-19T13:18:08+00:00","og_image":[{"width":1300,"height":1010,"url":"https:\/\/www.nettbutikk-tmu.no\/xmeetingpoint\/wp-content\/uploads\/sites\/2\/2019\/04\/LED-Vidiovegg.jpg","type":"image\/jpeg"}],"twitter_card":"summary_large_image","schema":{"@context":"https:\/\/schema.org","@graph":[{"@type":"WebPage","@id":"https:\/\/www.nettbutikk-tmu.no\/xmeetingpoint\/produkt\/led-skjerm-50x50\/","url":"https:\/\/www.nettbutikk-tmu.no\/xmeetingpoint\/produkt\/led-skjerm-50x50\/","name":"LED SKJERM 50x50 - X Meeting Point","isPartOf":{"@id":"https:\/\/www.nettbutikk-tmu.no\/xmeetingpoint\/#website"},"primaryImageOfPage":{"@id":"https:\/\/www.nettbutikk-tmu.no\/xmeetingpoint\/produkt\/led-skjerm-50x50\/#primaryimage"},"image":{"@id":"https:\/\/www.nettbutikk-tmu.no\/xmeetingpoint\/produkt\/led-skjerm-50x50\/#primaryimage"},"thumbnailUrl":"https:\/\/www.nettbutikk-tmu.no\/xmeetingpoint\/wp-content\/uploads\/sites\/2\/2019\/04\/LED-Vidiovegg.jpg","datePublished":"2019-04-12T11:58:49+00:00","dateModified":"2024-12-19T13:18:08+00:00","breadcrumb":{"@id":"https:\/\/www.nettbutikk-tmu.no\/xmeetingpoint\/produkt\/led-skjerm-50x50\/#breadcrumb"},"inLanguage":"nb-NO","potentialAction":[{"@type":"ReadAction","target":["https:\/\/www.nettbutikk-tmu.no\/xmeetingpoint\/produkt\/led-skjerm-50x50\/"]}]},{"@type":"ImageObject","inLanguage":"nb-NO","@id":"https:\/\/www.nettbutikk-tmu.no\/xmeetingpoint\/produkt\/led-skjerm-50x50\/#primaryimage","url":"https:\/\/www.nettbutikk-tmu.no\/xmeetingpoint\/wp-content\/uploads\/sites\/2\/2019\/04\/LED-Vidiovegg.jpg","contentUrl":"https:\/\/www.nettbutikk-tmu.no\/xmeetingpoint\/wp-content\/uploads\/sites\/2\/2019\/04\/LED-Vidiovegg.jpg","width":1300,"height":1010},{"@type":"BreadcrumbList","@id":"https:\/\/www.nettbutikk-tmu.no\/xmeetingpoint\/produkt\/led-skjerm-50x50\/#breadcrumb","itemListElement":[{"@type":"ListItem","position":1,"name":"Hjem","item":"https:\/\/www.nettbutikk-tmu.no\/xmeetingpoint\/"},{"@type":"ListItem","position":2,"name":"Butikk","item":"https:\/\/www.nettbutikk-tmu.no\/xmeetingpoint\/"},{"@type":"ListItem","position":3,"name":"LED SKJERM 50&#215;50"}]},{"@type":"WebSite","@id":"https:\/\/www.nettbutikk-tmu.no\/xmeetingpoint\/#website","url":"https:\/\/www.nettbutikk-tmu.no\/xmeetingpoint\/","name":"X Meeting Point","description":"","publisher":{"@id":"https:\/\/www.nettbutikk-tmu.no\/xmeetingpoint\/#organization"},"potentialAction":[{"@type":"SearchAction","target":{"@type":"EntryPoint","urlTemplate":"https:\/\/www.nettbutikk-tmu.no\/xmeetingpoint\/?s={search_term_string}"},"query-input":{"@type":"PropertyValueSpecification","valueRequired":true,"valueName":"search_term_string"}}],"inLanguage":"nb-NO"},{"@type":"Organization","@id":"https:\/\/www.nettbutikk-tmu.no\/xmeetingpoint\/#organization","name":"X Meeting Point","url":"https:\/\/www.nettbutikk-tmu.no\/xmeetingpoint\/","logo":{"@type":"ImageObject","inLanguage":"nb-NO","@id":"https:\/\/www.nettbutikk-tmu.no\/xmeetingpoint\/#\/schema\/logo\/image\/","url":"https:\/\/www.nettbutikk-tmu.no\/xmeetingpoint\/wp-content\/uploads\/sites\/2\/2019\/03\/cropped-x-meeting-point-norway.png","contentUrl":"https:\/\/www.nettbutikk-tmu.no\/xmeetingpoint\/wp-content\/uploads\/sites\/2\/2019\/03\/cropped-x-meeting-point-norway.png","width":1705,"height":546,"caption":"X Meeting Point"},"image":{"@id":"https:\/\/www.nettbutikk-tmu.no\/xmeetingpoint\/#\/schema\/logo\/image\/"}}]}},"lang":"nb","translations":{"nb":1899,"en":2094},"pll_sync_post":[],"_links":{"self":[{"href":"https:\/\/www.nettbutikk-tmu.no\/xmeetingpoint\/wp-json\/wp\/v2\/product\/1899","targetHints":{"allow":["GET"]}}],"collection":[{"href":"https:\/\/www.nettbutikk-tmu.no\/xmeetingpoint\/wp-json\/wp\/v2\/product"}],"about":[{"href":"https:\/\/www.nettbutikk-tmu.no\/xmeetingpoint\/wp-json\/wp\/v2\/types\/product"}],"wp:featuredmedia":[{"embeddable":true,"href":"https:\/\/www.nettbutikk-tmu.no\/xmeetingpoint\/wp-json\/wp\/v2\/media\/1900"}],"wp:attachment":[{"href":"https:\/\/www.nettbutikk-tmu.no\/xmeetingpoint\/wp-json\/wp\/v2\/media?parent=1899"}],"wp:term":[{"taxonomy":"product_brand","embeddable":true,"href":"https:\/\/www.nettbutikk-tmu.no\/xmeetingpoint\/wp-json\/wp\/v2\/product_brand?post=1899"},{"taxonomy":"product_cat","embeddable":true,"href":"https:\/\/www.nettbutikk-tmu.no\/xmeetingpoint\/wp-json\/wp\/v2\/product_cat?post=1899"},{"taxonomy":"product_tag","embeddable":true,"href":"https:\/\/www.nettbutikk-tmu.no\/xmeetingpoint\/wp-json\/wp\/v2\/product_tag?post=1899"}],"curies":[{"name":"wp","href":"https:\/\/api.w.org\/{rel}","templated":true}]}}