{"id":3611,"date":"2022-02-21T11:28:45","date_gmt":"2022-02-21T10:28:45","guid":{"rendered":"https:\/\/www.nettbutikk-tmu.no\/xmeetingpoint\/produkt\/tausperre\/"},"modified":"2026-01-05T09:10:19","modified_gmt":"2026-01-05T08:10:19","slug":"tausperre","status":"publish","type":"product","link":"https:\/\/www.nettbutikk-tmu.no\/xmeetingpoint\/produkt\/tausperre\/","title":{"rendered":"TAUSPERRE"},"content":{"rendered":"<p>Avsperringsstolpe.<br \/>\nKompletter med flettet tau eller velourb\u00e5nd for \u00e5 sette opp avsperringer eller et k\u00f8system inne eller ute.<br \/>\nTau\/b\u00e5nndlengde 1,5 meter og stolpeh\u00f8yde 90 cm.<\/p>\n<p>Tau i fargene, natur, Sort og R\u00f8dt:<br \/>\nVelourba\u00e5nd i Beige, Sort, R\u00f8dt og Bl\u00e5tt<\/p>\n","protected":false},"excerpt":{"rendered":"<p>Avsperringsstolpe. Kompletter med flettet tau eller velourb\u00e5nd for \u00e5 sette opp avsperringer eller et k\u00f8system inne eller ute. Tau\/b\u00e5nndlengde 1,5 meter og stolpeh\u00f8yde 90 cm. Tau i fargene, natur, Sort og R\u00f8dt: Velourba\u00e5nd i Beige, Sort, R\u00f8dt og Bl\u00e5tt<\/p>\n","protected":false},"featured_media":6149,"template":"","meta":{"_acf_changed":false},"product_brand":[],"product_cat":[15],"product_tag":[3993],"class_list":{"0":"post-3611","1":"product","2":"type-product","3":"status-publish","4":"has-post-thumbnail","6":"product_cat-uncategorized","7":"product_tag-inngjerding","8":"tmu_product_supplier-teppe-og-mobelutleie-as-malerbua-utleie-as","10":"first","11":"instock","12":"taxable","13":"shipping-taxable","14":"purchasable","15":"product-type-simple"},"acf":[],"yoast_head":"<!-- This site is optimized with the Yoast SEO plugin v27.3 - https:\/\/yoast.com\/product\/yoast-seo-wordpress\/ -->\n<title>TAUSPERRE - X Meeting Point<\/title>\n<meta name=\"robots\" content=\"noindex, follow, max-snippet:-1, max-image-preview:large, max-video-preview:-1\" \/>\n<meta property=\"og:locale\" content=\"nb_NO\" \/>\n<meta property=\"og:type\" content=\"article\" \/>\n<meta property=\"og:title\" content=\"TAUSPERRE - X Meeting Point\" \/>\n<meta property=\"og:description\" content=\"Avsperringsstolpe. Kompletter med flettet tau eller velourb\u00e5nd for \u00e5 sette opp avsperringer eller et k\u00f8system inne eller ute. Tau\/b\u00e5nndlengde 1,5 meter og stolpeh\u00f8yde 90 cm. Tau i fargene, natur, Sort og R\u00f8dt: Velourba\u00e5nd i Beige, Sort, R\u00f8dt og Bl\u00e5tt\" \/>\n<meta property=\"og:url\" content=\"https:\/\/www.nettbutikk-tmu.no\/xmeetingpoint\/produkt\/tausperre\/\" \/>\n<meta property=\"og:site_name\" content=\"X Meeting Point\" \/>\n<meta property=\"article:modified_time\" content=\"2026-01-05T08:10:19+00:00\" \/>\n<meta property=\"og:image\" content=\"https:\/\/www.nettbutikk-tmu.no\/xmeetingpoint\/wp-content\/uploads\/sites\/2\/2022\/02\/4211.jpg\" \/>\n\t<meta property=\"og:image:width\" content=\"1000\" \/>\n\t<meta property=\"og:image:height\" content=\"1000\" \/>\n\t<meta property=\"og:image:type\" content=\"image\/jpeg\" \/>\n<meta name=\"twitter:card\" content=\"summary_large_image\" \/>\n<meta name=\"twitter:label1\" content=\"Ansl. lesetid\" \/>\n\t<meta name=\"twitter:data1\" content=\"1 minutt\" \/>\n<script type=\"application\/ld+json\" class=\"yoast-schema-graph\">{\"@context\":\"https:\\\/\\\/schema.org\",\"@graph\":[{\"@type\":\"WebPage\",\"@id\":\"https:\\\/\\\/www.nettbutikk-tmu.no\\\/xmeetingpoint\\\/produkt\\\/tausperre\\\/\",\"url\":\"https:\\\/\\\/www.nettbutikk-tmu.no\\\/xmeetingpoint\\\/produkt\\\/tausperre\\\/\",\"name\":\"TAUSPERRE - X Meeting Point\",\"isPartOf\":{\"@id\":\"https:\\\/\\\/www.nettbutikk-tmu.no\\\/xmeetingpoint\\\/#website\"},\"primaryImageOfPage\":{\"@id\":\"https:\\\/\\\/www.nettbutikk-tmu.no\\\/xmeetingpoint\\\/produkt\\\/tausperre\\\/#primaryimage\"},\"image\":{\"@id\":\"https:\\\/\\\/www.nettbutikk-tmu.no\\\/xmeetingpoint\\\/produkt\\\/tausperre\\\/#primaryimage\"},\"thumbnailUrl\":\"https:\\\/\\\/www.nettbutikk-tmu.no\\\/xmeetingpoint\\\/wp-content\\\/uploads\\\/sites\\\/2\\\/2022\\\/02\\\/4211.jpg\",\"datePublished\":\"2022-02-21T10:28:45+00:00\",\"dateModified\":\"2026-01-05T08:10:19+00:00\",\"breadcrumb\":{\"@id\":\"https:\\\/\\\/www.nettbutikk-tmu.no\\\/xmeetingpoint\\\/produkt\\\/tausperre\\\/#breadcrumb\"},\"inLanguage\":\"nb-NO\",\"potentialAction\":[{\"@type\":\"ReadAction\",\"target\":[\"https:\\\/\\\/www.nettbutikk-tmu.no\\\/xmeetingpoint\\\/produkt\\\/tausperre\\\/\"]}]},{\"@type\":\"ImageObject\",\"inLanguage\":\"nb-NO\",\"@id\":\"https:\\\/\\\/www.nettbutikk-tmu.no\\\/xmeetingpoint\\\/produkt\\\/tausperre\\\/#primaryimage\",\"url\":\"https:\\\/\\\/www.nettbutikk-tmu.no\\\/xmeetingpoint\\\/wp-content\\\/uploads\\\/sites\\\/2\\\/2022\\\/02\\\/4211.jpg\",\"contentUrl\":\"https:\\\/\\\/www.nettbutikk-tmu.no\\\/xmeetingpoint\\\/wp-content\\\/uploads\\\/sites\\\/2\\\/2022\\\/02\\\/4211.jpg\",\"width\":1000,\"height\":1000},{\"@type\":\"BreadcrumbList\",\"@id\":\"https:\\\/\\\/www.nettbutikk-tmu.no\\\/xmeetingpoint\\\/produkt\\\/tausperre\\\/#breadcrumb\",\"itemListElement\":[{\"@type\":\"ListItem\",\"position\":1,\"name\":\"Hjem\",\"item\":\"https:\\\/\\\/www.nettbutikk-tmu.no\\\/xmeetingpoint\\\/\"},{\"@type\":\"ListItem\",\"position\":2,\"name\":\"Butikk\",\"item\":\"https:\\\/\\\/www.nettbutikk-tmu.no\\\/xmeetingpoint\\\/\"},{\"@type\":\"ListItem\",\"position\":3,\"name\":\"TAUSPERRE\"}]},{\"@type\":\"WebSite\",\"@id\":\"https:\\\/\\\/www.nettbutikk-tmu.no\\\/xmeetingpoint\\\/#website\",\"url\":\"https:\\\/\\\/www.nettbutikk-tmu.no\\\/xmeetingpoint\\\/\",\"name\":\"X Meeting Point\",\"description\":\"\",\"publisher\":{\"@id\":\"https:\\\/\\\/www.nettbutikk-tmu.no\\\/xmeetingpoint\\\/#organization\"},\"potentialAction\":[{\"@type\":\"SearchAction\",\"target\":{\"@type\":\"EntryPoint\",\"urlTemplate\":\"https:\\\/\\\/www.nettbutikk-tmu.no\\\/xmeetingpoint\\\/?s={search_term_string}\"},\"query-input\":{\"@type\":\"PropertyValueSpecification\",\"valueRequired\":true,\"valueName\":\"search_term_string\"}}],\"inLanguage\":\"nb-NO\"},{\"@type\":\"Organization\",\"@id\":\"https:\\\/\\\/www.nettbutikk-tmu.no\\\/xmeetingpoint\\\/#organization\",\"name\":\"X Meeting Point\",\"url\":\"https:\\\/\\\/www.nettbutikk-tmu.no\\\/xmeetingpoint\\\/\",\"logo\":{\"@type\":\"ImageObject\",\"inLanguage\":\"nb-NO\",\"@id\":\"https:\\\/\\\/www.nettbutikk-tmu.no\\\/xmeetingpoint\\\/#\\\/schema\\\/logo\\\/image\\\/\",\"url\":\"https:\\\/\\\/www.nettbutikk-tmu.no\\\/xmeetingpoint\\\/wp-content\\\/uploads\\\/sites\\\/2\\\/2019\\\/03\\\/cropped-x-meeting-point-norway.png\",\"contentUrl\":\"https:\\\/\\\/www.nettbutikk-tmu.no\\\/xmeetingpoint\\\/wp-content\\\/uploads\\\/sites\\\/2\\\/2019\\\/03\\\/cropped-x-meeting-point-norway.png\",\"width\":1705,\"height\":546,\"caption\":\"X Meeting Point\"},\"image\":{\"@id\":\"https:\\\/\\\/www.nettbutikk-tmu.no\\\/xmeetingpoint\\\/#\\\/schema\\\/logo\\\/image\\\/\"}}]}<\/script>\n<!-- \/ Yoast SEO plugin. -->","yoast_head_json":{"title":"TAUSPERRE - X Meeting Point","robots":{"index":"noindex","follow":"follow","max-snippet":"max-snippet:-1","max-image-preview":"max-image-preview:large","max-video-preview":"max-video-preview:-1"},"og_locale":"nb_NO","og_type":"article","og_title":"TAUSPERRE - X Meeting Point","og_description":"Avsperringsstolpe. Kompletter med flettet tau eller velourb\u00e5nd for \u00e5 sette opp avsperringer eller et k\u00f8system inne eller ute. Tau\/b\u00e5nndlengde 1,5 meter og stolpeh\u00f8yde 90 cm. Tau i fargene, natur, Sort og R\u00f8dt: Velourba\u00e5nd i Beige, Sort, R\u00f8dt og Bl\u00e5tt","og_url":"https:\/\/www.nettbutikk-tmu.no\/xmeetingpoint\/produkt\/tausperre\/","og_site_name":"X Meeting Point","article_modified_time":"2026-01-05T08:10:19+00:00","og_image":[{"width":1000,"height":1000,"url":"https:\/\/www.nettbutikk-tmu.no\/xmeetingpoint\/wp-content\/uploads\/sites\/2\/2022\/02\/4211.jpg","type":"image\/jpeg"}],"twitter_card":"summary_large_image","twitter_misc":{"Ansl. lesetid":"1 minutt"},"schema":{"@context":"https:\/\/schema.org","@graph":[{"@type":"WebPage","@id":"https:\/\/www.nettbutikk-tmu.no\/xmeetingpoint\/produkt\/tausperre\/","url":"https:\/\/www.nettbutikk-tmu.no\/xmeetingpoint\/produkt\/tausperre\/","name":"TAUSPERRE - X Meeting Point","isPartOf":{"@id":"https:\/\/www.nettbutikk-tmu.no\/xmeetingpoint\/#website"},"primaryImageOfPage":{"@id":"https:\/\/www.nettbutikk-tmu.no\/xmeetingpoint\/produkt\/tausperre\/#primaryimage"},"image":{"@id":"https:\/\/www.nettbutikk-tmu.no\/xmeetingpoint\/produkt\/tausperre\/#primaryimage"},"thumbnailUrl":"https:\/\/www.nettbutikk-tmu.no\/xmeetingpoint\/wp-content\/uploads\/sites\/2\/2022\/02\/4211.jpg","datePublished":"2022-02-21T10:28:45+00:00","dateModified":"2026-01-05T08:10:19+00:00","breadcrumb":{"@id":"https:\/\/www.nettbutikk-tmu.no\/xmeetingpoint\/produkt\/tausperre\/#breadcrumb"},"inLanguage":"nb-NO","potentialAction":[{"@type":"ReadAction","target":["https:\/\/www.nettbutikk-tmu.no\/xmeetingpoint\/produkt\/tausperre\/"]}]},{"@type":"ImageObject","inLanguage":"nb-NO","@id":"https:\/\/www.nettbutikk-tmu.no\/xmeetingpoint\/produkt\/tausperre\/#primaryimage","url":"https:\/\/www.nettbutikk-tmu.no\/xmeetingpoint\/wp-content\/uploads\/sites\/2\/2022\/02\/4211.jpg","contentUrl":"https:\/\/www.nettbutikk-tmu.no\/xmeetingpoint\/wp-content\/uploads\/sites\/2\/2022\/02\/4211.jpg","width":1000,"height":1000},{"@type":"BreadcrumbList","@id":"https:\/\/www.nettbutikk-tmu.no\/xmeetingpoint\/produkt\/tausperre\/#breadcrumb","itemListElement":[{"@type":"ListItem","position":1,"name":"Hjem","item":"https:\/\/www.nettbutikk-tmu.no\/xmeetingpoint\/"},{"@type":"ListItem","position":2,"name":"Butikk","item":"https:\/\/www.nettbutikk-tmu.no\/xmeetingpoint\/"},{"@type":"ListItem","position":3,"name":"TAUSPERRE"}]},{"@type":"WebSite","@id":"https:\/\/www.nettbutikk-tmu.no\/xmeetingpoint\/#website","url":"https:\/\/www.nettbutikk-tmu.no\/xmeetingpoint\/","name":"X Meeting Point","description":"","publisher":{"@id":"https:\/\/www.nettbutikk-tmu.no\/xmeetingpoint\/#organization"},"potentialAction":[{"@type":"SearchAction","target":{"@type":"EntryPoint","urlTemplate":"https:\/\/www.nettbutikk-tmu.no\/xmeetingpoint\/?s={search_term_string}"},"query-input":{"@type":"PropertyValueSpecification","valueRequired":true,"valueName":"search_term_string"}}],"inLanguage":"nb-NO"},{"@type":"Organization","@id":"https:\/\/www.nettbutikk-tmu.no\/xmeetingpoint\/#organization","name":"X Meeting Point","url":"https:\/\/www.nettbutikk-tmu.no\/xmeetingpoint\/","logo":{"@type":"ImageObject","inLanguage":"nb-NO","@id":"https:\/\/www.nettbutikk-tmu.no\/xmeetingpoint\/#\/schema\/logo\/image\/","url":"https:\/\/www.nettbutikk-tmu.no\/xmeetingpoint\/wp-content\/uploads\/sites\/2\/2019\/03\/cropped-x-meeting-point-norway.png","contentUrl":"https:\/\/www.nettbutikk-tmu.no\/xmeetingpoint\/wp-content\/uploads\/sites\/2\/2019\/03\/cropped-x-meeting-point-norway.png","width":1705,"height":546,"caption":"X Meeting Point"},"image":{"@id":"https:\/\/www.nettbutikk-tmu.no\/xmeetingpoint\/#\/schema\/logo\/image\/"}}]}},"lang":"nb","translations":{"nb":3611,"en":3612},"pll_sync_post":[],"_links":{"self":[{"href":"https:\/\/www.nettbutikk-tmu.no\/xmeetingpoint\/wp-json\/wp\/v2\/product\/3611","targetHints":{"allow":["GET"]}}],"collection":[{"href":"https:\/\/www.nettbutikk-tmu.no\/xmeetingpoint\/wp-json\/wp\/v2\/product"}],"about":[{"href":"https:\/\/www.nettbutikk-tmu.no\/xmeetingpoint\/wp-json\/wp\/v2\/types\/product"}],"wp:featuredmedia":[{"embeddable":true,"href":"https:\/\/www.nettbutikk-tmu.no\/xmeetingpoint\/wp-json\/wp\/v2\/media\/6149"}],"wp:attachment":[{"href":"https:\/\/www.nettbutikk-tmu.no\/xmeetingpoint\/wp-json\/wp\/v2\/media?parent=3611"}],"wp:term":[{"taxonomy":"product_brand","embeddable":true,"href":"https:\/\/www.nettbutikk-tmu.no\/xmeetingpoint\/wp-json\/wp\/v2\/product_brand?post=3611"},{"taxonomy":"product_cat","embeddable":true,"href":"https:\/\/www.nettbutikk-tmu.no\/xmeetingpoint\/wp-json\/wp\/v2\/product_cat?post=3611"},{"taxonomy":"product_tag","embeddable":true,"href":"https:\/\/www.nettbutikk-tmu.no\/xmeetingpoint\/wp-json\/wp\/v2\/product_tag?post=3611"}],"curies":[{"name":"wp","href":"https:\/\/api.w.org\/{rel}","templated":true}]}}