{"id":450,"date":"2018-12-07T00:00:00","date_gmt":"2018-12-06T23:00:00","guid":{"rendered":"https:\/\/www.nettbutikk-tmu.no\/xmeetingpoint\/produkt\/cafebord-aluminium\/"},"modified":"2025-12-17T10:00:37","modified_gmt":"2025-12-17T09:00:37","slug":"cafebord-aluminium","status":"publish","type":"product","link":"https:\/\/www.nettbutikk-tmu.no\/xmeetingpoint\/produkt\/cafebord-aluminium\/","title":{"rendered":"CAF\u00c9BORD &#8211; ALUMINIUM"},"content":{"rendered":"<div class=\"container\">\n<div class=\"content-wrapper\">\n<div class=\"content\">\n<div class=\"product-details\">\n<div class=\"product-info\">\n<div class=\"product-description\">Bordplate i aluminium. \u00d8- 60 cm.<br \/>\nFot i aluminium<\/div>\n<\/div>\n<\/div>\n<\/div>\n<\/div>\n<\/div>\n","protected":false},"excerpt":{"rendered":"<p>Caf\u00e9bord, \u00f8- 60 cm.<\/p>\n","protected":false},"featured_media":412,"template":"","meta":{"_acf_changed":false},"product_brand":[],"product_cat":[1677,1666],"product_tag":[3464,1775],"class_list":{"0":"post-450","1":"product","2":"type-product","3":"status-publish","4":"has-post-thumbnail","6":"product_cat-bord","7":"product_cat-mobler","8":"product_tag-cafe-table-2","9":"product_tag-cafebord","10":"tmu_product_supplier-teppe-og-mobelutleie-as-malerbua-utleie-as","12":"first","13":"instock","14":"taxable","15":"shipping-taxable","16":"purchasable","17":"product-type-simple"},"acf":[],"yoast_head":"<!-- This site is optimized with the Yoast SEO plugin v27.3 - https:\/\/yoast.com\/product\/yoast-seo-wordpress\/ -->\n<title>CAF\u00c9BORD - ALUMINIUM - X Meeting Point<\/title>\n<meta name=\"robots\" content=\"noindex, follow, max-snippet:-1, max-image-preview:large, max-video-preview:-1\" \/>\n<meta property=\"og:locale\" content=\"nb_NO\" \/>\n<meta property=\"og:type\" content=\"article\" \/>\n<meta property=\"og:title\" content=\"CAF\u00c9BORD - ALUMINIUM - X Meeting Point\" \/>\n<meta property=\"og:description\" content=\"Caf\u00e9bord, \u00f8- 60 cm.\" \/>\n<meta property=\"og:url\" content=\"https:\/\/www.nettbutikk-tmu.no\/xmeetingpoint\/produkt\/cafebord-aluminium\/\" \/>\n<meta property=\"og:site_name\" content=\"X Meeting Point\" \/>\n<meta property=\"article:modified_time\" content=\"2025-12-17T09:00:37+00:00\" \/>\n<meta property=\"og:image\" content=\"https:\/\/www.nettbutikk-tmu.no\/xmeetingpoint\/wp-content\/uploads\/sites\/2\/2019\/03\/1305.jpg\" \/>\n\t<meta property=\"og:image:width\" content=\"3543\" \/>\n\t<meta property=\"og:image:height\" content=\"3543\" \/>\n\t<meta property=\"og:image:type\" content=\"image\/jpeg\" \/>\n<meta name=\"twitter:card\" content=\"summary_large_image\" \/>\n<script type=\"application\/ld+json\" class=\"yoast-schema-graph\">{\"@context\":\"https:\\\/\\\/schema.org\",\"@graph\":[{\"@type\":\"WebPage\",\"@id\":\"https:\\\/\\\/www.nettbutikk-tmu.no\\\/xmeetingpoint\\\/produkt\\\/cafebord-aluminium\\\/\",\"url\":\"https:\\\/\\\/www.nettbutikk-tmu.no\\\/xmeetingpoint\\\/produkt\\\/cafebord-aluminium\\\/\",\"name\":\"CAF\u00c9BORD - ALUMINIUM - X Meeting Point\",\"isPartOf\":{\"@id\":\"https:\\\/\\\/www.nettbutikk-tmu.no\\\/xmeetingpoint\\\/#website\"},\"primaryImageOfPage\":{\"@id\":\"https:\\\/\\\/www.nettbutikk-tmu.no\\\/xmeetingpoint\\\/produkt\\\/cafebord-aluminium\\\/#primaryimage\"},\"image\":{\"@id\":\"https:\\\/\\\/www.nettbutikk-tmu.no\\\/xmeetingpoint\\\/produkt\\\/cafebord-aluminium\\\/#primaryimage\"},\"thumbnailUrl\":\"https:\\\/\\\/www.nettbutikk-tmu.no\\\/xmeetingpoint\\\/wp-content\\\/uploads\\\/sites\\\/2\\\/2019\\\/03\\\/1305.jpg\",\"datePublished\":\"2018-12-06T23:00:00+00:00\",\"dateModified\":\"2025-12-17T09:00:37+00:00\",\"breadcrumb\":{\"@id\":\"https:\\\/\\\/www.nettbutikk-tmu.no\\\/xmeetingpoint\\\/produkt\\\/cafebord-aluminium\\\/#breadcrumb\"},\"inLanguage\":\"nb-NO\",\"potentialAction\":[{\"@type\":\"ReadAction\",\"target\":[\"https:\\\/\\\/www.nettbutikk-tmu.no\\\/xmeetingpoint\\\/produkt\\\/cafebord-aluminium\\\/\"]}]},{\"@type\":\"ImageObject\",\"inLanguage\":\"nb-NO\",\"@id\":\"https:\\\/\\\/www.nettbutikk-tmu.no\\\/xmeetingpoint\\\/produkt\\\/cafebord-aluminium\\\/#primaryimage\",\"url\":\"https:\\\/\\\/www.nettbutikk-tmu.no\\\/xmeetingpoint\\\/wp-content\\\/uploads\\\/sites\\\/2\\\/2019\\\/03\\\/1305.jpg\",\"contentUrl\":\"https:\\\/\\\/www.nettbutikk-tmu.no\\\/xmeetingpoint\\\/wp-content\\\/uploads\\\/sites\\\/2\\\/2019\\\/03\\\/1305.jpg\",\"width\":3543,\"height\":3543},{\"@type\":\"BreadcrumbList\",\"@id\":\"https:\\\/\\\/www.nettbutikk-tmu.no\\\/xmeetingpoint\\\/produkt\\\/cafebord-aluminium\\\/#breadcrumb\",\"itemListElement\":[{\"@type\":\"ListItem\",\"position\":1,\"name\":\"Hjem\",\"item\":\"https:\\\/\\\/www.nettbutikk-tmu.no\\\/xmeetingpoint\\\/\"},{\"@type\":\"ListItem\",\"position\":2,\"name\":\"Butikk\",\"item\":\"https:\\\/\\\/www.nettbutikk-tmu.no\\\/xmeetingpoint\\\/\"},{\"@type\":\"ListItem\",\"position\":3,\"name\":\"CAF\u00c9BORD &#8211; ALUMINIUM\"}]},{\"@type\":\"WebSite\",\"@id\":\"https:\\\/\\\/www.nettbutikk-tmu.no\\\/xmeetingpoint\\\/#website\",\"url\":\"https:\\\/\\\/www.nettbutikk-tmu.no\\\/xmeetingpoint\\\/\",\"name\":\"X Meeting Point\",\"description\":\"\",\"publisher\":{\"@id\":\"https:\\\/\\\/www.nettbutikk-tmu.no\\\/xmeetingpoint\\\/#organization\"},\"potentialAction\":[{\"@type\":\"SearchAction\",\"target\":{\"@type\":\"EntryPoint\",\"urlTemplate\":\"https:\\\/\\\/www.nettbutikk-tmu.no\\\/xmeetingpoint\\\/?s={search_term_string}\"},\"query-input\":{\"@type\":\"PropertyValueSpecification\",\"valueRequired\":true,\"valueName\":\"search_term_string\"}}],\"inLanguage\":\"nb-NO\"},{\"@type\":\"Organization\",\"@id\":\"https:\\\/\\\/www.nettbutikk-tmu.no\\\/xmeetingpoint\\\/#organization\",\"name\":\"X Meeting Point\",\"url\":\"https:\\\/\\\/www.nettbutikk-tmu.no\\\/xmeetingpoint\\\/\",\"logo\":{\"@type\":\"ImageObject\",\"inLanguage\":\"nb-NO\",\"@id\":\"https:\\\/\\\/www.nettbutikk-tmu.no\\\/xmeetingpoint\\\/#\\\/schema\\\/logo\\\/image\\\/\",\"url\":\"https:\\\/\\\/www.nettbutikk-tmu.no\\\/xmeetingpoint\\\/wp-content\\\/uploads\\\/sites\\\/2\\\/2019\\\/03\\\/cropped-x-meeting-point-norway.png\",\"contentUrl\":\"https:\\\/\\\/www.nettbutikk-tmu.no\\\/xmeetingpoint\\\/wp-content\\\/uploads\\\/sites\\\/2\\\/2019\\\/03\\\/cropped-x-meeting-point-norway.png\",\"width\":1705,\"height\":546,\"caption\":\"X Meeting Point\"},\"image\":{\"@id\":\"https:\\\/\\\/www.nettbutikk-tmu.no\\\/xmeetingpoint\\\/#\\\/schema\\\/logo\\\/image\\\/\"}}]}<\/script>\n<!-- \/ Yoast SEO plugin. -->","yoast_head_json":{"title":"CAF\u00c9BORD - ALUMINIUM - X Meeting Point","robots":{"index":"noindex","follow":"follow","max-snippet":"max-snippet:-1","max-image-preview":"max-image-preview:large","max-video-preview":"max-video-preview:-1"},"og_locale":"nb_NO","og_type":"article","og_title":"CAF\u00c9BORD - ALUMINIUM - X Meeting Point","og_description":"Caf\u00e9bord, \u00f8- 60 cm.","og_url":"https:\/\/www.nettbutikk-tmu.no\/xmeetingpoint\/produkt\/cafebord-aluminium\/","og_site_name":"X Meeting Point","article_modified_time":"2025-12-17T09:00:37+00:00","og_image":[{"width":3543,"height":3543,"url":"https:\/\/www.nettbutikk-tmu.no\/xmeetingpoint\/wp-content\/uploads\/sites\/2\/2019\/03\/1305.jpg","type":"image\/jpeg"}],"twitter_card":"summary_large_image","schema":{"@context":"https:\/\/schema.org","@graph":[{"@type":"WebPage","@id":"https:\/\/www.nettbutikk-tmu.no\/xmeetingpoint\/produkt\/cafebord-aluminium\/","url":"https:\/\/www.nettbutikk-tmu.no\/xmeetingpoint\/produkt\/cafebord-aluminium\/","name":"CAF\u00c9BORD - ALUMINIUM - X Meeting Point","isPartOf":{"@id":"https:\/\/www.nettbutikk-tmu.no\/xmeetingpoint\/#website"},"primaryImageOfPage":{"@id":"https:\/\/www.nettbutikk-tmu.no\/xmeetingpoint\/produkt\/cafebord-aluminium\/#primaryimage"},"image":{"@id":"https:\/\/www.nettbutikk-tmu.no\/xmeetingpoint\/produkt\/cafebord-aluminium\/#primaryimage"},"thumbnailUrl":"https:\/\/www.nettbutikk-tmu.no\/xmeetingpoint\/wp-content\/uploads\/sites\/2\/2019\/03\/1305.jpg","datePublished":"2018-12-06T23:00:00+00:00","dateModified":"2025-12-17T09:00:37+00:00","breadcrumb":{"@id":"https:\/\/www.nettbutikk-tmu.no\/xmeetingpoint\/produkt\/cafebord-aluminium\/#breadcrumb"},"inLanguage":"nb-NO","potentialAction":[{"@type":"ReadAction","target":["https:\/\/www.nettbutikk-tmu.no\/xmeetingpoint\/produkt\/cafebord-aluminium\/"]}]},{"@type":"ImageObject","inLanguage":"nb-NO","@id":"https:\/\/www.nettbutikk-tmu.no\/xmeetingpoint\/produkt\/cafebord-aluminium\/#primaryimage","url":"https:\/\/www.nettbutikk-tmu.no\/xmeetingpoint\/wp-content\/uploads\/sites\/2\/2019\/03\/1305.jpg","contentUrl":"https:\/\/www.nettbutikk-tmu.no\/xmeetingpoint\/wp-content\/uploads\/sites\/2\/2019\/03\/1305.jpg","width":3543,"height":3543},{"@type":"BreadcrumbList","@id":"https:\/\/www.nettbutikk-tmu.no\/xmeetingpoint\/produkt\/cafebord-aluminium\/#breadcrumb","itemListElement":[{"@type":"ListItem","position":1,"name":"Hjem","item":"https:\/\/www.nettbutikk-tmu.no\/xmeetingpoint\/"},{"@type":"ListItem","position":2,"name":"Butikk","item":"https:\/\/www.nettbutikk-tmu.no\/xmeetingpoint\/"},{"@type":"ListItem","position":3,"name":"CAF\u00c9BORD &#8211; ALUMINIUM"}]},{"@type":"WebSite","@id":"https:\/\/www.nettbutikk-tmu.no\/xmeetingpoint\/#website","url":"https:\/\/www.nettbutikk-tmu.no\/xmeetingpoint\/","name":"X Meeting Point","description":"","publisher":{"@id":"https:\/\/www.nettbutikk-tmu.no\/xmeetingpoint\/#organization"},"potentialAction":[{"@type":"SearchAction","target":{"@type":"EntryPoint","urlTemplate":"https:\/\/www.nettbutikk-tmu.no\/xmeetingpoint\/?s={search_term_string}"},"query-input":{"@type":"PropertyValueSpecification","valueRequired":true,"valueName":"search_term_string"}}],"inLanguage":"nb-NO"},{"@type":"Organization","@id":"https:\/\/www.nettbutikk-tmu.no\/xmeetingpoint\/#organization","name":"X Meeting Point","url":"https:\/\/www.nettbutikk-tmu.no\/xmeetingpoint\/","logo":{"@type":"ImageObject","inLanguage":"nb-NO","@id":"https:\/\/www.nettbutikk-tmu.no\/xmeetingpoint\/#\/schema\/logo\/image\/","url":"https:\/\/www.nettbutikk-tmu.no\/xmeetingpoint\/wp-content\/uploads\/sites\/2\/2019\/03\/cropped-x-meeting-point-norway.png","contentUrl":"https:\/\/www.nettbutikk-tmu.no\/xmeetingpoint\/wp-content\/uploads\/sites\/2\/2019\/03\/cropped-x-meeting-point-norway.png","width":1705,"height":546,"caption":"X Meeting Point"},"image":{"@id":"https:\/\/www.nettbutikk-tmu.no\/xmeetingpoint\/#\/schema\/logo\/image\/"}}]}},"lang":"nb","translations":{"nb":450,"en":451},"pll_sync_post":[],"_links":{"self":[{"href":"https:\/\/www.nettbutikk-tmu.no\/xmeetingpoint\/wp-json\/wp\/v2\/product\/450","targetHints":{"allow":["GET"]}}],"collection":[{"href":"https:\/\/www.nettbutikk-tmu.no\/xmeetingpoint\/wp-json\/wp\/v2\/product"}],"about":[{"href":"https:\/\/www.nettbutikk-tmu.no\/xmeetingpoint\/wp-json\/wp\/v2\/types\/product"}],"wp:featuredmedia":[{"embeddable":true,"href":"https:\/\/www.nettbutikk-tmu.no\/xmeetingpoint\/wp-json\/wp\/v2\/media\/412"}],"wp:attachment":[{"href":"https:\/\/www.nettbutikk-tmu.no\/xmeetingpoint\/wp-json\/wp\/v2\/media?parent=450"}],"wp:term":[{"taxonomy":"product_brand","embeddable":true,"href":"https:\/\/www.nettbutikk-tmu.no\/xmeetingpoint\/wp-json\/wp\/v2\/product_brand?post=450"},{"taxonomy":"product_cat","embeddable":true,"href":"https:\/\/www.nettbutikk-tmu.no\/xmeetingpoint\/wp-json\/wp\/v2\/product_cat?post=450"},{"taxonomy":"product_tag","embeddable":true,"href":"https:\/\/www.nettbutikk-tmu.no\/xmeetingpoint\/wp-json\/wp\/v2\/product_tag?post=450"}],"curies":[{"name":"wp","href":"https:\/\/api.w.org\/{rel}","templated":true}]}}