{"id":5337,"date":"2024-11-29T09:10:25","date_gmt":"2024-11-29T08:10:25","guid":{"rendered":"https:\/\/www.nettbutikk-tmu.no\/xmeetingpoint\/?post_type=product&#038;p=5337"},"modified":"2026-01-05T11:23:17","modified_gmt":"2026-01-05T10:23:17","slug":"stra-gress-gronn","status":"publish","type":"product","link":"https:\/\/www.nettbutikk-tmu.no\/xmeetingpoint\/produkt\/stra-gress-gronn\/","title":{"rendered":"Str\u00e5 &#8211; Gress, Gr\u00f8nn"},"content":{"rendered":"<p>Str\u00e5 &#8211; Gress<\/p>\n<p>Gr\u00f8nn<\/p>\n<p>Kunstig<\/p>\n<p>120 cm<\/p>\n<p>Leveres med potteskjuler<\/p>\n","protected":false},"excerpt":{"rendered":"<p>Str\u00e5 &#8211; gress<\/p>\n<p>Gr\u00f8nn, kunstig<br \/>\n120 cm<\/p>\n","protected":false},"featured_media":5336,"template":"","meta":{"_acf_changed":false},"product_brand":[],"product_cat":[15],"product_tag":[4381,3442],"class_list":{"0":"post-5337","1":"product","2":"type-product","3":"status-publish","4":"has-post-thumbnail","6":"product_cat-uncategorized","7":"product_tag-plante","8":"product_tag-salong-3","9":"tmu_product_supplier-teppe-og-mobelutleie-as-malerbua-utleie-as","11":"first","12":"instock","13":"taxable","14":"shipping-taxable","15":"purchasable","16":"product-type-simple"},"acf":[],"yoast_head":"<!-- This site is optimized with the Yoast SEO plugin v27.3 - https:\/\/yoast.com\/product\/yoast-seo-wordpress\/ -->\n<title>Str\u00e5 - Gress, Gr\u00f8nn - X Meeting Point<\/title>\n<meta name=\"robots\" content=\"noindex, follow, max-snippet:-1, max-image-preview:large, max-video-preview:-1\" \/>\n<meta property=\"og:locale\" content=\"nb_NO\" \/>\n<meta property=\"og:type\" content=\"article\" \/>\n<meta property=\"og:title\" content=\"Str\u00e5 - Gress, Gr\u00f8nn - X Meeting Point\" \/>\n<meta property=\"og:description\" content=\"Str\u00e5 - gress  Gr\u00f8nn, kunstig 120 cm\" \/>\n<meta property=\"og:url\" content=\"https:\/\/www.nettbutikk-tmu.no\/xmeetingpoint\/produkt\/stra-gress-gronn\/\" \/>\n<meta property=\"og:site_name\" content=\"X Meeting Point\" \/>\n<meta property=\"article:modified_time\" content=\"2026-01-05T10:23:17+00:00\" \/>\n<meta property=\"og:image\" content=\"https:\/\/www.nettbutikk-tmu.no\/xmeetingpoint\/wp-content\/uploads\/sites\/2\/2024\/01\/Stra-Gress-120cm-e1706191637591.jpg\" \/>\n\t<meta property=\"og:image:width\" content=\"806\" \/>\n\t<meta property=\"og:image:height\" content=\"1174\" \/>\n\t<meta property=\"og:image:type\" content=\"image\/jpeg\" \/>\n<meta name=\"twitter:card\" content=\"summary_large_image\" \/>\n<script type=\"application\/ld+json\" class=\"yoast-schema-graph\">{\"@context\":\"https:\\\/\\\/schema.org\",\"@graph\":[{\"@type\":\"WebPage\",\"@id\":\"https:\\\/\\\/www.nettbutikk-tmu.no\\\/xmeetingpoint\\\/produkt\\\/stra-gress-gronn\\\/\",\"url\":\"https:\\\/\\\/www.nettbutikk-tmu.no\\\/xmeetingpoint\\\/produkt\\\/stra-gress-gronn\\\/\",\"name\":\"Str\u00e5 - Gress, Gr\u00f8nn - X Meeting Point\",\"isPartOf\":{\"@id\":\"https:\\\/\\\/www.nettbutikk-tmu.no\\\/xmeetingpoint\\\/#website\"},\"primaryImageOfPage\":{\"@id\":\"https:\\\/\\\/www.nettbutikk-tmu.no\\\/xmeetingpoint\\\/produkt\\\/stra-gress-gronn\\\/#primaryimage\"},\"image\":{\"@id\":\"https:\\\/\\\/www.nettbutikk-tmu.no\\\/xmeetingpoint\\\/produkt\\\/stra-gress-gronn\\\/#primaryimage\"},\"thumbnailUrl\":\"https:\\\/\\\/www.nettbutikk-tmu.no\\\/xmeetingpoint\\\/wp-content\\\/uploads\\\/sites\\\/2\\\/2024\\\/01\\\/Stra-Gress-120cm-e1706191637591.jpg\",\"datePublished\":\"2024-11-29T08:10:25+00:00\",\"dateModified\":\"2026-01-05T10:23:17+00:00\",\"breadcrumb\":{\"@id\":\"https:\\\/\\\/www.nettbutikk-tmu.no\\\/xmeetingpoint\\\/produkt\\\/stra-gress-gronn\\\/#breadcrumb\"},\"inLanguage\":\"nb-NO\",\"potentialAction\":[{\"@type\":\"ReadAction\",\"target\":[\"https:\\\/\\\/www.nettbutikk-tmu.no\\\/xmeetingpoint\\\/produkt\\\/stra-gress-gronn\\\/\"]}]},{\"@type\":\"ImageObject\",\"inLanguage\":\"nb-NO\",\"@id\":\"https:\\\/\\\/www.nettbutikk-tmu.no\\\/xmeetingpoint\\\/produkt\\\/stra-gress-gronn\\\/#primaryimage\",\"url\":\"https:\\\/\\\/www.nettbutikk-tmu.no\\\/xmeetingpoint\\\/wp-content\\\/uploads\\\/sites\\\/2\\\/2024\\\/01\\\/Stra-Gress-120cm-e1706191637591.jpg\",\"contentUrl\":\"https:\\\/\\\/www.nettbutikk-tmu.no\\\/xmeetingpoint\\\/wp-content\\\/uploads\\\/sites\\\/2\\\/2024\\\/01\\\/Stra-Gress-120cm-e1706191637591.jpg\",\"width\":806,\"height\":1174},{\"@type\":\"BreadcrumbList\",\"@id\":\"https:\\\/\\\/www.nettbutikk-tmu.no\\\/xmeetingpoint\\\/produkt\\\/stra-gress-gronn\\\/#breadcrumb\",\"itemListElement\":[{\"@type\":\"ListItem\",\"position\":1,\"name\":\"Hjem\",\"item\":\"https:\\\/\\\/www.nettbutikk-tmu.no\\\/xmeetingpoint\\\/\"},{\"@type\":\"ListItem\",\"position\":2,\"name\":\"Butikk\",\"item\":\"https:\\\/\\\/www.nettbutikk-tmu.no\\\/xmeetingpoint\\\/\"},{\"@type\":\"ListItem\",\"position\":3,\"name\":\"Str\u00e5 &#8211; Gress, Gr\u00f8nn\"}]},{\"@type\":\"WebSite\",\"@id\":\"https:\\\/\\\/www.nettbutikk-tmu.no\\\/xmeetingpoint\\\/#website\",\"url\":\"https:\\\/\\\/www.nettbutikk-tmu.no\\\/xmeetingpoint\\\/\",\"name\":\"X Meeting Point\",\"description\":\"\",\"publisher\":{\"@id\":\"https:\\\/\\\/www.nettbutikk-tmu.no\\\/xmeetingpoint\\\/#organization\"},\"potentialAction\":[{\"@type\":\"SearchAction\",\"target\":{\"@type\":\"EntryPoint\",\"urlTemplate\":\"https:\\\/\\\/www.nettbutikk-tmu.no\\\/xmeetingpoint\\\/?s={search_term_string}\"},\"query-input\":{\"@type\":\"PropertyValueSpecification\",\"valueRequired\":true,\"valueName\":\"search_term_string\"}}],\"inLanguage\":\"nb-NO\"},{\"@type\":\"Organization\",\"@id\":\"https:\\\/\\\/www.nettbutikk-tmu.no\\\/xmeetingpoint\\\/#organization\",\"name\":\"X Meeting Point\",\"url\":\"https:\\\/\\\/www.nettbutikk-tmu.no\\\/xmeetingpoint\\\/\",\"logo\":{\"@type\":\"ImageObject\",\"inLanguage\":\"nb-NO\",\"@id\":\"https:\\\/\\\/www.nettbutikk-tmu.no\\\/xmeetingpoint\\\/#\\\/schema\\\/logo\\\/image\\\/\",\"url\":\"https:\\\/\\\/www.nettbutikk-tmu.no\\\/xmeetingpoint\\\/wp-content\\\/uploads\\\/sites\\\/2\\\/2019\\\/03\\\/cropped-x-meeting-point-norway.png\",\"contentUrl\":\"https:\\\/\\\/www.nettbutikk-tmu.no\\\/xmeetingpoint\\\/wp-content\\\/uploads\\\/sites\\\/2\\\/2019\\\/03\\\/cropped-x-meeting-point-norway.png\",\"width\":1705,\"height\":546,\"caption\":\"X Meeting Point\"},\"image\":{\"@id\":\"https:\\\/\\\/www.nettbutikk-tmu.no\\\/xmeetingpoint\\\/#\\\/schema\\\/logo\\\/image\\\/\"}}]}<\/script>\n<!-- \/ Yoast SEO plugin. -->","yoast_head_json":{"title":"Str\u00e5 - Gress, Gr\u00f8nn - X Meeting Point","robots":{"index":"noindex","follow":"follow","max-snippet":"max-snippet:-1","max-image-preview":"max-image-preview:large","max-video-preview":"max-video-preview:-1"},"og_locale":"nb_NO","og_type":"article","og_title":"Str\u00e5 - Gress, Gr\u00f8nn - X Meeting Point","og_description":"Str\u00e5 - gress  Gr\u00f8nn, kunstig 120 cm","og_url":"https:\/\/www.nettbutikk-tmu.no\/xmeetingpoint\/produkt\/stra-gress-gronn\/","og_site_name":"X Meeting Point","article_modified_time":"2026-01-05T10:23:17+00:00","og_image":[{"width":806,"height":1174,"url":"https:\/\/www.nettbutikk-tmu.no\/xmeetingpoint\/wp-content\/uploads\/sites\/2\/2024\/01\/Stra-Gress-120cm-e1706191637591.jpg","type":"image\/jpeg"}],"twitter_card":"summary_large_image","schema":{"@context":"https:\/\/schema.org","@graph":[{"@type":"WebPage","@id":"https:\/\/www.nettbutikk-tmu.no\/xmeetingpoint\/produkt\/stra-gress-gronn\/","url":"https:\/\/www.nettbutikk-tmu.no\/xmeetingpoint\/produkt\/stra-gress-gronn\/","name":"Str\u00e5 - Gress, Gr\u00f8nn - X Meeting Point","isPartOf":{"@id":"https:\/\/www.nettbutikk-tmu.no\/xmeetingpoint\/#website"},"primaryImageOfPage":{"@id":"https:\/\/www.nettbutikk-tmu.no\/xmeetingpoint\/produkt\/stra-gress-gronn\/#primaryimage"},"image":{"@id":"https:\/\/www.nettbutikk-tmu.no\/xmeetingpoint\/produkt\/stra-gress-gronn\/#primaryimage"},"thumbnailUrl":"https:\/\/www.nettbutikk-tmu.no\/xmeetingpoint\/wp-content\/uploads\/sites\/2\/2024\/01\/Stra-Gress-120cm-e1706191637591.jpg","datePublished":"2024-11-29T08:10:25+00:00","dateModified":"2026-01-05T10:23:17+00:00","breadcrumb":{"@id":"https:\/\/www.nettbutikk-tmu.no\/xmeetingpoint\/produkt\/stra-gress-gronn\/#breadcrumb"},"inLanguage":"nb-NO","potentialAction":[{"@type":"ReadAction","target":["https:\/\/www.nettbutikk-tmu.no\/xmeetingpoint\/produkt\/stra-gress-gronn\/"]}]},{"@type":"ImageObject","inLanguage":"nb-NO","@id":"https:\/\/www.nettbutikk-tmu.no\/xmeetingpoint\/produkt\/stra-gress-gronn\/#primaryimage","url":"https:\/\/www.nettbutikk-tmu.no\/xmeetingpoint\/wp-content\/uploads\/sites\/2\/2024\/01\/Stra-Gress-120cm-e1706191637591.jpg","contentUrl":"https:\/\/www.nettbutikk-tmu.no\/xmeetingpoint\/wp-content\/uploads\/sites\/2\/2024\/01\/Stra-Gress-120cm-e1706191637591.jpg","width":806,"height":1174},{"@type":"BreadcrumbList","@id":"https:\/\/www.nettbutikk-tmu.no\/xmeetingpoint\/produkt\/stra-gress-gronn\/#breadcrumb","itemListElement":[{"@type":"ListItem","position":1,"name":"Hjem","item":"https:\/\/www.nettbutikk-tmu.no\/xmeetingpoint\/"},{"@type":"ListItem","position":2,"name":"Butikk","item":"https:\/\/www.nettbutikk-tmu.no\/xmeetingpoint\/"},{"@type":"ListItem","position":3,"name":"Str\u00e5 &#8211; Gress, Gr\u00f8nn"}]},{"@type":"WebSite","@id":"https:\/\/www.nettbutikk-tmu.no\/xmeetingpoint\/#website","url":"https:\/\/www.nettbutikk-tmu.no\/xmeetingpoint\/","name":"X Meeting Point","description":"","publisher":{"@id":"https:\/\/www.nettbutikk-tmu.no\/xmeetingpoint\/#organization"},"potentialAction":[{"@type":"SearchAction","target":{"@type":"EntryPoint","urlTemplate":"https:\/\/www.nettbutikk-tmu.no\/xmeetingpoint\/?s={search_term_string}"},"query-input":{"@type":"PropertyValueSpecification","valueRequired":true,"valueName":"search_term_string"}}],"inLanguage":"nb-NO"},{"@type":"Organization","@id":"https:\/\/www.nettbutikk-tmu.no\/xmeetingpoint\/#organization","name":"X Meeting Point","url":"https:\/\/www.nettbutikk-tmu.no\/xmeetingpoint\/","logo":{"@type":"ImageObject","inLanguage":"nb-NO","@id":"https:\/\/www.nettbutikk-tmu.no\/xmeetingpoint\/#\/schema\/logo\/image\/","url":"https:\/\/www.nettbutikk-tmu.no\/xmeetingpoint\/wp-content\/uploads\/sites\/2\/2019\/03\/cropped-x-meeting-point-norway.png","contentUrl":"https:\/\/www.nettbutikk-tmu.no\/xmeetingpoint\/wp-content\/uploads\/sites\/2\/2019\/03\/cropped-x-meeting-point-norway.png","width":1705,"height":546,"caption":"X Meeting Point"},"image":{"@id":"https:\/\/www.nettbutikk-tmu.no\/xmeetingpoint\/#\/schema\/logo\/image\/"}}]}},"lang":"nb","translations":{"nb":5337,"en":5338},"pll_sync_post":[],"_links":{"self":[{"href":"https:\/\/www.nettbutikk-tmu.no\/xmeetingpoint\/wp-json\/wp\/v2\/product\/5337","targetHints":{"allow":["GET"]}}],"collection":[{"href":"https:\/\/www.nettbutikk-tmu.no\/xmeetingpoint\/wp-json\/wp\/v2\/product"}],"about":[{"href":"https:\/\/www.nettbutikk-tmu.no\/xmeetingpoint\/wp-json\/wp\/v2\/types\/product"}],"wp:featuredmedia":[{"embeddable":true,"href":"https:\/\/www.nettbutikk-tmu.no\/xmeetingpoint\/wp-json\/wp\/v2\/media\/5336"}],"wp:attachment":[{"href":"https:\/\/www.nettbutikk-tmu.no\/xmeetingpoint\/wp-json\/wp\/v2\/media?parent=5337"}],"wp:term":[{"taxonomy":"product_brand","embeddable":true,"href":"https:\/\/www.nettbutikk-tmu.no\/xmeetingpoint\/wp-json\/wp\/v2\/product_brand?post=5337"},{"taxonomy":"product_cat","embeddable":true,"href":"https:\/\/www.nettbutikk-tmu.no\/xmeetingpoint\/wp-json\/wp\/v2\/product_cat?post=5337"},{"taxonomy":"product_tag","embeddable":true,"href":"https:\/\/www.nettbutikk-tmu.no\/xmeetingpoint\/wp-json\/wp\/v2\/product_tag?post=5337"}],"curies":[{"name":"wp","href":"https:\/\/api.w.org\/{rel}","templated":true}]}}